{"id":1329,"date":"2026-02-16T15:44:44","date_gmt":"2026-02-16T12:44:44","guid":{"rendered":"https:\/\/brothersjewellery.com\/?post_type=product&#038;p=1329"},"modified":"2026-04-01T01:23:23","modified_gmt":"2026-03-31T22:23:23","slug":"49-monolit-square","status":"publish","type":"product","link":"https:\/\/brothersjewellery.com\/en\/product\/49-monolit-square\/","title":{"rendered":"49- Monolit Square"},"content":{"rendered":"","protected":false},"excerpt":{"rendered":"<p>Monolit Square, blok formu ve ham y\u00fczey dokusuyla g\u00fcc\u00fcn\u00fc geometriden alan el yap\u0131m\u0131 bir g\u00fcm\u00fc\u015f y\u00fcz\u00fckt\u00fcr. Kare \u00fcst y\u00fczeyi, keskin hatlar\u0131 ve oksitli y\u00fczeyiyle sert, mimari ve zamans\u0131z bir karakter sunar.<\/p>\n<p>Y\u00fcz\u00fc\u011f\u00fcn y\u00fczeyinde yer alan krater dokular, do\u011fal \u00e7atlak izleri ve koyu oksit tonlar\u0131 bilin\u00e7li olarak korunmu\u015ftur. Parlat\u0131lm\u0131\u015f ve kusursuz bir g\u00f6r\u00fcn\u00fcm yerine, metalin ham h\u00e2li ve zamanla olu\u015fmu\u015f izleri \u00f6n plandad\u0131r. Bu yakla\u015f\u0131m y\u00fcz\u00fc\u011fe a\u011f\u0131r, g\u00fc\u00e7l\u00fc ve \u00f6zg\u00fcn bir ifade kazand\u0131r\u0131r.<\/p>","protected":false},"featured_media":1330,"comment_status":"open","ping_status":"closed","template":"","meta":[],"product_brand":[],"product_cat":[77,54],"product_tag":[],"class_list":{"0":"post-1329","1":"product","2":"type-product","3":"status-publish","4":"has-post-thumbnail","6":"product_cat-antik-ilkel-tasarim-koleksiyonu","7":"product_cat-yuzuk","9":"first","10":"instock","11":"shipping-taxable","12":"purchasable","13":"product-type-variable"},"_links":{"self":[{"href":"https:\/\/brothersjewellery.com\/en\/wp-json\/wp\/v2\/product\/1329","targetHints":{"allow":["GET"]}}],"collection":[{"href":"https:\/\/brothersjewellery.com\/en\/wp-json\/wp\/v2\/product"}],"about":[{"href":"https:\/\/brothersjewellery.com\/en\/wp-json\/wp\/v2\/types\/product"}],"replies":[{"embeddable":true,"href":"https:\/\/brothersjewellery.com\/en\/wp-json\/wp\/v2\/comments?post=1329"}],"wp:featuredmedia":[{"embeddable":true,"href":"https:\/\/brothersjewellery.com\/en\/wp-json\/wp\/v2\/media\/1330"}],"wp:attachment":[{"href":"https:\/\/brothersjewellery.com\/en\/wp-json\/wp\/v2\/media?parent=1329"}],"wp:term":[{"taxonomy":"product_brand","embeddable":true,"href":"https:\/\/brothersjewellery.com\/en\/wp-json\/wp\/v2\/product_brand?post=1329"},{"taxonomy":"product_cat","embeddable":true,"href":"https:\/\/brothersjewellery.com\/en\/wp-json\/wp\/v2\/product_cat?post=1329"},{"taxonomy":"product_tag","embeddable":true,"href":"https:\/\/brothersjewellery.com\/en\/wp-json\/wp\/v2\/product_tag?post=1329"}],"curies":[{"name":"wp","href":"https:\/\/api.w.org\/{rel}","templated":true}]}}