{"id":1333,"date":"2026-02-16T15:45:35","date_gmt":"2026-02-16T12:45:35","guid":{"rendered":"https:\/\/brothersjewellery.com\/?post_type=product&#038;p=1333"},"modified":"2026-04-01T01:23:14","modified_gmt":"2026-03-31T22:23:14","slug":"50-erosion","status":"publish","type":"product","link":"https:\/\/brothersjewellery.com\/en\/product\/50-erosion\/","title":{"rendered":"50- Erosion"},"content":{"rendered":"","protected":false},"excerpt":{"rendered":"<p>Erozyon, metalin zamanla ge\u00e7irdi\u011fi d\u00f6n\u00fc\u015f\u00fcmden ilham alan el yap\u0131m\u0131 bir g\u00fcm\u00fc\u015f y\u00fcz\u00fckt\u00fcr. Y\u00fczeyindeki a\u015f\u0131nma izleri, ak\u0131\u015fkan dokular ve oksitli detaylar tasar\u0131m\u0131n temel karakterini olu\u015fturur.<\/p>\n<p>Y\u00fcz\u00fc\u011f\u00fcn \u00fcst y\u00fczeyi sade b\u0131rak\u0131l\u0131rken, \u00e7evresindeki ham ve dokulu yap\u0131 metale derinlik kazand\u0131r\u0131r. Parlat\u0131lm\u0131\u015f kusursuzluk yerine, metalin do\u011fal h\u00e2li ve ya\u015fanm\u0131\u015fl\u0131k hissi \u00f6n plandad\u0131r. Her iz ve doku, y\u00fcz\u00fc\u011f\u00fcn karakterinin bir par\u00e7as\u0131d\u0131r.<\/p>","protected":false},"featured_media":1334,"comment_status":"open","ping_status":"closed","template":"","meta":[],"product_brand":[],"product_cat":[77,54],"product_tag":[],"class_list":{"0":"post-1333","1":"product","2":"type-product","3":"status-publish","4":"has-post-thumbnail","6":"product_cat-antik-ilkel-tasarim-koleksiyonu","7":"product_cat-yuzuk","9":"first","10":"instock","11":"shipping-taxable","12":"purchasable","13":"product-type-variable"},"_links":{"self":[{"href":"https:\/\/brothersjewellery.com\/en\/wp-json\/wp\/v2\/product\/1333","targetHints":{"allow":["GET"]}}],"collection":[{"href":"https:\/\/brothersjewellery.com\/en\/wp-json\/wp\/v2\/product"}],"about":[{"href":"https:\/\/brothersjewellery.com\/en\/wp-json\/wp\/v2\/types\/product"}],"replies":[{"embeddable":true,"href":"https:\/\/brothersjewellery.com\/en\/wp-json\/wp\/v2\/comments?post=1333"}],"wp:featuredmedia":[{"embeddable":true,"href":"https:\/\/brothersjewellery.com\/en\/wp-json\/wp\/v2\/media\/1334"}],"wp:attachment":[{"href":"https:\/\/brothersjewellery.com\/en\/wp-json\/wp\/v2\/media?parent=1333"}],"wp:term":[{"taxonomy":"product_brand","embeddable":true,"href":"https:\/\/brothersjewellery.com\/en\/wp-json\/wp\/v2\/product_brand?post=1333"},{"taxonomy":"product_cat","embeddable":true,"href":"https:\/\/brothersjewellery.com\/en\/wp-json\/wp\/v2\/product_cat?post=1333"},{"taxonomy":"product_tag","embeddable":true,"href":"https:\/\/brothersjewellery.com\/en\/wp-json\/wp\/v2\/product_tag?post=1333"}],"curies":[{"name":"wp","href":"https:\/\/api.w.org\/{rel}","templated":true}]}}