{"id":1337,"date":"2026-02-16T15:46:25","date_gmt":"2026-02-16T12:46:25","guid":{"rendered":"https:\/\/brothersjewellery.com\/?post_type=product&#038;p=1337"},"modified":"2026-04-01T01:23:13","modified_gmt":"2026-03-31T22:23:13","slug":"51-trace","status":"publish","type":"product","link":"https:\/\/brothersjewellery.com\/en\/product\/51-trace\/","title":{"rendered":"51- Trace"},"content":{"rendered":"","protected":false},"excerpt":{"rendered":"<p>Trace, metalin zamanla kazand\u0131\u011f\u0131 karakterden ilham alan el yap\u0131m\u0131 bir g\u00fcm\u00fc\u015f y\u00fcz\u00fckt\u00fcr. Y\u00fczeyindeki dokular, a\u015f\u0131nma izleri ve oksitli detaylar tasar\u0131m\u0131n temel dilini olu\u015fturur.<\/p>\n<p>Parlat\u0131lm\u0131\u015f ve kusursuz bir g\u00f6r\u00fcn\u00fcm yerine, metalin do\u011fal h\u00e2li ve ya\u015fanm\u0131\u015fl\u0131k hissi \u00f6n plandad\u0131r. \u00dcst y\u00fczeydeki sade alan, \u00e7evresindeki ham ve dokulu yap\u0131 ile dengelenerek g\u00fc\u00e7l\u00fc ama abart\u0131s\u0131z bir duru\u015f sunar.<\/p>","protected":false},"featured_media":1338,"comment_status":"open","ping_status":"closed","template":"","meta":[],"product_brand":[],"product_cat":[77,54],"product_tag":[],"class_list":{"0":"post-1337","1":"product","2":"type-product","3":"status-publish","4":"has-post-thumbnail","6":"product_cat-antik-ilkel-tasarim-koleksiyonu","7":"product_cat-yuzuk","9":"first","10":"instock","11":"shipping-taxable","12":"purchasable","13":"product-type-variable"},"_links":{"self":[{"href":"https:\/\/brothersjewellery.com\/en\/wp-json\/wp\/v2\/product\/1337","targetHints":{"allow":["GET"]}}],"collection":[{"href":"https:\/\/brothersjewellery.com\/en\/wp-json\/wp\/v2\/product"}],"about":[{"href":"https:\/\/brothersjewellery.com\/en\/wp-json\/wp\/v2\/types\/product"}],"replies":[{"embeddable":true,"href":"https:\/\/brothersjewellery.com\/en\/wp-json\/wp\/v2\/comments?post=1337"}],"wp:featuredmedia":[{"embeddable":true,"href":"https:\/\/brothersjewellery.com\/en\/wp-json\/wp\/v2\/media\/1338"}],"wp:attachment":[{"href":"https:\/\/brothersjewellery.com\/en\/wp-json\/wp\/v2\/media?parent=1337"}],"wp:term":[{"taxonomy":"product_brand","embeddable":true,"href":"https:\/\/brothersjewellery.com\/en\/wp-json\/wp\/v2\/product_brand?post=1337"},{"taxonomy":"product_cat","embeddable":true,"href":"https:\/\/brothersjewellery.com\/en\/wp-json\/wp\/v2\/product_cat?post=1337"},{"taxonomy":"product_tag","embeddable":true,"href":"https:\/\/brothersjewellery.com\/en\/wp-json\/wp\/v2\/product_tag?post=1337"}],"curies":[{"name":"wp","href":"https:\/\/api.w.org\/{rel}","templated":true}]}}