{"id":1341,"date":"2026-02-16T15:47:12","date_gmt":"2026-02-16T12:47:12","guid":{"rendered":"https:\/\/brothersjewellery.com\/?post_type=product&#038;p=1341"},"modified":"2026-04-01T01:23:04","modified_gmt":"2026-03-31T22:23:04","slug":"52-rectengular-trace","status":"publish","type":"product","link":"https:\/\/brothersjewellery.com\/en\/product\/52-rectengular-trace\/","title":{"rendered":"52- Rectengular Trace"},"content":{"rendered":"","protected":false},"excerpt":{"rendered":"<p>Bu y\u00fcz\u00fck, The Brothers Jewellery taraf\u0131ndan haz\u0131rlanan Trace Serisi\u2019nin bir par\u00e7as\u0131d\u0131r. Seri, ham y\u00fczey dokusu ve rustik g\u00f6r\u00fcn\u00fcm\u00fcyle el i\u015f\u00e7ili\u011finin izlerini a\u00e7\u0131k\u00e7a ta\u015f\u0131r. Y\u00fczeydeki bilin\u00e7li d\u00fczensizlikler ve dokular, g\u00fcm\u00fc\u015f\u00fcn do\u011fal karakterini ve \u00fcretim s\u00fcrecinin izlerini yans\u0131t\u0131r.<\/p>\n<p>Tamam\u0131 el yap\u0131m\u0131 olarak \u00fcretilen bu par\u00e7a, 925 ayar g\u00fcm\u00fc\u015ften yap\u0131lm\u0131\u015ft\u0131r. Oksitli y\u00fczey uygulamas\u0131, dokular\u0131 daha belirgin hale getirerek derinlikli ve zamans\u0131z bir ifade kazand\u0131r\u0131r. Seri \u00fcretim anlay\u0131\u015f\u0131ndan uzak olan bu tasar\u0131mda, her y\u00fcz\u00fck kendine \u00f6zg\u00fcd\u00fcr.<\/p>\n<p>Trace Serisi, kusursuzluk yerine karakteri, p\u00fcr\u00fczs\u00fczl\u00fck yerine ger\u00e7ekli\u011fi tercih edenler i\u00e7in tasarlanm\u0131\u015ft\u0131r.<\/p>","protected":false},"featured_media":1342,"comment_status":"open","ping_status":"closed","template":"","meta":[],"product_brand":[],"product_cat":[77,54],"product_tag":[],"class_list":{"0":"post-1341","1":"product","2":"type-product","3":"status-publish","4":"has-post-thumbnail","6":"product_cat-antik-ilkel-tasarim-koleksiyonu","7":"product_cat-yuzuk","9":"first","10":"instock","11":"shipping-taxable","12":"purchasable","13":"product-type-variable"},"_links":{"self":[{"href":"https:\/\/brothersjewellery.com\/en\/wp-json\/wp\/v2\/product\/1341","targetHints":{"allow":["GET"]}}],"collection":[{"href":"https:\/\/brothersjewellery.com\/en\/wp-json\/wp\/v2\/product"}],"about":[{"href":"https:\/\/brothersjewellery.com\/en\/wp-json\/wp\/v2\/types\/product"}],"replies":[{"embeddable":true,"href":"https:\/\/brothersjewellery.com\/en\/wp-json\/wp\/v2\/comments?post=1341"}],"wp:featuredmedia":[{"embeddable":true,"href":"https:\/\/brothersjewellery.com\/en\/wp-json\/wp\/v2\/media\/1342"}],"wp:attachment":[{"href":"https:\/\/brothersjewellery.com\/en\/wp-json\/wp\/v2\/media?parent=1341"}],"wp:term":[{"taxonomy":"product_brand","embeddable":true,"href":"https:\/\/brothersjewellery.com\/en\/wp-json\/wp\/v2\/product_brand?post=1341"},{"taxonomy":"product_cat","embeddable":true,"href":"https:\/\/brothersjewellery.com\/en\/wp-json\/wp\/v2\/product_cat?post=1341"},{"taxonomy":"product_tag","embeddable":true,"href":"https:\/\/brothersjewellery.com\/en\/wp-json\/wp\/v2\/product_tag?post=1341"}],"curies":[{"name":"wp","href":"https:\/\/api.w.org\/{rel}","templated":true}]}}