{"id":1346,"date":"2026-02-16T15:48:03","date_gmt":"2026-02-16T12:48:03","guid":{"rendered":"https:\/\/brothersjewellery.com\/?post_type=product&#038;p=1346"},"modified":"2026-04-01T01:23:03","modified_gmt":"2026-03-31T22:23:03","slug":"53-trace-dots","status":"publish","type":"product","link":"https:\/\/brothersjewellery.com\/en\/product\/53-trace-dots\/","title":{"rendered":"53- Trace Dots"},"content":{"rendered":"","protected":false},"excerpt":{"rendered":"<p>Bu y\u00fcz\u00fck, The Brothers Jewellery taraf\u0131ndan haz\u0131rlanan Trace Serisi\u2019nin bir par\u00e7as\u0131d\u0131r. Seri, el i\u015f\u00e7ili\u011finin do\u011fal izlerini ta\u015f\u0131yan y\u00fczey dokusu ve rustik karakteriyle \u00f6ne \u00e7\u0131kar. Bilin\u00e7li olarak b\u0131rak\u0131lan \u00e7izgiler, \u00e7ukurlar ve noktalar; \u00fcretim s\u00fcrecinin izlerini saklamadan yans\u0131t\u0131r.<\/p>\n<p>Tamam\u0131 925 ayar g\u00fcm\u00fc\u015ften, el i\u015f\u00e7ili\u011fiyle \u00fcretilmi\u015ftir. Oksitli y\u00fczey uygulamas\u0131 sayesinde dokular daha belirgin hale gelir ve y\u00fcz\u00fc\u011fe zamans\u0131z, g\u00fc\u00e7l\u00fc bir ifade kazand\u0131r\u0131r. Seri \u00fcretim anlay\u0131\u015f\u0131ndan uzak olan bu tasar\u0131mda her par\u00e7a kendine \u00f6zg\u00fcd\u00fcr; birebir ayn\u0131s\u0131 yoktur.<\/p>\n<p>Trace Serisi, kusursuzlu\u011fu de\u011fil karakteri, p\u00fcr\u00fczs\u00fczl\u00fc\u011f\u00fc de\u011fil ger\u00e7ekli\u011fi tercih edenler i\u00e7in tasarlanm\u0131\u015ft\u0131r.<\/p>","protected":false},"featured_media":1347,"comment_status":"open","ping_status":"closed","template":"","meta":[],"product_brand":[],"product_cat":[77,54],"product_tag":[],"class_list":{"0":"post-1346","1":"product","2":"type-product","3":"status-publish","4":"has-post-thumbnail","6":"product_cat-antik-ilkel-tasarim-koleksiyonu","7":"product_cat-yuzuk","9":"first","10":"instock","11":"shipping-taxable","12":"purchasable","13":"product-type-variable"},"_links":{"self":[{"href":"https:\/\/brothersjewellery.com\/en\/wp-json\/wp\/v2\/product\/1346","targetHints":{"allow":["GET"]}}],"collection":[{"href":"https:\/\/brothersjewellery.com\/en\/wp-json\/wp\/v2\/product"}],"about":[{"href":"https:\/\/brothersjewellery.com\/en\/wp-json\/wp\/v2\/types\/product"}],"replies":[{"embeddable":true,"href":"https:\/\/brothersjewellery.com\/en\/wp-json\/wp\/v2\/comments?post=1346"}],"wp:featuredmedia":[{"embeddable":true,"href":"https:\/\/brothersjewellery.com\/en\/wp-json\/wp\/v2\/media\/1347"}],"wp:attachment":[{"href":"https:\/\/brothersjewellery.com\/en\/wp-json\/wp\/v2\/media?parent=1346"}],"wp:term":[{"taxonomy":"product_brand","embeddable":true,"href":"https:\/\/brothersjewellery.com\/en\/wp-json\/wp\/v2\/product_brand?post=1346"},{"taxonomy":"product_cat","embeddable":true,"href":"https:\/\/brothersjewellery.com\/en\/wp-json\/wp\/v2\/product_cat?post=1346"},{"taxonomy":"product_tag","embeddable":true,"href":"https:\/\/brothersjewellery.com\/en\/wp-json\/wp\/v2\/product_tag?post=1346"}],"curies":[{"name":"wp","href":"https:\/\/api.w.org\/{rel}","templated":true}]}}