{"id":1351,"date":"2026-02-16T15:49:00","date_gmt":"2026-02-16T12:49:00","guid":{"rendered":"https:\/\/brothersjewellery.com\/?post_type=product&#038;p=1351"},"modified":"2026-04-01T01:22:53","modified_gmt":"2026-03-31T22:22:53","slug":"54-liberty-eagle","status":"publish","type":"product","link":"https:\/\/brothersjewellery.com\/en\/product\/54-liberty-eagle\/","title":{"rendered":"54- Liberty Eagle"},"content":{"rendered":"","protected":false},"excerpt":{"rendered":"<p>Bu y\u00fcz\u00fck, The Brothers Jewellery taraf\u0131ndan el i\u015f\u00e7ili\u011fiyle \u00fcretilmi\u015ftir. Tasar\u0131m\u0131nda, Amerikan k\u00fclt\u00fcr\u00fcnde g\u00fcc\u00fc, ba\u011f\u0131ms\u0131zl\u0131\u011f\u0131 ve otoriteyi simgeleyen kartal fig\u00fcr\u00fc yer al\u0131r. Klasik sembol dili, rustik y\u00fczey dokusuyla modern ve zamans\u0131z bir karakter kazan\u0131r.<\/p>\n<p>Tamam\u0131 925 ayar g\u00fcm\u00fc\u015ften \u00fcretilen y\u00fcz\u00fck, oksitli y\u00fczey uygulamas\u0131yla detaylar\u0131n\u0131 daha belirgin hale getirir. El i\u015f\u00e7ili\u011fi sayesinde her par\u00e7a kendine \u00f6zg\u00fcd\u00fcr; y\u00fczey dokular\u0131 ve ton farkl\u0131l\u0131klar\u0131 do\u011fal \u00fcretim s\u00fcrecinin bir par\u00e7as\u0131d\u0131r.<\/p>","protected":false},"featured_media":1352,"comment_status":"open","ping_status":"closed","template":"","meta":[],"product_brand":[],"product_cat":[73,54],"product_tag":[],"class_list":{"0":"post-1351","1":"product","2":"type-product","3":"status-publish","4":"has-post-thumbnail","6":"product_cat-signet-koleksiyonu","7":"product_cat-yuzuk","9":"first","10":"instock","11":"shipping-taxable","12":"purchasable","13":"product-type-variable"},"_links":{"self":[{"href":"https:\/\/brothersjewellery.com\/en\/wp-json\/wp\/v2\/product\/1351","targetHints":{"allow":["GET"]}}],"collection":[{"href":"https:\/\/brothersjewellery.com\/en\/wp-json\/wp\/v2\/product"}],"about":[{"href":"https:\/\/brothersjewellery.com\/en\/wp-json\/wp\/v2\/types\/product"}],"replies":[{"embeddable":true,"href":"https:\/\/brothersjewellery.com\/en\/wp-json\/wp\/v2\/comments?post=1351"}],"wp:featuredmedia":[{"embeddable":true,"href":"https:\/\/brothersjewellery.com\/en\/wp-json\/wp\/v2\/media\/1352"}],"wp:attachment":[{"href":"https:\/\/brothersjewellery.com\/en\/wp-json\/wp\/v2\/media?parent=1351"}],"wp:term":[{"taxonomy":"product_brand","embeddable":true,"href":"https:\/\/brothersjewellery.com\/en\/wp-json\/wp\/v2\/product_brand?post=1351"},{"taxonomy":"product_cat","embeddable":true,"href":"https:\/\/brothersjewellery.com\/en\/wp-json\/wp\/v2\/product_cat?post=1351"},{"taxonomy":"product_tag","embeddable":true,"href":"https:\/\/brothersjewellery.com\/en\/wp-json\/wp\/v2\/product_tag?post=1351"}],"curies":[{"name":"wp","href":"https:\/\/api.w.org\/{rel}","templated":true}]}}