{"id":1356,"date":"2026-02-16T15:50:02","date_gmt":"2026-02-16T12:50:02","guid":{"rendered":"https:\/\/brothersjewellery.com\/?post_type=product&#038;p=1356"},"modified":"2026-04-01T01:22:53","modified_gmt":"2026-03-31T22:22:53","slug":"55-king-of","status":"publish","type":"product","link":"https:\/\/brothersjewellery.com\/en\/product\/55-king-of\/","title":{"rendered":"55- King of"},"content":{"rendered":"","protected":false},"excerpt":{"rendered":"<p>The Brothers Jewellery taraf\u0131ndan el i\u015f\u00e7ili\u011fiyle \u00fcretilen bu \u00f6zel y\u00fcz\u00fck, B\u00fcy\u00fck \u0130skender\u2019in (Alexander the Great) Helenistik d\u00f6neme \u00f6zg\u00fc portrelerinden ilham al\u0131narak yeniden tasarlanm\u0131\u015ft\u0131r. G\u00fc\u00e7, liderlik ve fetih ruhunu temsil eden bu fig\u00fcr, y\u00fcz\u00fc\u011fe zamans\u0131z ve karakterli bir duru\u015f kazand\u0131r\u0131r.<\/p>\n<p>925 ayar g\u00fcm\u00fc\u015ften \u00fcretilen y\u00fcz\u00fckte oksitli ve bilin\u00e7li olarak ham b\u0131rak\u0131lm\u0131\u015f bir y\u00fczey tercih edilmi\u015ftir.<\/p>","protected":false},"featured_media":1357,"comment_status":"open","ping_status":"closed","template":"","meta":[],"product_brand":[],"product_cat":[77,54],"product_tag":[],"class_list":{"0":"post-1356","1":"product","2":"type-product","3":"status-publish","4":"has-post-thumbnail","6":"product_cat-antik-ilkel-tasarim-koleksiyonu","7":"product_cat-yuzuk","9":"first","10":"instock","11":"shipping-taxable","12":"purchasable","13":"product-type-variable"},"_links":{"self":[{"href":"https:\/\/brothersjewellery.com\/en\/wp-json\/wp\/v2\/product\/1356","targetHints":{"allow":["GET"]}}],"collection":[{"href":"https:\/\/brothersjewellery.com\/en\/wp-json\/wp\/v2\/product"}],"about":[{"href":"https:\/\/brothersjewellery.com\/en\/wp-json\/wp\/v2\/types\/product"}],"replies":[{"embeddable":true,"href":"https:\/\/brothersjewellery.com\/en\/wp-json\/wp\/v2\/comments?post=1356"}],"wp:featuredmedia":[{"embeddable":true,"href":"https:\/\/brothersjewellery.com\/en\/wp-json\/wp\/v2\/media\/1357"}],"wp:attachment":[{"href":"https:\/\/brothersjewellery.com\/en\/wp-json\/wp\/v2\/media?parent=1356"}],"wp:term":[{"taxonomy":"product_brand","embeddable":true,"href":"https:\/\/brothersjewellery.com\/en\/wp-json\/wp\/v2\/product_brand?post=1356"},{"taxonomy":"product_cat","embeddable":true,"href":"https:\/\/brothersjewellery.com\/en\/wp-json\/wp\/v2\/product_cat?post=1356"},{"taxonomy":"product_tag","embeddable":true,"href":"https:\/\/brothersjewellery.com\/en\/wp-json\/wp\/v2\/product_tag?post=1356"}],"curies":[{"name":"wp","href":"https:\/\/api.w.org\/{rel}","templated":true}]}}