{"id":1360,"date":"2026-02-16T15:51:01","date_gmt":"2026-02-16T12:51:01","guid":{"rendered":"https:\/\/brothersjewellery.com\/?post_type=product&#038;p=1360"},"modified":"2026-04-01T01:22:42","modified_gmt":"2026-03-31T22:22:42","slug":"56-hexagone","status":"publish","type":"product","link":"https:\/\/brothersjewellery.com\/en\/product\/56-hexagone\/","title":{"rendered":"56- Hexagone"},"content":{"rendered":"","protected":false},"excerpt":{"rendered":"<p>The Brothers Jewellery imzas\u0131 ta\u015f\u0131yan bu el yap\u0131m\u0131 y\u00fcz\u00fck, sade geometrik formu ve ham y\u00fczey dokusuyla zamans\u0131z bir karakter sunar. \u00dcst y\u00fczeydeki alt\u0131gen form, g\u00fc\u00e7, denge ve kal\u0131c\u0131l\u0131\u011f\u0131 temsil ederken; bilin\u00e7li olarak p\u00fcr\u00fczl\u00fc b\u0131rak\u0131lan g\u00fcm\u00fc\u015f y\u00fczey, tasar\u0131ma do\u011fal ve rustik bir kimlik kazand\u0131r\u0131r.<\/p>\n<p>925 ayar g\u00fcm\u00fc\u015ften \u00fcretilen y\u00fcz\u00fckte oksit uygulamas\u0131 kullan\u0131lm\u0131\u015ft\u0131r. Bu sayede metalin do\u011fal ya\u015fanm\u0131\u015fl\u0131k hissi korunur ve her par\u00e7a kendine \u00f6zg\u00fc bir g\u00f6r\u00fcn\u00fcm ta\u015f\u0131r. Minimal ama g\u00fc\u00e7l\u00fc duru\u015fu sayesinde hem g\u00fcnl\u00fck kullan\u0131mda hem de \u00f6zel kombinlerde rahatl\u0131kla tercih edilebilir.<\/p>","protected":false},"featured_media":1361,"comment_status":"open","ping_status":"closed","template":"","meta":[],"product_brand":[],"product_cat":[77,54],"product_tag":[],"class_list":{"0":"post-1360","1":"product","2":"type-product","3":"status-publish","4":"has-post-thumbnail","6":"product_cat-antik-ilkel-tasarim-koleksiyonu","7":"product_cat-yuzuk","9":"first","10":"instock","11":"shipping-taxable","12":"purchasable","13":"product-type-variable"},"_links":{"self":[{"href":"https:\/\/brothersjewellery.com\/en\/wp-json\/wp\/v2\/product\/1360","targetHints":{"allow":["GET"]}}],"collection":[{"href":"https:\/\/brothersjewellery.com\/en\/wp-json\/wp\/v2\/product"}],"about":[{"href":"https:\/\/brothersjewellery.com\/en\/wp-json\/wp\/v2\/types\/product"}],"replies":[{"embeddable":true,"href":"https:\/\/brothersjewellery.com\/en\/wp-json\/wp\/v2\/comments?post=1360"}],"wp:featuredmedia":[{"embeddable":true,"href":"https:\/\/brothersjewellery.com\/en\/wp-json\/wp\/v2\/media\/1361"}],"wp:attachment":[{"href":"https:\/\/brothersjewellery.com\/en\/wp-json\/wp\/v2\/media?parent=1360"}],"wp:term":[{"taxonomy":"product_brand","embeddable":true,"href":"https:\/\/brothersjewellery.com\/en\/wp-json\/wp\/v2\/product_brand?post=1360"},{"taxonomy":"product_cat","embeddable":true,"href":"https:\/\/brothersjewellery.com\/en\/wp-json\/wp\/v2\/product_cat?post=1360"},{"taxonomy":"product_tag","embeddable":true,"href":"https:\/\/brothersjewellery.com\/en\/wp-json\/wp\/v2\/product_tag?post=1360"}],"curies":[{"name":"wp","href":"https:\/\/api.w.org\/{rel}","templated":true}]}}