{"id":1364,"date":"2026-02-16T15:51:51","date_gmt":"2026-02-16T12:51:51","guid":{"rendered":"https:\/\/brothersjewellery.com\/?post_type=product&#038;p=1364"},"modified":"2026-04-01T01:22:42","modified_gmt":"2026-03-31T22:22:42","slug":"57-ancient-echo","status":"publish","type":"product","link":"https:\/\/brothersjewellery.com\/en\/product\/57-ancient-echo\/","title":{"rendered":"57- Ancient Echo"},"content":{"rendered":"","protected":false},"excerpt":{"rendered":"<p>The Brothers Jewellery taraf\u0131ndan el i\u015f\u00e7ili\u011fiyle \u00fcretilen bu y\u00fcz\u00fck, antik d\u00fcnyan\u0131n sembolik esteti\u011finden ilham alan g\u00fc\u00e7l\u00fc bir tasar\u0131md\u0131r. Oval form \u00fczerindeki i\u015faretler ve y\u00fczey dokusu, ge\u00e7mi\u015fin gizemli anlat\u0131lar\u0131n\u0131 \u00e7a\u011fr\u0131\u015ft\u0131ran bir karakter sunar.<\/p>\n<p>925 ayar g\u00fcm\u00fc\u015ften \u00fcretilmi\u015f olan y\u00fcz\u00fckte oksit uygulamas\u0131 kullan\u0131lm\u0131\u015ft\u0131r. Bu sayede metal, zamanla ya\u015fanm\u0131\u015fl\u0131k hissi kazanm\u0131\u015f gibi do\u011fal ve derin bir g\u00f6r\u00fcn\u00fcme sahiptir. Y\u00fczeydeki p\u00fcr\u00fczler ve izler bilin\u00e7li olarak korunmu\u015f, el i\u015f\u00e7ili\u011finin do\u011fall\u0131\u011f\u0131 \u00f6n plana \u00e7\u0131kar\u0131lm\u0131\u015ft\u0131r.<\/p>\n<p>Bu tasar\u0131m, sade bir aksesuar olman\u0131n \u00f6tesinde; sembollerle, izlerle ve dokularla ki\u015fisel bir anlam arayanlar i\u00e7in haz\u0131rlanm\u0131\u015ft\u0131r. G\u00fcnl\u00fck kullan\u0131mda rahatl\u0131kla tercih edilebilir, g\u00fc\u00e7l\u00fc ve karakterli bir duru\u015f sunar<\/p>\n<p>Not:<\/p>\n<p>Bu \u00fcr\u00fcn, antik d\u00f6nem esteti\u011finden sanatsal olarak ilham al\u0131narak \u00fcretilmi\u015f dekoratif bir tasar\u0131md\u0131r. Herhangi bir tarihsel, arkeolojik veya akademik iddia ta\u015f\u0131maz.<\/p>","protected":false},"featured_media":1365,"comment_status":"open","ping_status":"closed","template":"","meta":[],"product_brand":[],"product_cat":[77,54],"product_tag":[],"class_list":{"0":"post-1364","1":"product","2":"type-product","3":"status-publish","4":"has-post-thumbnail","6":"product_cat-antik-ilkel-tasarim-koleksiyonu","7":"product_cat-yuzuk","9":"first","10":"instock","11":"shipping-taxable","12":"purchasable","13":"product-type-variable"},"_links":{"self":[{"href":"https:\/\/brothersjewellery.com\/en\/wp-json\/wp\/v2\/product\/1364","targetHints":{"allow":["GET"]}}],"collection":[{"href":"https:\/\/brothersjewellery.com\/en\/wp-json\/wp\/v2\/product"}],"about":[{"href":"https:\/\/brothersjewellery.com\/en\/wp-json\/wp\/v2\/types\/product"}],"replies":[{"embeddable":true,"href":"https:\/\/brothersjewellery.com\/en\/wp-json\/wp\/v2\/comments?post=1364"}],"wp:featuredmedia":[{"embeddable":true,"href":"https:\/\/brothersjewellery.com\/en\/wp-json\/wp\/v2\/media\/1365"}],"wp:attachment":[{"href":"https:\/\/brothersjewellery.com\/en\/wp-json\/wp\/v2\/media?parent=1364"}],"wp:term":[{"taxonomy":"product_brand","embeddable":true,"href":"https:\/\/brothersjewellery.com\/en\/wp-json\/wp\/v2\/product_brand?post=1364"},{"taxonomy":"product_cat","embeddable":true,"href":"https:\/\/brothersjewellery.com\/en\/wp-json\/wp\/v2\/product_cat?post=1364"},{"taxonomy":"product_tag","embeddable":true,"href":"https:\/\/brothersjewellery.com\/en\/wp-json\/wp\/v2\/product_tag?post=1364"}],"curies":[{"name":"wp","href":"https:\/\/api.w.org\/{rel}","templated":true}]}}