{"id":1396,"date":"2026-02-20T14:03:00","date_gmt":"2026-02-20T11:03:00","guid":{"rendered":"https:\/\/brothersjewellery.com\/?post_type=product&#038;p=1396"},"modified":"2026-04-01T01:22:32","modified_gmt":"2026-03-31T22:22:32","slug":"58-impreium-cameo","status":"publish","type":"product","link":"https:\/\/brothersjewellery.com\/en\/product\/58-impreium-cameo\/","title":{"rendered":"58- \u0130mpreium Cameo"},"content":{"rendered":"","protected":false},"excerpt":{"rendered":"<p>Zaman\u0131n izini ta\u015f\u0131yan g\u00fc\u00e7l\u00fc bir siluet\u2026<\/p>\n<p>Imperium Cameo, Antik Roma portrelerinden ilham alan, el i\u015f\u00e7ili\u011fiyle \u00fcretilmi\u015f \u00f6zg\u00fcn bir g\u00fcm\u00fc\u015f y\u00fcz\u00fckt\u00fcr. Y\u00fcz\u00fck y\u00fczeyinde yer alan kabartma portre, klasik d\u00f6nem imparatorluk esteti\u011fini \u00e7a\u011fr\u0131\u015ft\u0131r\u0131rken; oksitli detaylar tasar\u0131ma derinlik ve karakter kazand\u0131r\u0131r.<\/p>\n<p>Her bir par\u00e7a, seri \u00fcretimden uzak, bilin\u00e7li olarak antik bir ruh ta\u015f\u0131yacak \u015fekilde i\u015flenmi\u015ftir. Y\u00fcz\u00fc\u011f\u00fcn mat ve do\u011fal dokusu, zamanla de\u011fil bilin\u00e7le olu\u015fturulmu\u015f bir ya\u015fanm\u0131\u015fl\u0131k hissi sunar. Bu y\u00f6n\u00fcyle Imperium Cameo, yaln\u0131zca bir tak\u0131 de\u011fil; ge\u00e7mi\u015fle kurulan sessiz bir ba\u011fd\u0131r<\/p>\n<p>&nbsp;<\/p>","protected":false},"featured_media":1397,"comment_status":"open","ping_status":"closed","template":"","meta":[],"product_brand":[],"product_cat":[77,54],"product_tag":[],"class_list":{"0":"post-1396","1":"product","2":"type-product","3":"status-publish","4":"has-post-thumbnail","6":"product_cat-antik-ilkel-tasarim-koleksiyonu","7":"product_cat-yuzuk","9":"first","10":"instock","11":"shipping-taxable","12":"purchasable","13":"product-type-variable"},"_links":{"self":[{"href":"https:\/\/brothersjewellery.com\/en\/wp-json\/wp\/v2\/product\/1396","targetHints":{"allow":["GET"]}}],"collection":[{"href":"https:\/\/brothersjewellery.com\/en\/wp-json\/wp\/v2\/product"}],"about":[{"href":"https:\/\/brothersjewellery.com\/en\/wp-json\/wp\/v2\/types\/product"}],"replies":[{"embeddable":true,"href":"https:\/\/brothersjewellery.com\/en\/wp-json\/wp\/v2\/comments?post=1396"}],"wp:featuredmedia":[{"embeddable":true,"href":"https:\/\/brothersjewellery.com\/en\/wp-json\/wp\/v2\/media\/1397"}],"wp:attachment":[{"href":"https:\/\/brothersjewellery.com\/en\/wp-json\/wp\/v2\/media?parent=1396"}],"wp:term":[{"taxonomy":"product_brand","embeddable":true,"href":"https:\/\/brothersjewellery.com\/en\/wp-json\/wp\/v2\/product_brand?post=1396"},{"taxonomy":"product_cat","embeddable":true,"href":"https:\/\/brothersjewellery.com\/en\/wp-json\/wp\/v2\/product_cat?post=1396"},{"taxonomy":"product_tag","embeddable":true,"href":"https:\/\/brothersjewellery.com\/en\/wp-json\/wp\/v2\/product_tag?post=1396"}],"curies":[{"name":"wp","href":"https:\/\/api.w.org\/{rel}","templated":true}]}}