{"id":1401,"date":"2026-02-20T14:05:16","date_gmt":"2026-02-20T11:05:16","guid":{"rendered":"https:\/\/brothersjewellery.com\/?post_type=product&#038;p=1401"},"modified":"2026-04-01T01:22:32","modified_gmt":"2026-03-31T22:22:32","slug":"59-sonsuzluk-muhru","status":"publish","type":"product","link":"https:\/\/brothersjewellery.com\/en\/product\/59-sonsuzluk-muhru\/","title":{"rendered":"59- Sonsuzluk M\u00fchr\u00fc"},"content":{"rendered":"","protected":false},"excerpt":{"rendered":"<p>Anadolu\u2019nun ta\u015f haf\u0131zas\u0131ndan s\u00fcz\u00fclen bir sembol\u2026<\/p>\n<p>Sonsuzluk M\u00fchr\u00fc, Sel\u00e7uklu sanat\u0131nda s\u0131k\u00e7a g\u00f6r\u00fclen geometrik denge, d\u00fc\u011f\u00fcm ve s\u00fcreklilik anlay\u0131\u015f\u0131ndan ilham al\u0131narak tasarlanm\u0131\u015f el yap\u0131m\u0131 bir g\u00fcm\u00fc\u015f y\u00fcz\u00fckt\u00fcr.<\/p>\n<p>Y\u00fcz\u00fck y\u00fczeyinde yer alan motif, Sel\u00e7uklu esteti\u011finin temel unsurlar\u0131ndan biri olan sonsuz d\u00f6ng\u00fc ve denge fikrini temsil eder. Keskin olmayan hatlar ve simetrik form, g\u00fcc\u00fc sessizlikle ifade eden bir anlay\u0131\u015f sunar. Oksitli y\u00fczey uygulamas\u0131, motife derinlik kazand\u0131r\u0131rken y\u00fcz\u00fc\u011fe bilin\u00e7li bir ya\u015fanm\u0131\u015fl\u0131k hissi verir.<\/p>\n<p>Bu y\u00fcz\u00fck; g\u00f6steri\u015ften uzak, anlam\u0131 olan tak\u0131lar\u0131 tercih edenler i\u00e7in tasarlanm\u0131\u015ft\u0131r. Zaman\u0131n \u00f6tesinde bir form ta\u015f\u0131d\u0131\u011f\u0131 i\u00e7in modaya ba\u011fl\u0131 kalmaz, karakterle b\u00fct\u00fcnle\u015fir.<\/p>","protected":false},"featured_media":1402,"comment_status":"open","ping_status":"closed","template":"","meta":[],"product_brand":[],"product_cat":[77,54],"product_tag":[],"class_list":{"0":"post-1401","1":"product","2":"type-product","3":"status-publish","4":"has-post-thumbnail","6":"product_cat-antik-ilkel-tasarim-koleksiyonu","7":"product_cat-yuzuk","9":"first","10":"instock","11":"shipping-taxable","12":"purchasable","13":"product-type-variable"},"_links":{"self":[{"href":"https:\/\/brothersjewellery.com\/en\/wp-json\/wp\/v2\/product\/1401","targetHints":{"allow":["GET"]}}],"collection":[{"href":"https:\/\/brothersjewellery.com\/en\/wp-json\/wp\/v2\/product"}],"about":[{"href":"https:\/\/brothersjewellery.com\/en\/wp-json\/wp\/v2\/types\/product"}],"replies":[{"embeddable":true,"href":"https:\/\/brothersjewellery.com\/en\/wp-json\/wp\/v2\/comments?post=1401"}],"wp:featuredmedia":[{"embeddable":true,"href":"https:\/\/brothersjewellery.com\/en\/wp-json\/wp\/v2\/media\/1402"}],"wp:attachment":[{"href":"https:\/\/brothersjewellery.com\/en\/wp-json\/wp\/v2\/media?parent=1401"}],"wp:term":[{"taxonomy":"product_brand","embeddable":true,"href":"https:\/\/brothersjewellery.com\/en\/wp-json\/wp\/v2\/product_brand?post=1401"},{"taxonomy":"product_cat","embeddable":true,"href":"https:\/\/brothersjewellery.com\/en\/wp-json\/wp\/v2\/product_cat?post=1401"},{"taxonomy":"product_tag","embeddable":true,"href":"https:\/\/brothersjewellery.com\/en\/wp-json\/wp\/v2\/product_tag?post=1401"}],"curies":[{"name":"wp","href":"https:\/\/api.w.org\/{rel}","templated":true}]}}