{"id":1406,"date":"2026-02-20T14:06:08","date_gmt":"2026-02-20T11:06:08","guid":{"rendered":"https:\/\/brothersjewellery.com\/?post_type=product&#038;p=1406"},"modified":"2026-04-01T01:22:21","modified_gmt":"2026-03-31T22:22:21","slug":"60-tarihsel-muhur","status":"publish","type":"product","link":"https:\/\/brothersjewellery.com\/en\/product\/60-tarihsel-muhur\/","title":{"rendered":"60- Tarihsel M\u00fch\u00fcr"},"content":{"rendered":"","protected":false},"excerpt":{"rendered":"<p>Ge\u00e7mi\u015fin estetik diliyle \u015fekillenen zamans\u0131z bir tasar\u0131m\u2026<\/p>\n<p>Tarihsel M\u00fch\u00fcr, Anadolu co\u011frafyas\u0131nda farkl\u0131 d\u00f6nemlerde kullan\u0131lan m\u00fch\u00fcr, yaz\u0131 ve bezeme anlay\u0131\u015flar\u0131ndan esinlenerek tasarlanm\u0131\u015f el yap\u0131m\u0131 bir g\u00fcm\u00fc\u015f y\u00fcz\u00fckt\u00fcr.<\/p>\n<p>Y\u00fcz\u00fck y\u00fczeyinde yer alan motif, tarih boyunca otorite, kimlik ve s\u00fcreklili\u011fi simgeleyen m\u00fch\u00fcr gelene\u011fini \u00e7a\u011fr\u0131\u015ft\u0131r\u0131r. Bilin\u00e7li olarak uygulanan oksitli y\u00fczey ve do\u011fal doku, y\u00fcz\u00fc\u011fe antik bir karakter kazand\u0131r\u0131rken; modern kullan\u0131m i\u00e7in dengeli ve sade bir form sunar.<\/p>\n<p>Bu par\u00e7a, birebir tarihsel bir obje kopyas\u0131 de\u011fildir. Tarihsel estetik anlay\u0131\u015ftan ilham alan \u00f6zg\u00fcn bir yorumdur. G\u00f6steri\u015ften uzak ama g\u00fc\u00e7l\u00fc duru\u015fuyla, karakter sahibi tak\u0131lar\u0131 tercih edenler i\u00e7in tasarlanm\u0131\u015ft\u0131r.<\/p>","protected":false},"featured_media":1407,"comment_status":"open","ping_status":"closed","template":"","meta":[],"product_brand":[],"product_cat":[77,54],"product_tag":[],"class_list":{"0":"post-1406","1":"product","2":"type-product","3":"status-publish","4":"has-post-thumbnail","6":"product_cat-antik-ilkel-tasarim-koleksiyonu","7":"product_cat-yuzuk","9":"first","10":"instock","11":"shipping-taxable","12":"purchasable","13":"product-type-variable"},"_links":{"self":[{"href":"https:\/\/brothersjewellery.com\/en\/wp-json\/wp\/v2\/product\/1406","targetHints":{"allow":["GET"]}}],"collection":[{"href":"https:\/\/brothersjewellery.com\/en\/wp-json\/wp\/v2\/product"}],"about":[{"href":"https:\/\/brothersjewellery.com\/en\/wp-json\/wp\/v2\/types\/product"}],"replies":[{"embeddable":true,"href":"https:\/\/brothersjewellery.com\/en\/wp-json\/wp\/v2\/comments?post=1406"}],"wp:featuredmedia":[{"embeddable":true,"href":"https:\/\/brothersjewellery.com\/en\/wp-json\/wp\/v2\/media\/1407"}],"wp:attachment":[{"href":"https:\/\/brothersjewellery.com\/en\/wp-json\/wp\/v2\/media?parent=1406"}],"wp:term":[{"taxonomy":"product_brand","embeddable":true,"href":"https:\/\/brothersjewellery.com\/en\/wp-json\/wp\/v2\/product_brand?post=1406"},{"taxonomy":"product_cat","embeddable":true,"href":"https:\/\/brothersjewellery.com\/en\/wp-json\/wp\/v2\/product_cat?post=1406"},{"taxonomy":"product_tag","embeddable":true,"href":"https:\/\/brothersjewellery.com\/en\/wp-json\/wp\/v2\/product_tag?post=1406"}],"curies":[{"name":"wp","href":"https:\/\/api.w.org\/{rel}","templated":true}]}}