{"id":1410,"date":"2026-02-20T14:06:59","date_gmt":"2026-02-20T11:06:59","guid":{"rendered":"https:\/\/brothersjewellery.com\/?post_type=product&#038;p=1410"},"modified":"2026-04-01T01:22:21","modified_gmt":"2026-03-31T22:22:21","slug":"61-starata-of-time","status":"publish","type":"product","link":"https:\/\/brothersjewellery.com\/en\/product\/61-starata-of-time\/","title":{"rendered":"61- Starata of Time"},"content":{"rendered":"","protected":false},"excerpt":{"rendered":"<p>Zaman tek bir y\u00fczey de\u011fildir; \u00fcst \u00fcste birikir, iz b\u0131rak\u0131r.<\/p>\n<p>Zaman Katman\u0131, bu fikri form \u00fczerinden anlatan, el i\u015f\u00e7ili\u011fiyle \u00fcretilmi\u015f \u00f6zg\u00fcn bir g\u00fcm\u00fc\u015f y\u00fcz\u00fckt\u00fcr.<\/p>\n<p>Kare formdaki \u00fcst y\u00fczey, katmanl\u0131 bir yap\u0131 hissi verecek \u015fekilde tasarlanm\u0131\u015ft\u0131r. Bilin\u00e7li olarak p\u00fcr\u00fczl\u00fc b\u0131rak\u0131lan doku ve oksitli detaylar, y\u00fcz\u00fc\u011fe ge\u00e7mi\u015ften gelen bir iz duygusu kazand\u0131r\u0131r. Her katman, zaman\u0131n b\u0131rakt\u0131\u011f\u0131 farkl\u0131 bir a\u015famay\u0131 temsil eder; bu nedenle her par\u00e7a kendi karakterine sahiptir.<\/p>\n<p>Minimal ama g\u00fc\u00e7l\u00fc duru\u015fu sayesinde g\u00fcnl\u00fck kullan\u0131mda rahatl\u0131kla tercih edilir. G\u00f6steri\u015ften uzak, anlam\u0131 olan tak\u0131lar\u0131 sevenler i\u00e7in zamans\u0131z bir par\u00e7ad\u0131r.<\/p>","protected":false},"featured_media":1411,"comment_status":"open","ping_status":"closed","template":"","meta":[],"product_brand":[],"product_cat":[77,54],"product_tag":[],"class_list":{"0":"post-1410","1":"product","2":"type-product","3":"status-publish","4":"has-post-thumbnail","6":"product_cat-antik-ilkel-tasarim-koleksiyonu","7":"product_cat-yuzuk","9":"first","10":"instock","11":"shipping-taxable","12":"purchasable","13":"product-type-variable"},"_links":{"self":[{"href":"https:\/\/brothersjewellery.com\/en\/wp-json\/wp\/v2\/product\/1410","targetHints":{"allow":["GET"]}}],"collection":[{"href":"https:\/\/brothersjewellery.com\/en\/wp-json\/wp\/v2\/product"}],"about":[{"href":"https:\/\/brothersjewellery.com\/en\/wp-json\/wp\/v2\/types\/product"}],"replies":[{"embeddable":true,"href":"https:\/\/brothersjewellery.com\/en\/wp-json\/wp\/v2\/comments?post=1410"}],"wp:featuredmedia":[{"embeddable":true,"href":"https:\/\/brothersjewellery.com\/en\/wp-json\/wp\/v2\/media\/1411"}],"wp:attachment":[{"href":"https:\/\/brothersjewellery.com\/en\/wp-json\/wp\/v2\/media?parent=1410"}],"wp:term":[{"taxonomy":"product_brand","embeddable":true,"href":"https:\/\/brothersjewellery.com\/en\/wp-json\/wp\/v2\/product_brand?post=1410"},{"taxonomy":"product_cat","embeddable":true,"href":"https:\/\/brothersjewellery.com\/en\/wp-json\/wp\/v2\/product_cat?post=1410"},{"taxonomy":"product_tag","embeddable":true,"href":"https:\/\/brothersjewellery.com\/en\/wp-json\/wp\/v2\/product_tag?post=1410"}],"curies":[{"name":"wp","href":"https:\/\/api.w.org\/{rel}","templated":true}]}}