{"id":1415,"date":"2026-02-20T14:10:12","date_gmt":"2026-02-20T11:10:12","guid":{"rendered":"https:\/\/brothersjewellery.com\/?post_type=product&#038;p=1415"},"modified":"2026-04-01T01:22:11","modified_gmt":"2026-03-31T22:22:11","slug":"62-crunch-ring","status":"publish","type":"product","link":"https:\/\/brothersjewellery.com\/en\/product\/62-crunch-ring\/","title":{"rendered":"62- Crunch Ring"},"content":{"rendered":"","protected":false},"excerpt":{"rendered":"<p>P\u00fcr\u00fczs\u00fczl\u00fc\u011f\u00fc reddeden bir y\u00fczey.<\/p>\n<p>Crunch Ring, kontroll\u00fc k\u0131r\u0131klar ve patlak dokular \u00fczerinden \u015fekillendirilmi\u015f, el i\u015f\u00e7ili\u011fiyle \u00fcretilmi\u015f \u00f6zg\u00fcn bir g\u00fcm\u00fc\u015f y\u00fcz\u00fckt\u00fcr.<\/p>\n<p>Y\u00fcz\u00fck y\u00fczeyi bilin\u00e7li olarak d\u00fczensiz b\u0131rak\u0131lm\u0131\u015ft\u0131r. Patlam\u0131\u015f gibi g\u00f6r\u00fcnen girinti\u2013\u00e7\u0131k\u0131nt\u0131lar ve sert k\u0131r\u0131lmalar, y\u00fcz\u00fc\u011fe g\u00fc\u00e7l\u00fc ve agresif bir karakter kazand\u0131r\u0131r. Oksitli derin alanlar ile parlak g\u00fcm\u00fc\u015f y\u00fczeyler aras\u0131ndaki kontrast, tasar\u0131m\u0131 daha da vurgular.<\/p>\n<p>Bu y\u00fcz\u00fck do\u011fay\u0131 de\u011fil; darbeyi, bas\u0131nc\u0131 ve k\u0131r\u0131lma an\u0131n\u0131 temsil eder. Temiz hatlardan ve klasik formlardan ho\u015flanmayanlar i\u00e7in tasarlanm\u0131\u015ft\u0131r. Her par\u00e7a el i\u015f\u00e7ili\u011fiyle \u00fcretildi\u011fi i\u00e7in y\u00fczey da\u011f\u0131l\u0131m\u0131 ve k\u0131r\u0131k dokular birebir ayn\u0131 de\u011fildi<\/p>","protected":false},"featured_media":1417,"comment_status":"open","ping_status":"closed","template":"","meta":[],"product_brand":[],"product_cat":[77,54],"product_tag":[],"class_list":{"0":"post-1415","1":"product","2":"type-product","3":"status-publish","4":"has-post-thumbnail","6":"product_cat-antik-ilkel-tasarim-koleksiyonu","7":"product_cat-yuzuk","9":"first","10":"instock","11":"shipping-taxable","12":"purchasable","13":"product-type-variable"},"_links":{"self":[{"href":"https:\/\/brothersjewellery.com\/en\/wp-json\/wp\/v2\/product\/1415","targetHints":{"allow":["GET"]}}],"collection":[{"href":"https:\/\/brothersjewellery.com\/en\/wp-json\/wp\/v2\/product"}],"about":[{"href":"https:\/\/brothersjewellery.com\/en\/wp-json\/wp\/v2\/types\/product"}],"replies":[{"embeddable":true,"href":"https:\/\/brothersjewellery.com\/en\/wp-json\/wp\/v2\/comments?post=1415"}],"wp:featuredmedia":[{"embeddable":true,"href":"https:\/\/brothersjewellery.com\/en\/wp-json\/wp\/v2\/media\/1417"}],"wp:attachment":[{"href":"https:\/\/brothersjewellery.com\/en\/wp-json\/wp\/v2\/media?parent=1415"}],"wp:term":[{"taxonomy":"product_brand","embeddable":true,"href":"https:\/\/brothersjewellery.com\/en\/wp-json\/wp\/v2\/product_brand?post=1415"},{"taxonomy":"product_cat","embeddable":true,"href":"https:\/\/brothersjewellery.com\/en\/wp-json\/wp\/v2\/product_cat?post=1415"},{"taxonomy":"product_tag","embeddable":true,"href":"https:\/\/brothersjewellery.com\/en\/wp-json\/wp\/v2\/product_tag?post=1415"}],"curies":[{"name":"wp","href":"https:\/\/api.w.org\/{rel}","templated":true}]}}