{"id":1420,"date":"2026-02-20T14:11:09","date_gmt":"2026-02-20T11:11:09","guid":{"rendered":"https:\/\/brothersjewellery.com\/?post_type=product&#038;p=1420"},"modified":"2026-04-01T01:22:11","modified_gmt":"2026-03-31T22:22:11","slug":"63-desert-cross","status":"publish","type":"product","link":"https:\/\/brothersjewellery.com\/en\/product\/63-desert-cross\/","title":{"rendered":"63- Desert Cross"},"content":{"rendered":"","protected":false},"excerpt":{"rendered":"<p>Kuzey Afrika\u2019n\u0131n kadim Tuareg esteti\u011finden ilham al\u0131narak tasarlanan bu y\u00fcz\u00fck, g\u00fc\u00e7l\u00fc ve ilkel bir karakter ta\u015f\u0131yan sembolik bir formu modern i\u015f\u00e7ilikle bir araya getirir. Y\u00fcz\u00fc\u011f\u00fcn merkezindeki geometrik ha\u00e7 formu, y\u00f6nleri, yolculu\u011fu ve korunmay\u0131 temsil eden geleneksel \u00e7\u00f6l motiflerinden izler ta\u015f\u0131r. Y\u00fczeydeki bilin\u00e7li olarak eskitilmi\u015f doku, y\u0131llar boyunca kullan\u0131lm\u0131\u015f bir obje hissi verir ve par\u00e7aya zamans\u0131z bir kimlik kazand\u0131r\u0131r.<\/p>\n<p>Kal\u0131n ve dengeli g\u00f6vdesi sayesinde parmakta belirgin bir duru\u015f sergiler. K\u00f6\u015felerdeki yuvarlat\u0131lm\u0131\u015f \u00e7\u0131k\u0131nt\u0131lar ve ortadaki oyma detaylar, y\u00fcz\u00fc\u011fe hem mask\u00fclen hem de etnik bir karakter kazand\u0131r\u0131r. G\u00fcnl\u00fck kullan\u0131m i\u00e7in uygun olmakla birlikte, tek ba\u015f\u0131na g\u00fc\u00e7l\u00fc bir stil ifadesi yaratabilecek kadar dikkat \u00e7ekicidir.<\/p>\n<p>&nbsp;<\/p>","protected":false},"featured_media":1421,"comment_status":"open","ping_status":"closed","template":"","meta":[],"product_brand":[],"product_cat":[77,54],"product_tag":[],"class_list":{"0":"post-1420","1":"product","2":"type-product","3":"status-publish","4":"has-post-thumbnail","6":"product_cat-antik-ilkel-tasarim-koleksiyonu","7":"product_cat-yuzuk","9":"first","10":"instock","11":"shipping-taxable","12":"purchasable","13":"product-type-variable"},"_links":{"self":[{"href":"https:\/\/brothersjewellery.com\/en\/wp-json\/wp\/v2\/product\/1420","targetHints":{"allow":["GET"]}}],"collection":[{"href":"https:\/\/brothersjewellery.com\/en\/wp-json\/wp\/v2\/product"}],"about":[{"href":"https:\/\/brothersjewellery.com\/en\/wp-json\/wp\/v2\/types\/product"}],"replies":[{"embeddable":true,"href":"https:\/\/brothersjewellery.com\/en\/wp-json\/wp\/v2\/comments?post=1420"}],"wp:featuredmedia":[{"embeddable":true,"href":"https:\/\/brothersjewellery.com\/en\/wp-json\/wp\/v2\/media\/1421"}],"wp:attachment":[{"href":"https:\/\/brothersjewellery.com\/en\/wp-json\/wp\/v2\/media?parent=1420"}],"wp:term":[{"taxonomy":"product_brand","embeddable":true,"href":"https:\/\/brothersjewellery.com\/en\/wp-json\/wp\/v2\/product_brand?post=1420"},{"taxonomy":"product_cat","embeddable":true,"href":"https:\/\/brothersjewellery.com\/en\/wp-json\/wp\/v2\/product_cat?post=1420"},{"taxonomy":"product_tag","embeddable":true,"href":"https:\/\/brothersjewellery.com\/en\/wp-json\/wp\/v2\/product_tag?post=1420"}],"curies":[{"name":"wp","href":"https:\/\/api.w.org\/{rel}","templated":true}]}}