{"id":1428,"date":"2026-02-20T14:12:50","date_gmt":"2026-02-20T11:12:50","guid":{"rendered":"https:\/\/brothersjewellery.com\/?post_type=product&#038;p=1428"},"modified":"2026-04-01T01:22:00","modified_gmt":"2026-03-31T22:22:00","slug":"65-silent-seal-v2","status":"publish","type":"product","link":"https:\/\/brothersjewellery.com\/en\/product\/65-silent-seal-v2\/","title":{"rendered":"65- Silent Seal V2"},"content":{"rendered":"","protected":false},"excerpt":{"rendered":"<p>Minimal, g\u00fc\u00e7l\u00fc ve zamans\u0131z bir form\u2026 Silent Seal, sade bir y\u00fczeyin ta\u015f\u0131d\u0131\u011f\u0131 karakteri \u00f6n plana \u00e7\u0131karan klasik bir signet y\u00fcz\u00fck tasar\u0131m\u0131d\u0131r. \u00dcst k\u0131sm\u0131ndaki d\u00fcz ve geni\u015f oval plaka, geleneksel m\u00fch\u00fcr y\u00fcz\u00fcklerinden ilham al\u0131r ve ki\u015fisel kullan\u0131m i\u00e7in bo\u015f bir alan sunar.<\/p>\n<p>Mat ve do\u011fal b\u0131rak\u0131lm\u0131\u015f y\u00fczey dokusu, y\u00fcz\u00fc\u011fe vintage bir ruh kazand\u0131r\u0131rken ayn\u0131 zamanda el i\u015f\u00e7ili\u011finin izlerini ta\u015f\u0131r. Bu yal\u0131n form, ister tek ba\u015f\u0131na g\u00fc\u00e7l\u00fc bir stil \u00f6\u011fesi olarak kullan\u0131labilir, ister \u00fczerine kaz\u0131nacak bir harf, sembol ya da motifle tamamen ki\u015fisel bir par\u00e7aya d\u00f6n\u00fc\u015ft\u00fcr\u00fclebilir.<\/p>\n<p>The Brothers Jewellery taraf\u0131ndan \u00fcretilen bu model, abart\u0131dan uzak, dengeli ve mask\u00fclen bir duru\u015fa sahiptir. G\u00fcnl\u00fck kullan\u0131m i\u00e7in rahat ve sa\u011flam bir yap\u0131ya sahip olan y\u00fcz\u00fck, klasik signet gelene\u011fini modern bir sadelikle yeniden yorumlar.<\/p>","protected":false},"featured_media":1429,"comment_status":"open","ping_status":"closed","template":"","meta":[],"product_brand":[],"product_cat":[73,54],"product_tag":[],"class_list":{"0":"post-1428","1":"product","2":"type-product","3":"status-publish","4":"has-post-thumbnail","6":"product_cat-signet-koleksiyonu","7":"product_cat-yuzuk","9":"first","10":"instock","11":"shipping-taxable","12":"purchasable","13":"product-type-variable"},"_links":{"self":[{"href":"https:\/\/brothersjewellery.com\/en\/wp-json\/wp\/v2\/product\/1428","targetHints":{"allow":["GET"]}}],"collection":[{"href":"https:\/\/brothersjewellery.com\/en\/wp-json\/wp\/v2\/product"}],"about":[{"href":"https:\/\/brothersjewellery.com\/en\/wp-json\/wp\/v2\/types\/product"}],"replies":[{"embeddable":true,"href":"https:\/\/brothersjewellery.com\/en\/wp-json\/wp\/v2\/comments?post=1428"}],"wp:featuredmedia":[{"embeddable":true,"href":"https:\/\/brothersjewellery.com\/en\/wp-json\/wp\/v2\/media\/1429"}],"wp:attachment":[{"href":"https:\/\/brothersjewellery.com\/en\/wp-json\/wp\/v2\/media?parent=1428"}],"wp:term":[{"taxonomy":"product_brand","embeddable":true,"href":"https:\/\/brothersjewellery.com\/en\/wp-json\/wp\/v2\/product_brand?post=1428"},{"taxonomy":"product_cat","embeddable":true,"href":"https:\/\/brothersjewellery.com\/en\/wp-json\/wp\/v2\/product_cat?post=1428"},{"taxonomy":"product_tag","embeddable":true,"href":"https:\/\/brothersjewellery.com\/en\/wp-json\/wp\/v2\/product_tag?post=1428"}],"curies":[{"name":"wp","href":"https:\/\/api.w.org\/{rel}","templated":true}]}}