{"id":1433,"date":"2026-02-20T14:13:48","date_gmt":"2026-02-20T11:13:48","guid":{"rendered":"https:\/\/brothersjewellery.com\/?post_type=product&#038;p=1433"},"modified":"2026-04-01T01:21:49","modified_gmt":"2026-03-31T22:21:49","slug":"66-desert-voyager","status":"publish","type":"product","link":"https:\/\/brothersjewellery.com\/en\/product\/66-desert-voyager\/","title":{"rendered":"66- Desert Voyager"},"content":{"rendered":"","protected":false},"excerpt":{"rendered":"<p>Desert Voyager, ilk bak\u0131\u015fta al\u0131\u015f\u0131lm\u0131\u015f formlar\u0131n d\u0131\u015f\u0131na \u00e7\u0131kan, g\u00fc\u00e7l\u00fc ve deneysel bir tasar\u0131ma sahip \u00f6zg\u00fcn bir y\u00fcz\u00fckt\u00fcr. \u00dcst b\u00f6l\u00fcmde yan yana dizilen y\u00fckseltilmi\u015f plakalar ve u\u00e7 k\u0131s\u0131mdaki koyu ta\u015f detay\u0131, \u00e7\u00f6lde ilerleyen bir uzay arac\u0131n\u0131 and\u0131ran s\u0131ra d\u0131\u015f\u0131 bir siluet olu\u015fturur. Organik dokulu g\u00f6vde ile geometrik \u00fcst formun birle\u015fimi, y\u00fcz\u00fc\u011fe hem ilkel hem de futuristik bir karakter kazand\u0131r\u0131r.<\/p>\n<p>Y\u00fczeydeki bilin\u00e7li eskitme efekti, tasar\u0131m\u0131n derinli\u011fini art\u0131r\u0131rken her a\u00e7\u0131dan farkl\u0131 bir \u0131\u015f\u0131k ve g\u00f6lge oyunu yarat\u0131r. Bu yap\u0131, y\u00fcz\u00fc\u011f\u00fcn tek par\u00e7a bir aksesuar olman\u0131n \u00f6tesinde, dikkat \u00e7eken bir obje gibi alg\u0131lanmas\u0131n\u0131 sa\u011flar. Hem etnik hem de modern \u00e7izgiler ta\u015f\u0131yan bu tasar\u0131m, klasik modellerden s\u0131k\u0131lanlar i\u00e7in g\u00fc\u00e7l\u00fc bir alternatif sunar.<\/p>\n<p>The Brothers Jewellery\u2019nin el i\u015f\u00e7ili\u011fi yakla\u015f\u0131m\u0131yla \u00fcretilen bu y\u00fcz\u00fck, seri \u00fcretim hissinden uzak, karakter sahibi bir par\u00e7ad\u0131r. G\u00fcnl\u00fck kullan\u0131mda rahat bir oturu\u015fa sahipken, s\u0131ra d\u0131\u015f\u0131 formu sayesinde stilin merkezine yerle\u015fir. Ke\u015fif duygusu, hareket ve \u00f6zg\u00fcrl\u00fck hissini ta\u015f\u0131yan bu model; tak\u0131da farkl\u0131l\u0131k arayanlar i\u00e7in \u00f6zg\u00fcn bir ifade sunar.<\/p>","protected":false},"featured_media":1434,"comment_status":"open","ping_status":"closed","template":"","meta":[],"product_brand":[],"product_cat":[78,54],"product_tag":[],"class_list":{"0":"post-1433","1":"product","2":"type-product","3":"status-publish","4":"has-post-thumbnail","6":"product_cat-endustriyel-form-koleksiyonu","7":"product_cat-yuzuk","9":"first","10":"instock","11":"shipping-taxable","12":"purchasable","13":"product-type-variable"},"_links":{"self":[{"href":"https:\/\/brothersjewellery.com\/en\/wp-json\/wp\/v2\/product\/1433","targetHints":{"allow":["GET"]}}],"collection":[{"href":"https:\/\/brothersjewellery.com\/en\/wp-json\/wp\/v2\/product"}],"about":[{"href":"https:\/\/brothersjewellery.com\/en\/wp-json\/wp\/v2\/types\/product"}],"replies":[{"embeddable":true,"href":"https:\/\/brothersjewellery.com\/en\/wp-json\/wp\/v2\/comments?post=1433"}],"wp:featuredmedia":[{"embeddable":true,"href":"https:\/\/brothersjewellery.com\/en\/wp-json\/wp\/v2\/media\/1434"}],"wp:attachment":[{"href":"https:\/\/brothersjewellery.com\/en\/wp-json\/wp\/v2\/media?parent=1433"}],"wp:term":[{"taxonomy":"product_brand","embeddable":true,"href":"https:\/\/brothersjewellery.com\/en\/wp-json\/wp\/v2\/product_brand?post=1433"},{"taxonomy":"product_cat","embeddable":true,"href":"https:\/\/brothersjewellery.com\/en\/wp-json\/wp\/v2\/product_cat?post=1433"},{"taxonomy":"product_tag","embeddable":true,"href":"https:\/\/brothersjewellery.com\/en\/wp-json\/wp\/v2\/product_tag?post=1433"}],"curies":[{"name":"wp","href":"https:\/\/api.w.org\/{rel}","templated":true}]}}