{"id":1443,"date":"2026-02-20T14:17:24","date_gmt":"2026-02-20T11:17:24","guid":{"rendered":"https:\/\/brothersjewellery.com\/?post_type=product&#038;p=1443"},"modified":"2026-04-01T01:21:39","modified_gmt":"2026-03-31T22:21:39","slug":"68-nomad-script-ring","status":"publish","type":"product","link":"https:\/\/brothersjewellery.com\/en\/product\/68-nomad-script-ring\/","title":{"rendered":"68- Nomad Script Ring"},"content":{"rendered":"","protected":false},"excerpt":{"rendered":"<p>Nomad Script Ring, kadim yaz\u0131 formlar\u0131ndan ve \u00e7\u00f6l k\u00fclt\u00fcrlerinin sembolik anlat\u0131m dilinden ilham alan karakterli bir tasar\u0131md\u0131r. Kare formdaki y\u00fczey \u00fczerine i\u015flenen stilize yaz\u0131 benzeri motifler, y\u00fcz\u00fc\u011fe gizemli ve zamans\u0131z bir ifade kazand\u0131r\u0131r. Bu detaylar, ge\u00e7mi\u015fin izlerini ta\u015f\u0131yan bir m\u00fch\u00fcr hissi yarat\u0131rken modern bir yorumla yeniden hayat bulur.<\/p>\n<p>Y\u00fcz\u00fc\u011f\u00fcn g\u00f6vdesindeki eskitilmi\u015f dokular ve ince i\u015f\u00e7ilik detaylar\u0131, tasar\u0131ma derinlik ve g\u00fc\u00e7l\u00fc bir karakter katar. Yan k\u0131s\u0131mlardaki a\u00e7\u0131k formlar ve ge\u00e7i\u015fler, y\u00fcz\u00fc\u011f\u00fcn hem hafif hem de estetik bir siluete sahip olmas\u0131n\u0131 sa\u011flar. Klasik signet gelene\u011fini etnik bir yorumla birle\u015ftiren bu par\u00e7a, sade ama anlaml\u0131 bir duru\u015f sunar.<\/p>\n<p>The Brothers Jewellery taraf\u0131ndan el i\u015f\u00e7ili\u011fiyle \u00fcretilen bu y\u00fcz\u00fck, \u00f6zg\u00fcn tasar\u0131m anlay\u0131\u015f\u0131n\u0131 yans\u0131tan zamans\u0131z bir modeldir. G\u00fcnl\u00fck kullan\u0131m i\u00e7in uygun ve rahat bir yap\u0131ya sahip olan tasar\u0131m, tek ba\u015f\u0131na dikkat \u00e7eken bir stil \u00f6\u011fesi olarak \u00f6ne \u00e7\u0131kar.<\/p>\n<p>Not: Bu y\u00fcz\u00fck antik bir par\u00e7a de\u011fildir. Tasar\u0131m, eski m\u00fch\u00fcr y\u00fcz\u00fckleri ve geleneksel yaz\u0131 motiflerinden ilham al\u0131narak The Brothers Jewellery taraf\u0131ndan modern tekniklerle \u00fcretilmi\u015ftir.<\/p>","protected":false},"featured_media":1444,"comment_status":"open","ping_status":"closed","template":"","meta":[],"product_brand":[],"product_cat":[77,54],"product_tag":[],"class_list":{"0":"post-1443","1":"product","2":"type-product","3":"status-publish","4":"has-post-thumbnail","6":"product_cat-antik-ilkel-tasarim-koleksiyonu","7":"product_cat-yuzuk","9":"first","10":"instock","11":"shipping-taxable","12":"purchasable","13":"product-type-variable"},"_links":{"self":[{"href":"https:\/\/brothersjewellery.com\/en\/wp-json\/wp\/v2\/product\/1443","targetHints":{"allow":["GET"]}}],"collection":[{"href":"https:\/\/brothersjewellery.com\/en\/wp-json\/wp\/v2\/product"}],"about":[{"href":"https:\/\/brothersjewellery.com\/en\/wp-json\/wp\/v2\/types\/product"}],"replies":[{"embeddable":true,"href":"https:\/\/brothersjewellery.com\/en\/wp-json\/wp\/v2\/comments?post=1443"}],"wp:featuredmedia":[{"embeddable":true,"href":"https:\/\/brothersjewellery.com\/en\/wp-json\/wp\/v2\/media\/1444"}],"wp:attachment":[{"href":"https:\/\/brothersjewellery.com\/en\/wp-json\/wp\/v2\/media?parent=1443"}],"wp:term":[{"taxonomy":"product_brand","embeddable":true,"href":"https:\/\/brothersjewellery.com\/en\/wp-json\/wp\/v2\/product_brand?post=1443"},{"taxonomy":"product_cat","embeddable":true,"href":"https:\/\/brothersjewellery.com\/en\/wp-json\/wp\/v2\/product_cat?post=1443"},{"taxonomy":"product_tag","embeddable":true,"href":"https:\/\/brothersjewellery.com\/en\/wp-json\/wp\/v2\/product_tag?post=1443"}],"curies":[{"name":"wp","href":"https:\/\/api.w.org\/{rel}","templated":true}]}}