{"id":1448,"date":"2026-02-20T14:18:16","date_gmt":"2026-02-20T11:18:16","guid":{"rendered":"https:\/\/brothersjewellery.com\/?post_type=product&#038;p=1448"},"modified":"2026-04-01T01:21:39","modified_gmt":"2026-03-31T22:21:39","slug":"69-nomad-bloom-ring","status":"publish","type":"product","link":"https:\/\/brothersjewellery.com\/en\/product\/69-nomad-bloom-ring\/","title":{"rendered":"69- Nomad Bloom Ring"},"content":{"rendered":"","protected":false},"excerpt":{"rendered":"<p>\u0130lkel formlardan ve \u00e7\u00f6l k\u00fclt\u00fcrlerinin sade esteti\u011finden ilham alan zarif ve karakterli bir kad\u0131n y\u00fcz\u00fc\u011f\u00fcd\u00fcr. \u00dcst b\u00f6l\u00fcmde yer alan dikd\u00f6rtgen plaka \u00fczerindeki kabartmal\u0131 metal noktalar, \u00e7i\u00e7eksi ve ritmik bir d\u00fczen olu\u015fturarak y\u00fcz\u00fc\u011fe yumu\u015fak ama g\u00fc\u00e7l\u00fc bir ifade kazand\u0131r\u0131r.<\/p>\n<p>Eskitilmi\u015f y\u00fczey dokusu ve elde \u015fekillendirilmi\u015f detaylar, tasar\u0131ma derinlik ve s\u0131cak bir karakter katar. G\u00f6vde k\u0131sm\u0131ndaki a\u00e7\u0131k form ve yanlara do\u011fru devam eden yuvarlak metal dokunu\u015flar, y\u00fcz\u00fc\u011f\u00fcn daha hafif ve zarif g\u00f6r\u00fcnmesini sa\u011flar. Bu yap\u0131, y\u00fcz\u00fc\u011f\u00fc hem etnik hem de modern bir stile uyum sa\u011flayan \u00f6zg\u00fcn bir par\u00e7aya d\u00f6n\u00fc\u015ft\u00fcr\u00fcr.<\/p>\n<p>The Brothers Jewellery\u2019nin el i\u015f\u00e7ili\u011fi yakla\u015f\u0131m\u0131yla \u00fcretilen bu model, seri \u00fcretim hissinden uzak, kendine \u00f6zg\u00fc bir tasar\u0131m sunar. G\u00fcnl\u00fck kullan\u0131m i\u00e7in rahat bir formda tasarlanan y\u00fcz\u00fck, sade ama dikkat \u00e7eken bir stil detay\u0131 olarak \u00f6ne \u00e7\u0131kar.<\/p>\n<p>Not: Bu y\u00fcz\u00fck antik bir eser de\u011fildir. Tasar\u0131m, geleneksel kabile tak\u0131lar\u0131 ve eski metal i\u015f\u00e7ili\u011finden ilham al\u0131narak The Brothers Jewellery taraf\u0131ndan modern tekniklerle \u00fcretilmi\u015ftir<\/p>","protected":false},"featured_media":1449,"comment_status":"open","ping_status":"closed","template":"","meta":[],"product_brand":[],"product_cat":[77,54],"product_tag":[],"class_list":{"0":"post-1448","1":"product","2":"type-product","3":"status-publish","4":"has-post-thumbnail","6":"product_cat-antik-ilkel-tasarim-koleksiyonu","7":"product_cat-yuzuk","9":"first","10":"instock","11":"shipping-taxable","12":"purchasable","13":"product-type-variable"},"_links":{"self":[{"href":"https:\/\/brothersjewellery.com\/en\/wp-json\/wp\/v2\/product\/1448","targetHints":{"allow":["GET"]}}],"collection":[{"href":"https:\/\/brothersjewellery.com\/en\/wp-json\/wp\/v2\/product"}],"about":[{"href":"https:\/\/brothersjewellery.com\/en\/wp-json\/wp\/v2\/types\/product"}],"replies":[{"embeddable":true,"href":"https:\/\/brothersjewellery.com\/en\/wp-json\/wp\/v2\/comments?post=1448"}],"wp:featuredmedia":[{"embeddable":true,"href":"https:\/\/brothersjewellery.com\/en\/wp-json\/wp\/v2\/media\/1449"}],"wp:attachment":[{"href":"https:\/\/brothersjewellery.com\/en\/wp-json\/wp\/v2\/media?parent=1448"}],"wp:term":[{"taxonomy":"product_brand","embeddable":true,"href":"https:\/\/brothersjewellery.com\/en\/wp-json\/wp\/v2\/product_brand?post=1448"},{"taxonomy":"product_cat","embeddable":true,"href":"https:\/\/brothersjewellery.com\/en\/wp-json\/wp\/v2\/product_cat?post=1448"},{"taxonomy":"product_tag","embeddable":true,"href":"https:\/\/brothersjewellery.com\/en\/wp-json\/wp\/v2\/product_tag?post=1448"}],"curies":[{"name":"wp","href":"https:\/\/api.w.org\/{rel}","templated":true}]}}