{"id":1453,"date":"2026-02-20T14:22:07","date_gmt":"2026-02-20T11:22:07","guid":{"rendered":"https:\/\/brothersjewellery.com\/?post_type=product&#038;p=1453"},"modified":"2026-04-01T01:21:29","modified_gmt":"2026-03-31T22:21:29","slug":"70-victorian-bow-band","status":"publish","type":"product","link":"https:\/\/brothersjewellery.com\/en\/product\/70-victorian-bow-band\/","title":{"rendered":"70- Victorian Bow Band"},"content":{"rendered":"","protected":false},"excerpt":{"rendered":"<p>Klasik Viktoryen d\u00f6nem esteti\u011finden ilham alan zarif ve dengeli bir y\u00fcz\u00fck tasar\u0131m\u0131d\u0131r. \u00dcst b\u00f6l\u00fcmde yer alan kabartmal\u0131 form, fiyonklar\u0131 and\u0131ran yumu\u015fak k\u0131vr\u0131mlar ve simetrik desenlerle s\u00fcslenerek y\u00fcz\u00fc\u011fe romantik ve sofistike bir karakter kazand\u0131r\u0131r.<\/p>\n<p>Eskitilmi\u015f y\u00fczey dokusu, detaylar\u0131n daha belirgin g\u00f6r\u00fcnmesini sa\u011flarken, y\u00fcz\u00fc\u011f\u00fcn ge\u00e7mi\u015ften gelen bir hik\u00e2yesi varm\u0131\u015f hissi uyand\u0131r\u0131r. \u0130nce ve rahat formu sayesinde g\u00fcnl\u00fck kullan\u0131m i\u00e7in uygundur; tek ba\u015f\u0131na sade bir \u015f\u0131kl\u0131k sunabilece\u011fi gibi di\u011fer y\u00fcz\u00fcklerle birlikte kombinlendi\u011finde de g\u00fc\u00e7l\u00fc bir stil tamamlay\u0131c\u0131s\u0131 olur.<\/p>\n<p>The Brothers Jewellery\u2019nin el i\u015f\u00e7ili\u011fi yakla\u015f\u0131m\u0131yla \u00fcretilen bu model, klasik Avrupa esteti\u011fini modern bir yorumla birle\u015ftirir. Feminen, zarif ve zamans\u0131z bir par\u00e7a arayanlar i\u00e7in ideal bir se\u00e7imdir.<\/p>","protected":false},"featured_media":1454,"comment_status":"open","ping_status":"closed","template":"","meta":[],"product_brand":[],"product_cat":[73,54],"product_tag":[],"class_list":{"0":"post-1453","1":"product","2":"type-product","3":"status-publish","4":"has-post-thumbnail","6":"product_cat-signet-koleksiyonu","7":"product_cat-yuzuk","9":"first","10":"instock","11":"shipping-taxable","12":"purchasable","13":"product-type-variable"},"_links":{"self":[{"href":"https:\/\/brothersjewellery.com\/en\/wp-json\/wp\/v2\/product\/1453","targetHints":{"allow":["GET"]}}],"collection":[{"href":"https:\/\/brothersjewellery.com\/en\/wp-json\/wp\/v2\/product"}],"about":[{"href":"https:\/\/brothersjewellery.com\/en\/wp-json\/wp\/v2\/types\/product"}],"replies":[{"embeddable":true,"href":"https:\/\/brothersjewellery.com\/en\/wp-json\/wp\/v2\/comments?post=1453"}],"wp:featuredmedia":[{"embeddable":true,"href":"https:\/\/brothersjewellery.com\/en\/wp-json\/wp\/v2\/media\/1454"}],"wp:attachment":[{"href":"https:\/\/brothersjewellery.com\/en\/wp-json\/wp\/v2\/media?parent=1453"}],"wp:term":[{"taxonomy":"product_brand","embeddable":true,"href":"https:\/\/brothersjewellery.com\/en\/wp-json\/wp\/v2\/product_brand?post=1453"},{"taxonomy":"product_cat","embeddable":true,"href":"https:\/\/brothersjewellery.com\/en\/wp-json\/wp\/v2\/product_cat?post=1453"},{"taxonomy":"product_tag","embeddable":true,"href":"https:\/\/brothersjewellery.com\/en\/wp-json\/wp\/v2\/product_tag?post=1453"}],"curies":[{"name":"wp","href":"https:\/\/api.w.org\/{rel}","templated":true}]}}