{"id":1475,"date":"2026-02-20T14:35:54","date_gmt":"2026-02-20T11:35:54","guid":{"rendered":"https:\/\/brothersjewellery.com\/?post_type=product&#038;p=1475"},"modified":"2026-04-01T01:21:09","modified_gmt":"2026-03-31T22:21:09","slug":"75-unhammered-waves-ring","status":"publish","type":"product","link":"https:\/\/brothersjewellery.com\/en\/product\/75-unhammered-waves-ring\/","title":{"rendered":"75- Unhammered Waves Ring"},"content":{"rendered":"","protected":false},"excerpt":{"rendered":"<p>Y\u00fczeyindeki ak\u0131\u015f hissi veren yumu\u015fak formu ve sade \u00fcst plakas\u0131yla modern bir karakter ta\u015f\u0131r. \u00dcst b\u00f6l\u00fcmdeki d\u00fcz ve p\u00fcr\u00fczs\u00fcz y\u00fczey, \u0131\u015f\u0131\u011f\u0131 temiz bir \u015fekilde yans\u0131t\u0131rken; yan k\u0131s\u0131mlarda yer alan vuruk dokular tasar\u0131ma g\u00fc\u00e7l\u00fc bir kontrast ve derinlik kazand\u0131r\u0131r.<\/p>\n<p>Bu vuruk y\u00fczeyler, metale do\u011fal ve organik bir hareket hissi verir. Parlak ve d\u00fcz \u00fcst k\u0131s\u0131m ile dokulu yan b\u00f6l\u00fcmler aras\u0131ndaki ge\u00e7i\u015f, y\u00fcz\u00fc\u011f\u00fcn sade ama dikkat \u00e7ekici bir kimlik kazanmas\u0131n\u0131 sa\u011flar.<\/p>\n<p>The Brothers Jewellery el i\u015f\u00e7ili\u011fiyle \u00fcretilen bu model, dengeli kal\u0131nl\u0131\u011f\u0131 sayesinde g\u00fcnl\u00fck kullan\u0131m i\u00e7in uygundur. Minimal \u00e7izgilere sahip olmas\u0131na ra\u011fmen karakterli bir duru\u015f sunar. Tek ba\u015f\u0131na kullan\u0131ld\u0131\u011f\u0131nda modern bir sadelik, farkl\u0131 y\u00fcz\u00fcklerle birlikte kullan\u0131ld\u0131\u011f\u0131nda ise daha g\u00fc\u00e7l\u00fc bir stil ifadesi olu\u015fturur.<\/p>","protected":false},"featured_media":1476,"comment_status":"open","ping_status":"closed","template":"","meta":[],"product_brand":[],"product_cat":[74,54],"product_tag":[],"class_list":{"0":"post-1475","1":"product","2":"type-product","3":"status-publish","4":"has-post-thumbnail","6":"product_cat-neoklasik-koleksiyon","7":"product_cat-yuzuk","9":"first","10":"instock","11":"shipping-taxable","12":"purchasable","13":"product-type-variable"},"_links":{"self":[{"href":"https:\/\/brothersjewellery.com\/en\/wp-json\/wp\/v2\/product\/1475","targetHints":{"allow":["GET"]}}],"collection":[{"href":"https:\/\/brothersjewellery.com\/en\/wp-json\/wp\/v2\/product"}],"about":[{"href":"https:\/\/brothersjewellery.com\/en\/wp-json\/wp\/v2\/types\/product"}],"replies":[{"embeddable":true,"href":"https:\/\/brothersjewellery.com\/en\/wp-json\/wp\/v2\/comments?post=1475"}],"wp:featuredmedia":[{"embeddable":true,"href":"https:\/\/brothersjewellery.com\/en\/wp-json\/wp\/v2\/media\/1476"}],"wp:attachment":[{"href":"https:\/\/brothersjewellery.com\/en\/wp-json\/wp\/v2\/media?parent=1475"}],"wp:term":[{"taxonomy":"product_brand","embeddable":true,"href":"https:\/\/brothersjewellery.com\/en\/wp-json\/wp\/v2\/product_brand?post=1475"},{"taxonomy":"product_cat","embeddable":true,"href":"https:\/\/brothersjewellery.com\/en\/wp-json\/wp\/v2\/product_cat?post=1475"},{"taxonomy":"product_tag","embeddable":true,"href":"https:\/\/brothersjewellery.com\/en\/wp-json\/wp\/v2\/product_tag?post=1475"}],"curies":[{"name":"wp","href":"https:\/\/api.w.org\/{rel}","templated":true}]}}