{"id":1480,"date":"2026-02-20T14:37:02","date_gmt":"2026-02-20T11:37:02","guid":{"rendered":"https:\/\/brothersjewellery.com\/?post_type=product&#038;p=1480"},"modified":"2026-04-01T01:20:59","modified_gmt":"2026-03-31T22:20:59","slug":"76-cyber-night-ring","status":"publish","type":"product","link":"https:\/\/brothersjewellery.com\/en\/product\/76-cyber-night-ring\/","title":{"rendered":"76- Cyber Night Ring"},"content":{"rendered":"","protected":false},"excerpt":{"rendered":"<p>Formu itibar\u0131yla bir uzay kask\u0131n\u0131 and\u0131ran, f\u00fct\u00fcristik ve keskin hatlara sahip g\u00fc\u00e7l\u00fc bir tasar\u0131md\u0131r. \u00d6n b\u00f6l\u00fcmde y\u00fckselen viz\u00f6r benzeri yap\u0131, iki yana do\u011fru yay\u0131lan \u00e7izgisel kanallarla birle\u015ferek y\u00fcz\u00fc\u011fe dinamik ve dikkat \u00e7ekici bir sil\u00fcet kazand\u0131r\u0131r.<\/p>\n<p>Parlat\u0131lm\u0131\u015f y\u00fczey ile oksitli detaylar\u0131n kontrast\u0131, tasar\u0131m\u0131n hatlar\u0131n\u0131 belirginle\u015ftirirken par\u00e7aya karanl\u0131k ve modern bir atmosfer katar. Bu etki, gece \u015fehirlerini, metal y\u00fczeylerdeki \u0131\u015f\u0131k yans\u0131malar\u0131n\u0131 ve post-punk esteti\u011fin sert duru\u015funu \u00e7a\u011fr\u0131\u015ft\u0131ran bir karakter olu\u015fturur.<\/p>\n<p>The Brothers Jewellery\u2019nin el i\u015f\u00e7ili\u011fiyle \u00fcretilen Cyber Night Ring, klasik formlardan uzak, daha \u00e7a\u011fda\u015f ve iddial\u0131 bir stil arayanlar i\u00e7in tasarlanm\u0131\u015ft\u0131r. G\u00fcnl\u00fck kullan\u0131mda g\u00fc\u00e7l\u00fc bir ifade sunar; sade kombinlerle birlikte kullan\u0131ld\u0131\u011f\u0131nda modern ve \u00f6zg\u00fcn bir tamamlay\u0131c\u0131 par\u00e7a olarak \u00f6ne \u00e7\u0131kar.<\/p>","protected":false},"featured_media":1481,"comment_status":"open","ping_status":"closed","template":"","meta":[],"product_brand":[],"product_cat":[74,54],"product_tag":[],"class_list":{"0":"post-1480","1":"product","2":"type-product","3":"status-publish","4":"has-post-thumbnail","6":"product_cat-neoklasik-koleksiyon","7":"product_cat-yuzuk","9":"first","10":"instock","11":"shipping-taxable","12":"purchasable","13":"product-type-variable"},"_links":{"self":[{"href":"https:\/\/brothersjewellery.com\/en\/wp-json\/wp\/v2\/product\/1480","targetHints":{"allow":["GET"]}}],"collection":[{"href":"https:\/\/brothersjewellery.com\/en\/wp-json\/wp\/v2\/product"}],"about":[{"href":"https:\/\/brothersjewellery.com\/en\/wp-json\/wp\/v2\/types\/product"}],"replies":[{"embeddable":true,"href":"https:\/\/brothersjewellery.com\/en\/wp-json\/wp\/v2\/comments?post=1480"}],"wp:featuredmedia":[{"embeddable":true,"href":"https:\/\/brothersjewellery.com\/en\/wp-json\/wp\/v2\/media\/1481"}],"wp:attachment":[{"href":"https:\/\/brothersjewellery.com\/en\/wp-json\/wp\/v2\/media?parent=1480"}],"wp:term":[{"taxonomy":"product_brand","embeddable":true,"href":"https:\/\/brothersjewellery.com\/en\/wp-json\/wp\/v2\/product_brand?post=1480"},{"taxonomy":"product_cat","embeddable":true,"href":"https:\/\/brothersjewellery.com\/en\/wp-json\/wp\/v2\/product_cat?post=1480"},{"taxonomy":"product_tag","embeddable":true,"href":"https:\/\/brothersjewellery.com\/en\/wp-json\/wp\/v2\/product_tag?post=1480"}],"curies":[{"name":"wp","href":"https:\/\/api.w.org\/{rel}","templated":true}]}}