{"id":1485,"date":"2026-02-20T14:37:58","date_gmt":"2026-02-20T11:37:58","guid":{"rendered":"https:\/\/brothersjewellery.com\/?post_type=product&#038;p=1485"},"modified":"2026-04-01T01:20:59","modified_gmt":"2026-03-31T22:20:59","slug":"77-twx-16-ring","status":"publish","type":"product","link":"https:\/\/brothersjewellery.com\/en\/product\/77-twx-16-ring\/","title":{"rendered":"77- TWX-16 Ring"},"content":{"rendered":"","protected":false},"excerpt":{"rendered":"<p>F\u00fct\u00fcristik post-punk esteti\u011finden ilham alan TWX-16 Ring, i\u00e7 i\u00e7e ge\u00e7mi\u015f \u00e7ift dalga formuyla s\u0131radan y\u00fcz\u00fcklerden tamamen ayr\u0131l\u0131yor. Modern tekniklerle 925 ayar g\u00fcm\u00fc\u015ften \u00fcretilen bu par\u00e7a, minimalist ama iddial\u0131 bir duru\u015f sunuyor.Unisex tasar\u0131m\u0131yla g\u00fcnl\u00fck stilinize cyber bir dokunu\u015f kat\u0131yor \u2013 tek ba\u015f\u0131na bile yeterince dikkat \u00e7ekici<\/p>","protected":false},"featured_media":1486,"comment_status":"open","ping_status":"closed","template":"","meta":[],"product_brand":[],"product_cat":[74,54],"product_tag":[],"class_list":{"0":"post-1485","1":"product","2":"type-product","3":"status-publish","4":"has-post-thumbnail","6":"product_cat-neoklasik-koleksiyon","7":"product_cat-yuzuk","9":"first","10":"instock","11":"shipping-taxable","12":"purchasable","13":"product-type-variable"},"_links":{"self":[{"href":"https:\/\/brothersjewellery.com\/en\/wp-json\/wp\/v2\/product\/1485","targetHints":{"allow":["GET"]}}],"collection":[{"href":"https:\/\/brothersjewellery.com\/en\/wp-json\/wp\/v2\/product"}],"about":[{"href":"https:\/\/brothersjewellery.com\/en\/wp-json\/wp\/v2\/types\/product"}],"replies":[{"embeddable":true,"href":"https:\/\/brothersjewellery.com\/en\/wp-json\/wp\/v2\/comments?post=1485"}],"wp:featuredmedia":[{"embeddable":true,"href":"https:\/\/brothersjewellery.com\/en\/wp-json\/wp\/v2\/media\/1486"}],"wp:attachment":[{"href":"https:\/\/brothersjewellery.com\/en\/wp-json\/wp\/v2\/media?parent=1485"}],"wp:term":[{"taxonomy":"product_brand","embeddable":true,"href":"https:\/\/brothersjewellery.com\/en\/wp-json\/wp\/v2\/product_brand?post=1485"},{"taxonomy":"product_cat","embeddable":true,"href":"https:\/\/brothersjewellery.com\/en\/wp-json\/wp\/v2\/product_cat?post=1485"},{"taxonomy":"product_tag","embeddable":true,"href":"https:\/\/brothersjewellery.com\/en\/wp-json\/wp\/v2\/product_tag?post=1485"}],"curies":[{"name":"wp","href":"https:\/\/api.w.org\/{rel}","templated":true}]}}