{"id":1489,"date":"2026-02-20T14:38:44","date_gmt":"2026-02-20T11:38:44","guid":{"rendered":"https:\/\/brothersjewellery.com\/?post_type=product&#038;p=1489"},"modified":"2026-04-01T01:20:48","modified_gmt":"2026-03-31T22:20:48","slug":"78-or-7-ring","status":"publish","type":"product","link":"https:\/\/brothersjewellery.com\/en\/product\/78-or-7-ring\/","title":{"rendered":"78- OR-7 Ring"},"content":{"rendered":"","protected":false},"excerpt":{"rendered":"<p>Sade ve f\u00fct\u00fcristik \u00e7izgileriyle tasarlanm\u0131\u015f modern bir y\u00fcz\u00fckt\u00fcr. \u00dcst b\u00f6l\u00fcmde yer alan yumu\u015fak, tek par\u00e7a form; bir uzay arac\u0131 g\u00f6vdesini and\u0131ran ak\u0131c\u0131 ve aerodinamik bir siluet olu\u015fturur. Abart\u0131dan uzak, net ve dengeli hatlar\u0131yla dikkat \u00e7eken bu tasar\u0131m, minimal esteti\u011fin g\u00fc\u00e7l\u00fc bir yorumudur.<\/p>\n<p>Yan k\u0131s\u0131mlardaki a\u00e7\u0131k yap\u0131 y\u00fcz\u00fc\u011fe mimari bir hafiflik kazand\u0131r\u0131rken, \u00fcstteki p\u00fcr\u00fczs\u00fcz y\u00fczey \u0131\u015f\u0131\u011f\u0131 tek bir ak\u0131\u015f halinde yans\u0131t\u0131r. Formun merkezde toplanmas\u0131, tasar\u0131ma sakin ama karakterli bir duru\u015f verir. Her a\u00e7\u0131dan farkl\u0131 bir hat yakalanmas\u0131, y\u00fcz\u00fc\u011f\u00fc k\u00fc\u00e7\u00fck bir tasar\u0131m objesine d\u00f6n\u00fc\u015ft\u00fcr\u00fcr.<\/p>\n<p>The Brothers Jewellery el i\u015f\u00e7ili\u011fiyle \u00fcretilen OR-7, modern ve zamans\u0131z bir par\u00e7a arayanlar i\u00e7in tasarlanm\u0131\u015ft\u0131r. G\u00fcnl\u00fck kullan\u0131mda sade bir \u015f\u0131kl\u0131k sunarken, f\u00fct\u00fcristik \u00e7izgileri sayesinde stil sahibi ve \u00f6zg\u00fcn bir ifade yarat\u0131r.<\/p>","protected":false},"featured_media":1490,"comment_status":"open","ping_status":"closed","template":"","meta":[],"product_brand":[],"product_cat":[74,54],"product_tag":[],"class_list":{"0":"post-1489","1":"product","2":"type-product","3":"status-publish","4":"has-post-thumbnail","6":"product_cat-neoklasik-koleksiyon","7":"product_cat-yuzuk","9":"first","10":"instock","11":"shipping-taxable","12":"purchasable","13":"product-type-variable"},"_links":{"self":[{"href":"https:\/\/brothersjewellery.com\/en\/wp-json\/wp\/v2\/product\/1489","targetHints":{"allow":["GET"]}}],"collection":[{"href":"https:\/\/brothersjewellery.com\/en\/wp-json\/wp\/v2\/product"}],"about":[{"href":"https:\/\/brothersjewellery.com\/en\/wp-json\/wp\/v2\/types\/product"}],"replies":[{"embeddable":true,"href":"https:\/\/brothersjewellery.com\/en\/wp-json\/wp\/v2\/comments?post=1489"}],"wp:featuredmedia":[{"embeddable":true,"href":"https:\/\/brothersjewellery.com\/en\/wp-json\/wp\/v2\/media\/1490"}],"wp:attachment":[{"href":"https:\/\/brothersjewellery.com\/en\/wp-json\/wp\/v2\/media?parent=1489"}],"wp:term":[{"taxonomy":"product_brand","embeddable":true,"href":"https:\/\/brothersjewellery.com\/en\/wp-json\/wp\/v2\/product_brand?post=1489"},{"taxonomy":"product_cat","embeddable":true,"href":"https:\/\/brothersjewellery.com\/en\/wp-json\/wp\/v2\/product_cat?post=1489"},{"taxonomy":"product_tag","embeddable":true,"href":"https:\/\/brothersjewellery.com\/en\/wp-json\/wp\/v2\/product_tag?post=1489"}],"curies":[{"name":"wp","href":"https:\/\/api.w.org\/{rel}","templated":true}]}}