{"id":1498,"date":"2026-02-20T14:40:30","date_gmt":"2026-02-20T11:40:30","guid":{"rendered":"https:\/\/brothersjewellery.com\/?post_type=product&#038;p=1498"},"modified":"2026-04-01T01:20:37","modified_gmt":"2026-03-31T22:20:37","slug":"80-ov-3-ring","status":"publish","type":"product","link":"https:\/\/brothersjewellery.com\/en\/product\/80-ov-3-ring\/","title":{"rendered":"80- OV-3 Ring"},"content":{"rendered":"","protected":false},"excerpt":{"rendered":"<p>Klasik m\u00fch\u00fcr y\u00fcz\u00fcklerinden ilham alan sade ve dengeli bir tasar\u0131ma sahiptir. \u00dcst b\u00f6l\u00fcmde yer alan oval form, mat y\u00fczeyiyle yumu\u015fak bir \u0131\u015f\u0131k yans\u0131mas\u0131 sunarken; yan k\u0131s\u0131mlardaki hafif dokulu detaylar y\u00fcz\u00fc\u011fe karakter ve derinlik kazand\u0131r\u0131r.<\/p>\n<p>G\u00f6steri\u015ften uzak, net hatlara sahip bu model, zamans\u0131z bir estetik anlay\u0131\u015f\u0131 ta\u015f\u0131r. Parma\u011fa oturan yap\u0131s\u0131 ve \u00f6l\u00e7\u00fcl\u00fc kal\u0131nl\u0131\u011f\u0131 sayesinde g\u00fcnl\u00fck kullan\u0131m i\u00e7in konforlu bir duru\u015f sunarken, vintage ile modern aras\u0131nda dengeli bir stil olu\u015fturur.<\/p>\n<p>The Brothers Jewellery el i\u015f\u00e7ili\u011fiyle \u00fcretilen OV-3 Ring, minimal ve anlaml\u0131 par\u00e7alar\u0131 tercih edenler i\u00e7in tasarlanm\u0131\u015ft\u0131r. \u0130ster tek ba\u015f\u0131na sade bir imza par\u00e7as\u0131 olarak, ister farkl\u0131 y\u00fcz\u00fcklerle birlikte tamamlay\u0131c\u0131 bir detay olarak kullan\u0131labilecek zamans\u0131z bir modeldir.<\/p>","protected":false},"featured_media":1499,"comment_status":"open","ping_status":"closed","template":"","meta":[],"product_brand":[],"product_cat":[73,54],"product_tag":[],"class_list":{"0":"post-1498","1":"product","2":"type-product","3":"status-publish","4":"has-post-thumbnail","6":"product_cat-signet-koleksiyonu","7":"product_cat-yuzuk","9":"first","10":"instock","11":"shipping-taxable","12":"purchasable","13":"product-type-variable"},"_links":{"self":[{"href":"https:\/\/brothersjewellery.com\/en\/wp-json\/wp\/v2\/product\/1498","targetHints":{"allow":["GET"]}}],"collection":[{"href":"https:\/\/brothersjewellery.com\/en\/wp-json\/wp\/v2\/product"}],"about":[{"href":"https:\/\/brothersjewellery.com\/en\/wp-json\/wp\/v2\/types\/product"}],"replies":[{"embeddable":true,"href":"https:\/\/brothersjewellery.com\/en\/wp-json\/wp\/v2\/comments?post=1498"}],"wp:featuredmedia":[{"embeddable":true,"href":"https:\/\/brothersjewellery.com\/en\/wp-json\/wp\/v2\/media\/1499"}],"wp:attachment":[{"href":"https:\/\/brothersjewellery.com\/en\/wp-json\/wp\/v2\/media?parent=1498"}],"wp:term":[{"taxonomy":"product_brand","embeddable":true,"href":"https:\/\/brothersjewellery.com\/en\/wp-json\/wp\/v2\/product_brand?post=1498"},{"taxonomy":"product_cat","embeddable":true,"href":"https:\/\/brothersjewellery.com\/en\/wp-json\/wp\/v2\/product_cat?post=1498"},{"taxonomy":"product_tag","embeddable":true,"href":"https:\/\/brothersjewellery.com\/en\/wp-json\/wp\/v2\/product_tag?post=1498"}],"curies":[{"name":"wp","href":"https:\/\/api.w.org\/{rel}","templated":true}]}}