{"id":1532,"date":"2026-03-02T14:27:33","date_gmt":"2026-03-02T11:27:33","guid":{"rendered":"https:\/\/brothersjewellery.com\/?post_type=product&#038;p=1532"},"modified":"2026-04-01T01:20:17","modified_gmt":"2026-03-31T22:20:17","slug":"84-morvain","status":"publish","type":"product","link":"https:\/\/brothersjewellery.com\/en\/product\/84-morvain\/","title":{"rendered":"84-Morvain"},"content":{"rendered":"","protected":false},"excerpt":{"rendered":"<p>Morvain, y\u00fczeyini saran yo\u011fun motifleri ve merkezde yer alan g\u00fc\u00e7l\u00fc formuyla eski bir m\u00fch\u00fcr ya da kadim bir obje hissi ta\u015f\u0131yan karakterli bir tasar\u0131md\u0131r. \u00d6n y\u00fcz\u00fcndeki ak\u0131\u015fkan kabartmalar, \u0131\u015f\u0131\u011fa g\u00f6re de\u011fi\u015fen derinlikler olu\u015fturarak par\u00e7aya hareket ve canl\u0131l\u0131k katar. Yan y\u00fczeylerde devam eden detayl\u0131 i\u015f\u00e7ilik ise y\u00fcz\u00fc\u011fe b\u00fct\u00fcnl\u00fckl\u00fc ve heykelsi bir g\u00f6r\u00fcn\u00fcm kazand\u0131r\u0131r.<\/p>\n<p>The Brothers Jewellery at\u00f6lyesinde el i\u015f\u00e7ili\u011fiyle \u00fcretilen bu y\u00fcz\u00fck, zamans\u0131z bir esteti\u011fi modern bir duru\u015fla bir araya getirir. Oksitli g\u00fcm\u00fc\u015f y\u00fczey, motiflerin belirginli\u011fini art\u0131r\u0131rken par\u00e7aya ya\u015fanm\u0131\u015fl\u0131k hissi ve g\u00fc\u00e7l\u00fc bir karakter kazand\u0131r\u0131r. Geni\u015f ve dengeli formu sayesinde elde belirgin bir a\u011f\u0131rl\u0131k ve duru\u015f sunar.<\/p>","protected":false},"featured_media":1533,"comment_status":"open","ping_status":"closed","template":"","meta":[],"product_brand":[],"product_cat":[77,54],"product_tag":[],"class_list":{"0":"post-1532","1":"product","2":"type-product","3":"status-publish","4":"has-post-thumbnail","6":"product_cat-antik-ilkel-tasarim-koleksiyonu","7":"product_cat-yuzuk","9":"first","10":"instock","11":"shipping-taxable","12":"purchasable","13":"product-type-variable"},"_links":{"self":[{"href":"https:\/\/brothersjewellery.com\/en\/wp-json\/wp\/v2\/product\/1532","targetHints":{"allow":["GET"]}}],"collection":[{"href":"https:\/\/brothersjewellery.com\/en\/wp-json\/wp\/v2\/product"}],"about":[{"href":"https:\/\/brothersjewellery.com\/en\/wp-json\/wp\/v2\/types\/product"}],"replies":[{"embeddable":true,"href":"https:\/\/brothersjewellery.com\/en\/wp-json\/wp\/v2\/comments?post=1532"}],"wp:featuredmedia":[{"embeddable":true,"href":"https:\/\/brothersjewellery.com\/en\/wp-json\/wp\/v2\/media\/1533"}],"wp:attachment":[{"href":"https:\/\/brothersjewellery.com\/en\/wp-json\/wp\/v2\/media?parent=1532"}],"wp:term":[{"taxonomy":"product_brand","embeddable":true,"href":"https:\/\/brothersjewellery.com\/en\/wp-json\/wp\/v2\/product_brand?post=1532"},{"taxonomy":"product_cat","embeddable":true,"href":"https:\/\/brothersjewellery.com\/en\/wp-json\/wp\/v2\/product_cat?post=1532"},{"taxonomy":"product_tag","embeddable":true,"href":"https:\/\/brothersjewellery.com\/en\/wp-json\/wp\/v2\/product_tag?post=1532"}],"curies":[{"name":"wp","href":"https:\/\/api.w.org\/{rel}","templated":true}]}}