{"id":1542,"date":"2026-03-02T14:29:49","date_gmt":"2026-03-02T11:29:49","guid":{"rendered":"https:\/\/brothersjewellery.com\/?post_type=product&#038;p=1542"},"modified":"2026-04-01T01:20:05","modified_gmt":"2026-03-31T22:20:05","slug":"86-alexion","status":"publish","type":"product","link":"https:\/\/brothersjewellery.com\/en\/product\/86-alexion\/","title":{"rendered":"86- Alexion"},"content":{"rendered":"","protected":false},"excerpt":{"rendered":"<p>Alexion, antik d\u00fcnyan\u0131n ihti\u015fam\u0131n\u0131 ve g\u00fcc\u00fcn\u00fc parmakta ta\u015f\u0131yan heykelsi bir tasar\u0131md\u0131r. Y\u00fcz\u00fc\u011f\u00fcn merkezinde yer alan B\u00fcy\u00fck \u0130skender fig\u00fcr\u00fc, tarih boyunca g\u00fc\u00e7, fetih ve kararl\u0131l\u0131kla \u00f6zde\u015fle\u015fmi\u015f bir sembol olarak \u00f6ne \u00e7\u0131kar. Yan y\u00fczeylerde y\u00fckselen \u0130yon s\u00fctunlar\u0131n\u0131 and\u0131ran formlar ise bu par\u00e7aya mimari bir derinlik ve klasik bir asalet kazand\u0131r\u0131r.<\/p>\n<p>The Brothers Jewellery at\u00f6lyesinde el i\u015f\u00e7ili\u011fiyle \u00fcretilen bu y\u00fcz\u00fck, bir tak\u0131dan \u00e7ok tarihsel bir obje hissi ta\u015f\u0131r. Oksitli g\u00fcm\u00fc\u015f y\u00fczey, fig\u00fcr\u00fcn ve s\u00fctun detaylar\u0131n\u0131n belirginli\u011fini art\u0131rarak y\u00fcz\u00fc\u011fe ya\u015fanm\u0131\u015fl\u0131k ve zamans\u0131zl\u0131k katar. G\u00fc\u00e7l\u00fc ve dengeli formu sayesinde elde belirgin bir a\u011f\u0131rl\u0131k ve karakter sunar.<\/p>\n<p>Not:<\/p>\n<p>Bu \u00fcr\u00fcn, antik \u00e7a\u011f esteti\u011fi ve sembolik unsurlar\u0131ndan ilham al\u0131narak g\u00fcn\u00fcm\u00fczde tasarlanm\u0131\u015f ve \u00fcretilmi\u015f \u00e7a\u011fda\u015f bir \u00e7al\u0131\u015fmad\u0131r. Herhangi bir arkeolojik eser, tarih\u00ee buluntu veya belirli bir tarihsel ki\u015filikle do\u011frudan bir ba\u011flant\u0131s\u0131 bulunmamaktad\u0131r. Antik d\u00f6nemlere ait orijinal bir par\u00e7a de\u011fildir; tasar\u0131mda yer alan t\u00fcm \u00f6\u011feler sanatsal yorum ve esinlenme niteli\u011findedir.<\/p>","protected":false},"featured_media":1543,"comment_status":"open","ping_status":"closed","template":"","meta":[],"product_brand":[],"product_cat":[77,54],"product_tag":[],"class_list":{"0":"post-1542","1":"product","2":"type-product","3":"status-publish","4":"has-post-thumbnail","6":"product_cat-antik-ilkel-tasarim-koleksiyonu","7":"product_cat-yuzuk","9":"first","10":"instock","11":"shipping-taxable","12":"purchasable","13":"product-type-variable"},"_links":{"self":[{"href":"https:\/\/brothersjewellery.com\/en\/wp-json\/wp\/v2\/product\/1542","targetHints":{"allow":["GET"]}}],"collection":[{"href":"https:\/\/brothersjewellery.com\/en\/wp-json\/wp\/v2\/product"}],"about":[{"href":"https:\/\/brothersjewellery.com\/en\/wp-json\/wp\/v2\/types\/product"}],"replies":[{"embeddable":true,"href":"https:\/\/brothersjewellery.com\/en\/wp-json\/wp\/v2\/comments?post=1542"}],"wp:featuredmedia":[{"embeddable":true,"href":"https:\/\/brothersjewellery.com\/en\/wp-json\/wp\/v2\/media\/1543"}],"wp:attachment":[{"href":"https:\/\/brothersjewellery.com\/en\/wp-json\/wp\/v2\/media?parent=1542"}],"wp:term":[{"taxonomy":"product_brand","embeddable":true,"href":"https:\/\/brothersjewellery.com\/en\/wp-json\/wp\/v2\/product_brand?post=1542"},{"taxonomy":"product_cat","embeddable":true,"href":"https:\/\/brothersjewellery.com\/en\/wp-json\/wp\/v2\/product_cat?post=1542"},{"taxonomy":"product_tag","embeddable":true,"href":"https:\/\/brothersjewellery.com\/en\/wp-json\/wp\/v2\/product_tag?post=1542"}],"curies":[{"name":"wp","href":"https:\/\/api.w.org\/{rel}","templated":true}]}}