{"id":1547,"date":"2026-03-02T14:30:59","date_gmt":"2026-03-02T11:30:59","guid":{"rendered":"https:\/\/brothersjewellery.com\/?post_type=product&#038;p=1547"},"modified":"2026-04-01T01:20:05","modified_gmt":"2026-03-31T22:20:05","slug":"87-aurelios","status":"publish","type":"product","link":"https:\/\/brothersjewellery.com\/en\/product\/87-aurelios\/","title":{"rendered":"87-Aurelios"},"content":{"rendered":"","protected":false},"excerpt":{"rendered":"<p>Aurelios, antik m\u00fch\u00fcr y\u00fcz\u00fcklerinin zarif ve anlam y\u00fckl\u00fc esteti\u011finden ilham alan, sade ama karakterli bir tasar\u0131md\u0131r. Merkezde yer alan kabartma fig\u00fcr, eski bir madalyon ya da zamanla a\u015f\u0131nm\u0131\u015f bir m\u00fch\u00fcr izlenimi verirken, y\u00fcz\u00fc\u011f\u00fcn yan y\u00fczeylerinde yer alan yumu\u015fak k\u0131vr\u0131mlar par\u00e7aya do\u011fal bir ak\u0131\u015f kazand\u0131r\u0131r.<\/p>\n<p>The Brothers Jewellery at\u00f6lyesinde el i\u015f\u00e7ili\u011fiyle \u00fcretilen bu y\u00fcz\u00fck, g\u00f6steri\u015ften uzak ama derin bir karakter ta\u015f\u0131yan tasar\u0131m anlay\u0131\u015f\u0131n\u0131 yans\u0131t\u0131r. Oksitli g\u00fcm\u00fc\u015f y\u00fczey, detaylar\u0131n belirginli\u011fini art\u0131rarak y\u00fcz\u00fc\u011fe ya\u015fanm\u0131\u015fl\u0131k hissi ve zamans\u0131z bir g\u00f6r\u00fcn\u00fcm kazand\u0131r\u0131r. G\u00fcnl\u00fck kullan\u0131mda rahatl\u0131kla ta\u015f\u0131nabilecek formu sayesinde sade bir \u015f\u0131kl\u0131k sunar.<\/p>\n<p>Not:<\/p>\n<p>Bu \u00fcr\u00fcn, antik \u00e7a\u011f esteti\u011fi ve sembolik unsurlar\u0131ndan ilham al\u0131narak g\u00fcn\u00fcm\u00fczde tasarlanm\u0131\u015f ve \u00fcretilmi\u015f \u00e7a\u011fda\u015f bir \u00e7al\u0131\u015fmad\u0131r. Herhangi bir arkeolojik eser, tarih\u00ee buluntu veya belirli bir tarihsel ki\u015filikle do\u011frudan bir ba\u011flant\u0131s\u0131 bulunmamaktad\u0131r. Antik d\u00f6nemlere ait orijinal bir par\u00e7a de\u011fildir; tasar\u0131mda yer alan t\u00fcm \u00f6\u011feler sanatsal yorum ve esinlenme niteli\u011findedir.<\/p>","protected":false},"featured_media":1548,"comment_status":"open","ping_status":"closed","template":"","meta":[],"product_brand":[],"product_cat":[77,54],"product_tag":[],"class_list":{"0":"post-1547","1":"product","2":"type-product","3":"status-publish","4":"has-post-thumbnail","6":"product_cat-antik-ilkel-tasarim-koleksiyonu","7":"product_cat-yuzuk","9":"first","10":"instock","11":"shipping-taxable","12":"purchasable","13":"product-type-variable"},"_links":{"self":[{"href":"https:\/\/brothersjewellery.com\/en\/wp-json\/wp\/v2\/product\/1547","targetHints":{"allow":["GET"]}}],"collection":[{"href":"https:\/\/brothersjewellery.com\/en\/wp-json\/wp\/v2\/product"}],"about":[{"href":"https:\/\/brothersjewellery.com\/en\/wp-json\/wp\/v2\/types\/product"}],"replies":[{"embeddable":true,"href":"https:\/\/brothersjewellery.com\/en\/wp-json\/wp\/v2\/comments?post=1547"}],"wp:featuredmedia":[{"embeddable":true,"href":"https:\/\/brothersjewellery.com\/en\/wp-json\/wp\/v2\/media\/1548"}],"wp:attachment":[{"href":"https:\/\/brothersjewellery.com\/en\/wp-json\/wp\/v2\/media?parent=1547"}],"wp:term":[{"taxonomy":"product_brand","embeddable":true,"href":"https:\/\/brothersjewellery.com\/en\/wp-json\/wp\/v2\/product_brand?post=1547"},{"taxonomy":"product_cat","embeddable":true,"href":"https:\/\/brothersjewellery.com\/en\/wp-json\/wp\/v2\/product_cat?post=1547"},{"taxonomy":"product_tag","embeddable":true,"href":"https:\/\/brothersjewellery.com\/en\/wp-json\/wp\/v2\/product_tag?post=1547"}],"curies":[{"name":"wp","href":"https:\/\/api.w.org\/{rel}","templated":true}]}}