{"id":1552,"date":"2026-03-02T14:32:01","date_gmt":"2026-03-02T11:32:01","guid":{"rendered":"https:\/\/brothersjewellery.com\/?post_type=product&#038;p=1552"},"modified":"2026-04-01T01:19:55","modified_gmt":"2026-03-31T22:19:55","slug":"88-relicta","status":"publish","type":"product","link":"https:\/\/brothersjewellery.com\/en\/product\/88-relicta\/","title":{"rendered":"88- Relicta"},"content":{"rendered":"","protected":false},"excerpt":{"rendered":"<p>Relicta, k\u0131r\u0131lm\u0131\u015f bir lahitten kopmu\u015f bir par\u00e7a hissi veren ham ve etkileyici bir tasar\u0131ma sahiptir. \u00dcst b\u00f6l\u00fcmdeki d\u00fczensiz, katmanl\u0131 form; zaman\u0131n a\u015f\u0131nd\u0131rd\u0131\u011f\u0131 bir y\u00fczeyi, kopmu\u015f bir ta\u015f par\u00e7as\u0131n\u0131 ya da eski bir yap\u0131n\u0131n kal\u0131nt\u0131s\u0131n\u0131 and\u0131r\u0131r. Bu bilin\u00e7li p\u00fcr\u00fczl\u00fc yap\u0131, y\u00fcz\u00fc\u011fe g\u00fc\u00e7l\u00fc bir tarih duygusu ve derin bir karakter kazand\u0131r\u0131r.<\/p>\n<p>The Brothers Jewellery at\u00f6lyesinde el i\u015f\u00e7ili\u011fiyle \u00fcretilen bu y\u00fcz\u00fck, kusursuzluktan \u00e7ok iz ta\u015f\u0131yan y\u00fczeylerin de\u011ferini \u00f6n plana \u00e7\u0131kar\u0131r. Oksitli g\u00fcm\u00fc\u015f dokusu, \u00e7atlak ve katman hissini belirginle\u015ftirerek par\u00e7aya ya\u015fanm\u0131\u015fl\u0131k ve a\u011f\u0131rl\u0131k hissi katar. Geni\u015f ve sa\u011flam formu sayesinde elde sade ama dikkat \u00e7ekici bir duru\u015f sunar.<\/p>\n<p>&nbsp;<\/p>","protected":false},"featured_media":1553,"comment_status":"open","ping_status":"closed","template":"","meta":[],"product_brand":[],"product_cat":[77,54],"product_tag":[],"class_list":{"0":"post-1552","1":"product","2":"type-product","3":"status-publish","4":"has-post-thumbnail","6":"product_cat-antik-ilkel-tasarim-koleksiyonu","7":"product_cat-yuzuk","9":"first","10":"instock","11":"shipping-taxable","12":"purchasable","13":"product-type-variable"},"_links":{"self":[{"href":"https:\/\/brothersjewellery.com\/en\/wp-json\/wp\/v2\/product\/1552","targetHints":{"allow":["GET"]}}],"collection":[{"href":"https:\/\/brothersjewellery.com\/en\/wp-json\/wp\/v2\/product"}],"about":[{"href":"https:\/\/brothersjewellery.com\/en\/wp-json\/wp\/v2\/types\/product"}],"replies":[{"embeddable":true,"href":"https:\/\/brothersjewellery.com\/en\/wp-json\/wp\/v2\/comments?post=1552"}],"wp:featuredmedia":[{"embeddable":true,"href":"https:\/\/brothersjewellery.com\/en\/wp-json\/wp\/v2\/media\/1553"}],"wp:attachment":[{"href":"https:\/\/brothersjewellery.com\/en\/wp-json\/wp\/v2\/media?parent=1552"}],"wp:term":[{"taxonomy":"product_brand","embeddable":true,"href":"https:\/\/brothersjewellery.com\/en\/wp-json\/wp\/v2\/product_brand?post=1552"},{"taxonomy":"product_cat","embeddable":true,"href":"https:\/\/brothersjewellery.com\/en\/wp-json\/wp\/v2\/product_cat?post=1552"},{"taxonomy":"product_tag","embeddable":true,"href":"https:\/\/brothersjewellery.com\/en\/wp-json\/wp\/v2\/product_tag?post=1552"}],"curies":[{"name":"wp","href":"https:\/\/api.w.org\/{rel}","templated":true}]}}