{"id":1557,"date":"2026-03-02T14:33:00","date_gmt":"2026-03-02T11:33:00","guid":{"rendered":"https:\/\/brothersjewellery.com\/?post_type=product&#038;p=1557"},"modified":"2026-04-01T01:19:55","modified_gmt":"2026-03-31T22:19:55","slug":"89-vetrion","status":"publish","type":"product","link":"https:\/\/brothersjewellery.com\/en\/product\/89-vetrion\/","title":{"rendered":"89-Vetrion"},"content":{"rendered":"","protected":false},"excerpt":{"rendered":"<p>Vetrion, eski \u00e7a\u011flar\u0131n sembolik d\u00fcnyas\u0131n\u0131 \u00e7a\u011fr\u0131\u015ft\u0131ran g\u00fc\u00e7l\u00fc ve karakterli bir tasar\u0131md\u0131r. Y\u00fcz\u00fc\u011f\u00fcn merkezinde yer alan dairesel i\u015faret, kadim bir m\u00fch\u00fcr ya da y\u00f6n sembol\u00fc hissi uyand\u0131r\u0131rken; etraf\u0131n\u0131 saran p\u00fcr\u00fczl\u00fc y\u00fczey dokusu par\u00e7aya ham, ya\u015fanm\u0131\u015f ve zamans\u0131z bir kimlik kazand\u0131r\u0131r. A\u00e7\u0131k form yap\u0131s\u0131 ise hem modern bir dokunu\u015f hem de rahat bir kullan\u0131m sunar.<\/p>\n<p>The Brothers Jewellery at\u00f6lyesinde tamamen el i\u015f\u00e7ili\u011fiyle \u00fcretilen bu y\u00fcz\u00fck, antik esteti\u011fin \u00e7a\u011fda\u015f bir yorumudur. Oksitli g\u00fcm\u00fc\u015f y\u00fczey, detaylar\u0131n derinli\u011fini art\u0131rarak sembol\u00fcn daha belirgin ve g\u00fc\u00e7l\u00fc bir \u015fekilde ortaya \u00e7\u0131kmas\u0131n\u0131 sa\u011flar. Y\u00fczeydeki \u00e7eki\u00e7 izleri ve do\u011fal dokular, y\u00fcz\u00fc\u011f\u00fcn karakterini olu\u015fturan en \u00f6nemli unsurlardan biridir.<\/p>","protected":false},"featured_media":1558,"comment_status":"open","ping_status":"closed","template":"","meta":[],"product_brand":[],"product_cat":[77,54],"product_tag":[],"class_list":{"0":"post-1557","1":"product","2":"type-product","3":"status-publish","4":"has-post-thumbnail","6":"product_cat-antik-ilkel-tasarim-koleksiyonu","7":"product_cat-yuzuk","9":"first","10":"instock","11":"shipping-taxable","12":"purchasable","13":"product-type-variable"},"_links":{"self":[{"href":"https:\/\/brothersjewellery.com\/en\/wp-json\/wp\/v2\/product\/1557","targetHints":{"allow":["GET"]}}],"collection":[{"href":"https:\/\/brothersjewellery.com\/en\/wp-json\/wp\/v2\/product"}],"about":[{"href":"https:\/\/brothersjewellery.com\/en\/wp-json\/wp\/v2\/types\/product"}],"replies":[{"embeddable":true,"href":"https:\/\/brothersjewellery.com\/en\/wp-json\/wp\/v2\/comments?post=1557"}],"wp:featuredmedia":[{"embeddable":true,"href":"https:\/\/brothersjewellery.com\/en\/wp-json\/wp\/v2\/media\/1558"}],"wp:attachment":[{"href":"https:\/\/brothersjewellery.com\/en\/wp-json\/wp\/v2\/media?parent=1557"}],"wp:term":[{"taxonomy":"product_brand","embeddable":true,"href":"https:\/\/brothersjewellery.com\/en\/wp-json\/wp\/v2\/product_brand?post=1557"},{"taxonomy":"product_cat","embeddable":true,"href":"https:\/\/brothersjewellery.com\/en\/wp-json\/wp\/v2\/product_cat?post=1557"},{"taxonomy":"product_tag","embeddable":true,"href":"https:\/\/brothersjewellery.com\/en\/wp-json\/wp\/v2\/product_tag?post=1557"}],"curies":[{"name":"wp","href":"https:\/\/api.w.org\/{rel}","templated":true}]}}