{"id":1562,"date":"2026-03-02T14:33:49","date_gmt":"2026-03-02T11:33:49","guid":{"rendered":"https:\/\/brothersjewellery.com\/?post_type=product&#038;p=1562"},"modified":"2026-04-01T01:19:45","modified_gmt":"2026-03-31T22:19:45","slug":"90-alexandros","status":"publish","type":"product","link":"https:\/\/brothersjewellery.com\/en\/product\/90-alexandros\/","title":{"rendered":"90-Alexandros"},"content":{"rendered":"","protected":false},"excerpt":{"rendered":"<p>Alexandros, Roma uygarl\u0131\u011f\u0131 d\u00f6neminin y\u00fcz\u00fcklerinden ilham al\u0131narak tasarlanm\u0131\u015f, merkezinde B\u00fcy\u00fck \u0130skender fig\u00fcr\u00fcn\u00fc ta\u015f\u0131yan g\u00fc\u00e7l\u00fc ve karakter sahibi bir par\u00e7ad\u0131r. Kabartma portre formu, y\u00fcz\u00fc\u011fe tarihsel bir ifade kazand\u0131r\u0131rken \u00e7evresindeki \u00e7er\u00e7eve ve y\u00fczey dokular\u0131 tasar\u0131ma derinlik ve a\u011f\u0131rl\u0131k hissi katar.<\/p>\n<p>Belirgin hatlara sahip g\u00f6vdesi ve bilin\u00e7li eskitme efekti, y\u00fcz\u00fc\u011fe zamans\u0131z bir g\u00f6r\u00fcn\u00fcm verir. G\u00f6steri\u015fli olmadan dikkat \u00e7eken bu tasar\u0131m, parmakta g\u00fc\u00e7l\u00fc bir duru\u015f olu\u015fturur ve klasik estetikle modern i\u015f\u00e7ili\u011fin dengeli bir birle\u015fimini yans\u0131t\u0131r.<\/p>\n<p>The Brothers Jewellery at\u00f6lyesinde elde \u015fekillendirilen Alexandros, antik d\u00fcnyan\u0131n ikonik fig\u00fcrlerinden birinin yorumlanm\u0131\u015f siluetini ta\u015f\u0131yan \u00f6zg\u00fcn bir tasar\u0131md\u0131r. G\u00fcnl\u00fck kullan\u0131m i\u00e7in uygun, ancak s\u0131radanl\u0131ktan uzak bir karakter sunar.<\/p>\n<p>Hukuki Not:<\/p>\n<p>Bu \u00fcr\u00fcn, Roma uygarl\u0131\u011f\u0131 d\u00f6nemi esteti\u011finden ve B\u00fcy\u00fck \u0130skender fig\u00fcr\u00fcnden ilham al\u0131narak tasarlanm\u0131\u015f \u00e7a\u011fda\u015f bir \u00e7al\u0131\u015fmad\u0131r. Herhangi bir tarih\u00ee eserle do\u011frudan ba\u011flant\u0131s\u0131 bulunmamaktad\u0131r.<\/p>","protected":false},"featured_media":1563,"comment_status":"open","ping_status":"closed","template":"","meta":[],"product_brand":[],"product_cat":[77,54],"product_tag":[],"class_list":{"0":"post-1562","1":"product","2":"type-product","3":"status-publish","4":"has-post-thumbnail","6":"product_cat-antik-ilkel-tasarim-koleksiyonu","7":"product_cat-yuzuk","9":"first","10":"instock","11":"shipping-taxable","12":"purchasable","13":"product-type-variable"},"_links":{"self":[{"href":"https:\/\/brothersjewellery.com\/en\/wp-json\/wp\/v2\/product\/1562","targetHints":{"allow":["GET"]}}],"collection":[{"href":"https:\/\/brothersjewellery.com\/en\/wp-json\/wp\/v2\/product"}],"about":[{"href":"https:\/\/brothersjewellery.com\/en\/wp-json\/wp\/v2\/types\/product"}],"replies":[{"embeddable":true,"href":"https:\/\/brothersjewellery.com\/en\/wp-json\/wp\/v2\/comments?post=1562"}],"wp:featuredmedia":[{"embeddable":true,"href":"https:\/\/brothersjewellery.com\/en\/wp-json\/wp\/v2\/media\/1563"}],"wp:attachment":[{"href":"https:\/\/brothersjewellery.com\/en\/wp-json\/wp\/v2\/media?parent=1562"}],"wp:term":[{"taxonomy":"product_brand","embeddable":true,"href":"https:\/\/brothersjewellery.com\/en\/wp-json\/wp\/v2\/product_brand?post=1562"},{"taxonomy":"product_cat","embeddable":true,"href":"https:\/\/brothersjewellery.com\/en\/wp-json\/wp\/v2\/product_cat?post=1562"},{"taxonomy":"product_tag","embeddable":true,"href":"https:\/\/brothersjewellery.com\/en\/wp-json\/wp\/v2\/product_tag?post=1562"}],"curies":[{"name":"wp","href":"https:\/\/api.w.org\/{rel}","templated":true}]}}