{"id":1566,"date":"2026-03-02T14:34:49","date_gmt":"2026-03-02T11:34:49","guid":{"rendered":"https:\/\/brothersjewellery.com\/?post_type=product&#038;p=1566"},"modified":"2026-04-01T01:19:45","modified_gmt":"2026-03-31T22:19:45","slug":"91-empor-ring","status":"publish","type":"product","link":"https:\/\/brothersjewellery.com\/en\/product\/91-empor-ring\/","title":{"rendered":"91- Empor Ring"},"content":{"rendered":"","protected":false},"excerpt":{"rendered":"<p>Antik d\u00f6nem portre sikkelerinin esteti\u011finden ilham alan el yap\u0131m\u0131 bir karakter y\u00fcz\u00fc\u011f\u00fcd\u00fcr. Merkezde yer alan kabartma fig\u00fcr ve zaman\u0131n izini ta\u015f\u0131yan y\u00fczey dokusu, tasar\u0131ma arkeolojik bir obje hissi kazand\u0131r\u0131rken; yan y\u00fczeylerdeki yap\u0131sal detaylar ve elde uygulanan patina, par\u00e7aya ham, otantik ve zamans\u0131z bir kimlik verir. The Brothers Jewellery\u2019nin Kapal\u0131\u00e7ar\u015f\u0131\u2019daki aile at\u00f6lyesinde zanaat odakl\u0131 yakla\u015f\u0131mla \u00fcretilen bu tasar\u0131m, tarihsel referanslar\u0131 g\u00fc\u00e7l\u00fc ve karakter sahibi bir statement y\u00fcz\u00fck arayanlar i\u00e7in modern bir artisan yorum sunar.<\/p>\n<p>Not:<\/p>\n<p>Bu tasar\u0131m antik sikkelerden esinlenerek \u00fcretilmi\u015f modern bir yorumdur. Orijinal arkeolojik eser de\u011fildir; replika tasar\u0131m kategorisindedir.<\/p>","protected":false},"featured_media":1567,"comment_status":"open","ping_status":"closed","template":"","meta":[],"product_brand":[],"product_cat":[77,54],"product_tag":[],"class_list":{"0":"post-1566","1":"product","2":"type-product","3":"status-publish","4":"has-post-thumbnail","6":"product_cat-antik-ilkel-tasarim-koleksiyonu","7":"product_cat-yuzuk","9":"first","10":"instock","11":"shipping-taxable","12":"purchasable","13":"product-type-variable"},"_links":{"self":[{"href":"https:\/\/brothersjewellery.com\/en\/wp-json\/wp\/v2\/product\/1566","targetHints":{"allow":["GET"]}}],"collection":[{"href":"https:\/\/brothersjewellery.com\/en\/wp-json\/wp\/v2\/product"}],"about":[{"href":"https:\/\/brothersjewellery.com\/en\/wp-json\/wp\/v2\/types\/product"}],"replies":[{"embeddable":true,"href":"https:\/\/brothersjewellery.com\/en\/wp-json\/wp\/v2\/comments?post=1566"}],"wp:featuredmedia":[{"embeddable":true,"href":"https:\/\/brothersjewellery.com\/en\/wp-json\/wp\/v2\/media\/1567"}],"wp:attachment":[{"href":"https:\/\/brothersjewellery.com\/en\/wp-json\/wp\/v2\/media?parent=1566"}],"wp:term":[{"taxonomy":"product_brand","embeddable":true,"href":"https:\/\/brothersjewellery.com\/en\/wp-json\/wp\/v2\/product_brand?post=1566"},{"taxonomy":"product_cat","embeddable":true,"href":"https:\/\/brothersjewellery.com\/en\/wp-json\/wp\/v2\/product_cat?post=1566"},{"taxonomy":"product_tag","embeddable":true,"href":"https:\/\/brothersjewellery.com\/en\/wp-json\/wp\/v2\/product_tag?post=1566"}],"curies":[{"name":"wp","href":"https:\/\/api.w.org\/{rel}","templated":true}]}}