{"id":1571,"date":"2026-03-02T14:36:00","date_gmt":"2026-03-02T11:36:00","guid":{"rendered":"https:\/\/brothersjewellery.com\/?post_type=product&#038;p=1571"},"modified":"2026-04-01T01:19:35","modified_gmt":"2026-03-31T22:19:35","slug":"92-crater-ring","status":"publish","type":"product","link":"https:\/\/brothersjewellery.com\/en\/product\/92-crater-ring\/","title":{"rendered":"92- Crater Ring"},"content":{"rendered":"","protected":false},"excerpt":{"rendered":"<p>Y\u00fczeyinde yer alan organik \u00e7ukur dokular\u0131yla zaman\u0131n ve do\u011fan\u0131n izlerini ta\u015f\u0131yan g\u00fc\u00e7l\u00fc bir form sunar. Elde olu\u015fturulan d\u00fczensiz y\u00fczey yap\u0131s\u0131, ham metal esteti\u011fini \u00f6n plana \u00e7\u0131kar\u0131rken uygulanan patina derinlik ve karakter kazand\u0131r\u0131r. Minimal formuna ra\u011fmen g\u00fc\u00e7l\u00fc bir ifade ta\u015f\u0131yan bu tasar\u0131m, dokusal zenginli\u011fiyle \u00f6ne \u00e7\u0131kan modern bir artisan y\u00fcz\u00fck anlay\u0131\u015f\u0131n\u0131 yans\u0131t\u0131r. The Brothers Jewellery\u2019nin Kapal\u0131\u00e7ar\u015f\u0131\u2019daki aile at\u00f6lyesinde el i\u015f\u00e7ili\u011fiyle \u00fcretilen her par\u00e7a, y\u00fczey dokusundaki do\u011fal farkl\u0131l\u0131klar sayesinde kendine \u00f6zg\u00fc bir karakter ta\u015f\u0131r.<\/p>","protected":false},"featured_media":1572,"comment_status":"open","ping_status":"closed","template":"","meta":[],"product_brand":[],"product_cat":[77,54],"product_tag":[],"class_list":{"0":"post-1571","1":"product","2":"type-product","3":"status-publish","4":"has-post-thumbnail","6":"product_cat-antik-ilkel-tasarim-koleksiyonu","7":"product_cat-yuzuk","9":"first","10":"instock","11":"shipping-taxable","12":"purchasable","13":"product-type-variable"},"_links":{"self":[{"href":"https:\/\/brothersjewellery.com\/en\/wp-json\/wp\/v2\/product\/1571","targetHints":{"allow":["GET"]}}],"collection":[{"href":"https:\/\/brothersjewellery.com\/en\/wp-json\/wp\/v2\/product"}],"about":[{"href":"https:\/\/brothersjewellery.com\/en\/wp-json\/wp\/v2\/types\/product"}],"replies":[{"embeddable":true,"href":"https:\/\/brothersjewellery.com\/en\/wp-json\/wp\/v2\/comments?post=1571"}],"wp:featuredmedia":[{"embeddable":true,"href":"https:\/\/brothersjewellery.com\/en\/wp-json\/wp\/v2\/media\/1572"}],"wp:attachment":[{"href":"https:\/\/brothersjewellery.com\/en\/wp-json\/wp\/v2\/media?parent=1571"}],"wp:term":[{"taxonomy":"product_brand","embeddable":true,"href":"https:\/\/brothersjewellery.com\/en\/wp-json\/wp\/v2\/product_brand?post=1571"},{"taxonomy":"product_cat","embeddable":true,"href":"https:\/\/brothersjewellery.com\/en\/wp-json\/wp\/v2\/product_cat?post=1571"},{"taxonomy":"product_tag","embeddable":true,"href":"https:\/\/brothersjewellery.com\/en\/wp-json\/wp\/v2\/product_tag?post=1571"}],"curies":[{"name":"wp","href":"https:\/\/api.w.org\/{rel}","templated":true}]}}