{"id":1576,"date":"2026-03-02T14:36:54","date_gmt":"2026-03-02T11:36:54","guid":{"rendered":"https:\/\/brothersjewellery.com\/?post_type=product&#038;p=1576"},"modified":"2026-04-01T01:19:34","modified_gmt":"2026-03-31T22:19:34","slug":"93-tulipo-ring","status":"publish","type":"product","link":"https:\/\/brothersjewellery.com\/en\/product\/93-tulipo-ring\/","title":{"rendered":"93- Tulipo Ring"},"content":{"rendered":"","protected":false},"excerpt":{"rendered":"<p>Lale formundan ilham alan heykelsi yap\u0131s\u0131 ve tok duru\u015fuyla do\u011fan\u0131n ak\u0131\u015fkan zarafetini g\u00fc\u00e7l\u00fc bir forma d\u00f6n\u00fc\u015ft\u00fcren el yap\u0131m\u0131 bir tasar\u0131md\u0131r. Katmanl\u0131 y\u00fczey yap\u0131s\u0131 ve k\u0131vr\u0131ml\u0131 form, a\u00e7\u0131lmak \u00fczere olan bir lalenin hacmini yans\u0131t\u0131rken elde verilen y\u00fczey dokusu ve uygulanan patina par\u00e7aya derinlik, a\u011f\u0131rl\u0131k hissi ve zamans\u0131z bir karakter kazand\u0131r\u0131r. The Brothers Jewellery\u2019nin Kapal\u0131\u00e7ar\u015f\u0131\u2019daki aile at\u00f6lyesinde \u00fcretilen bu tasar\u0131m, organik form ile g\u00fc\u00e7l\u00fc sil\u00fceti bir araya getiren modern artisan y\u00fcz\u00fck anlay\u0131\u015f\u0131n\u0131 temsil eder. Her par\u00e7a el \u00fcretimi oldu\u011fu i\u00e7in y\u00fczey dokusu ve ton ge\u00e7i\u015fleri k\u00fc\u00e7\u00fck farkl\u0131l\u0131klar g\u00f6sterebilir.<\/p>","protected":false},"featured_media":1577,"comment_status":"open","ping_status":"closed","template":"","meta":[],"product_brand":[],"product_cat":[76,54],"product_tag":[],"class_list":{"0":"post-1576","1":"product","2":"type-product","3":"status-publish","4":"has-post-thumbnail","6":"product_cat-neo-osmanli-koleksiyonu","7":"product_cat-yuzuk","9":"first","10":"instock","11":"shipping-taxable","12":"purchasable","13":"product-type-variable"},"_links":{"self":[{"href":"https:\/\/brothersjewellery.com\/en\/wp-json\/wp\/v2\/product\/1576","targetHints":{"allow":["GET"]}}],"collection":[{"href":"https:\/\/brothersjewellery.com\/en\/wp-json\/wp\/v2\/product"}],"about":[{"href":"https:\/\/brothersjewellery.com\/en\/wp-json\/wp\/v2\/types\/product"}],"replies":[{"embeddable":true,"href":"https:\/\/brothersjewellery.com\/en\/wp-json\/wp\/v2\/comments?post=1576"}],"wp:featuredmedia":[{"embeddable":true,"href":"https:\/\/brothersjewellery.com\/en\/wp-json\/wp\/v2\/media\/1577"}],"wp:attachment":[{"href":"https:\/\/brothersjewellery.com\/en\/wp-json\/wp\/v2\/media?parent=1576"}],"wp:term":[{"taxonomy":"product_brand","embeddable":true,"href":"https:\/\/brothersjewellery.com\/en\/wp-json\/wp\/v2\/product_brand?post=1576"},{"taxonomy":"product_cat","embeddable":true,"href":"https:\/\/brothersjewellery.com\/en\/wp-json\/wp\/v2\/product_cat?post=1576"},{"taxonomy":"product_tag","embeddable":true,"href":"https:\/\/brothersjewellery.com\/en\/wp-json\/wp\/v2\/product_tag?post=1576"}],"curies":[{"name":"wp","href":"https:\/\/api.w.org\/{rel}","templated":true}]}}