{"id":1581,"date":"2026-03-02T14:37:56","date_gmt":"2026-03-02T11:37:56","guid":{"rendered":"https:\/\/brothersjewellery.com\/?post_type=product&#038;p=1581"},"modified":"2026-04-01T01:19:24","modified_gmt":"2026-03-31T22:19:24","slug":"94-roselle-ring","status":"publish","type":"product","link":"https:\/\/brothersjewellery.com\/en\/product\/94-roselle-ring\/","title":{"rendered":"94-Roselle Ring"},"content":{"rendered":"","protected":false},"excerpt":{"rendered":"<p>G\u00fcl formunun organik karma\u015f\u0131kl\u0131\u011f\u0131n\u0131 ve do\u011fal ak\u0131\u015f\u0131n\u0131 heykelsi bir kompozisyonla bir araya getiren el yap\u0131m\u0131 bir tasar\u0131md\u0131r. Katman katman ilerleyen yaprak formu ve ince dal detaylar\u0131, y\u00fcz\u00fc\u011fe \u00fc\u00e7 boyutlu bir derinlik kazand\u0131r\u0131rken uygulanan oksit ve patina, formun k\u0131vr\u0131mlar\u0131n\u0131 vurgulayarak g\u00fc\u00e7l\u00fc bir karakter olu\u015fturur. Do\u011fal b\u00fcy\u00fcme hissi ta\u015f\u0131yan bu tasar\u0131m, romantik bir \u00e7i\u00e7ek formunu daha ham, artistik ve zamans\u0131z bir yoruma d\u00f6n\u00fc\u015ft\u00fcr\u00fcr. The Brothers Jewellery\u2019nin Kapal\u0131\u00e7ar\u015f\u0131\u2019daki aile at\u00f6lyesinde \u00fcretilen her par\u00e7a, y\u00fczey dokusu ve detaylar\u0131ndaki k\u00fc\u00e7\u00fck farkl\u0131l\u0131klarla benzersiz bir kimlik ta\u015f\u0131r.<\/p>","protected":false},"featured_media":1582,"comment_status":"open","ping_status":"closed","template":"","meta":[],"product_brand":[],"product_cat":[74,54],"product_tag":[],"class_list":{"0":"post-1581","1":"product","2":"type-product","3":"status-publish","4":"has-post-thumbnail","6":"product_cat-neoklasik-koleksiyon","7":"product_cat-yuzuk","9":"first","10":"instock","11":"shipping-taxable","12":"purchasable","13":"product-type-variable"},"_links":{"self":[{"href":"https:\/\/brothersjewellery.com\/en\/wp-json\/wp\/v2\/product\/1581","targetHints":{"allow":["GET"]}}],"collection":[{"href":"https:\/\/brothersjewellery.com\/en\/wp-json\/wp\/v2\/product"}],"about":[{"href":"https:\/\/brothersjewellery.com\/en\/wp-json\/wp\/v2\/types\/product"}],"replies":[{"embeddable":true,"href":"https:\/\/brothersjewellery.com\/en\/wp-json\/wp\/v2\/comments?post=1581"}],"wp:featuredmedia":[{"embeddable":true,"href":"https:\/\/brothersjewellery.com\/en\/wp-json\/wp\/v2\/media\/1582"}],"wp:attachment":[{"href":"https:\/\/brothersjewellery.com\/en\/wp-json\/wp\/v2\/media?parent=1581"}],"wp:term":[{"taxonomy":"product_brand","embeddable":true,"href":"https:\/\/brothersjewellery.com\/en\/wp-json\/wp\/v2\/product_brand?post=1581"},{"taxonomy":"product_cat","embeddable":true,"href":"https:\/\/brothersjewellery.com\/en\/wp-json\/wp\/v2\/product_cat?post=1581"},{"taxonomy":"product_tag","embeddable":true,"href":"https:\/\/brothersjewellery.com\/en\/wp-json\/wp\/v2\/product_tag?post=1581"}],"curies":[{"name":"wp","href":"https:\/\/api.w.org\/{rel}","templated":true}]}}