{"id":1586,"date":"2026-03-02T14:38:42","date_gmt":"2026-03-02T11:38:42","guid":{"rendered":"https:\/\/brothersjewellery.com\/?post_type=product&#038;p=1586"},"modified":"2026-04-01T01:19:24","modified_gmt":"2026-03-31T22:19:24","slug":"95-drakon-ring","status":"publish","type":"product","link":"https:\/\/brothersjewellery.com\/en\/product\/95-drakon-ring\/","title":{"rendered":"95- Drakon Ring"},"content":{"rendered":"","protected":false},"excerpt":{"rendered":"<p>Mitolojik yarat\u0131k esteti\u011fini barok ornamentlerle birle\u015ftiren g\u00fc\u00e7l\u00fc ve detayl\u0131 bir statement tasar\u0131md\u0131r. Ak\u0131\u015fkan hatlar, simetrik motifler ve merkezdeki y\u00fckseltilmi\u015f form y\u00fcz\u00fc\u011fe mask benzeri karakter kazand\u0131r\u0131rken uygulanan oksit ve patina, detaylar\u0131n derinli\u011fini vurgulayarak dramatik bir g\u00f6r\u00fcn\u00fcm olu\u015fturur. Heykelsi yap\u0131s\u0131 sayesinde \u00f6zellikle ba\u015f parmak y\u00fcz\u00fc\u011f\u00fc olarak g\u00fc\u00e7l\u00fc bir duru\u015f sunar; ancak tasar\u0131m formu gere\u011fi i\u015faret, orta ve y\u00fcz\u00fck parma\u011f\u0131nda da rahatl\u0131kla kullan\u0131labilir. The Brothers Jewellery\u2019nin Kapal\u0131\u00e7ar\u015f\u0131\u2019daki aile at\u00f6lyesinde el i\u015f\u00e7ili\u011fiyle \u00fcretilen bu par\u00e7a, karakterli ve dikkat \u00e7ekici bir artisan y\u00fcz\u00fck arayanlar i\u00e7in tasarlanm\u0131\u015ft\u0131r<\/p>\n<p>&nbsp;<\/p>","protected":false},"featured_media":1587,"comment_status":"open","ping_status":"closed","template":"","meta":[],"product_brand":[],"product_cat":[77,54],"product_tag":[],"class_list":{"0":"post-1586","1":"product","2":"type-product","3":"status-publish","4":"has-post-thumbnail","6":"product_cat-antik-ilkel-tasarim-koleksiyonu","7":"product_cat-yuzuk","9":"first","10":"instock","11":"shipping-taxable","12":"purchasable","13":"product-type-variable"},"_links":{"self":[{"href":"https:\/\/brothersjewellery.com\/en\/wp-json\/wp\/v2\/product\/1586","targetHints":{"allow":["GET"]}}],"collection":[{"href":"https:\/\/brothersjewellery.com\/en\/wp-json\/wp\/v2\/product"}],"about":[{"href":"https:\/\/brothersjewellery.com\/en\/wp-json\/wp\/v2\/types\/product"}],"replies":[{"embeddable":true,"href":"https:\/\/brothersjewellery.com\/en\/wp-json\/wp\/v2\/comments?post=1586"}],"wp:featuredmedia":[{"embeddable":true,"href":"https:\/\/brothersjewellery.com\/en\/wp-json\/wp\/v2\/media\/1587"}],"wp:attachment":[{"href":"https:\/\/brothersjewellery.com\/en\/wp-json\/wp\/v2\/media?parent=1586"}],"wp:term":[{"taxonomy":"product_brand","embeddable":true,"href":"https:\/\/brothersjewellery.com\/en\/wp-json\/wp\/v2\/product_brand?post=1586"},{"taxonomy":"product_cat","embeddable":true,"href":"https:\/\/brothersjewellery.com\/en\/wp-json\/wp\/v2\/product_cat?post=1586"},{"taxonomy":"product_tag","embeddable":true,"href":"https:\/\/brothersjewellery.com\/en\/wp-json\/wp\/v2\/product_tag?post=1586"}],"curies":[{"name":"wp","href":"https:\/\/api.w.org\/{rel}","templated":true}]}}