{"id":1591,"date":"2026-03-02T14:39:37","date_gmt":"2026-03-02T11:39:37","guid":{"rendered":"https:\/\/brothersjewellery.com\/?post_type=product&#038;p=1591"},"modified":"2026-04-01T01:19:13","modified_gmt":"2026-03-31T22:19:13","slug":"96-octavo-ring","status":"publish","type":"product","link":"https:\/\/brothersjewellery.com\/en\/product\/96-octavo-ring\/","title":{"rendered":"96- Octavo Ring"},"content":{"rendered":"","protected":false},"excerpt":{"rendered":"<p>Ahtapot formundan ilham alan organik ve heykelsi yap\u0131s\u0131yla tasarlanm\u0131\u015f karakterli bir artisan y\u00fcz\u00fckt\u00fcr. G\u00f6vdeyi saran tentacle detaylar\u0131 y\u00fcz\u00fc\u011fe hareket ve ak\u0131\u015f hissi kazand\u0131r\u0131rken elde verilen y\u00fczey dokusu ve patina uygulamas\u0131 formun hacmini ve canl\u0131l\u0131\u011f\u0131n\u0131 vurgular. Y\u00fcz\u00fc\u011f\u00fc kavrayan kollar parma\u011fa sar\u0131lan g\u00fc\u00e7l\u00fc bir siluet olu\u015fturur ve tasar\u0131ma hem heykelsi hem de e\u011flenceli bir kimlik kazand\u0131r\u0131r. Do\u011fadan ilham alan \u00f6zg\u00fcn ve dikkat \u00e7ekici tasar\u0131m arayanlar i\u00e7in tasarlanm\u0131\u015ft\u0131r. Her par\u00e7a el \u00fcretimi oldu\u011fu i\u00e7in y\u00fczey dokusu ve ton farkl\u0131l\u0131klar\u0131 k\u00fc\u00e7\u00fck de\u011fi\u015fiklikler g\u00f6sterebilir.<\/p>","protected":false},"featured_media":1592,"comment_status":"open","ping_status":"closed","template":"","meta":[],"product_brand":[],"product_cat":[78,54],"product_tag":[],"class_list":{"0":"post-1591","1":"product","2":"type-product","3":"status-publish","4":"has-post-thumbnail","6":"product_cat-endustriyel-form-koleksiyonu","7":"product_cat-yuzuk","9":"first","10":"instock","11":"shipping-taxable","12":"purchasable","13":"product-type-variable"},"_links":{"self":[{"href":"https:\/\/brothersjewellery.com\/en\/wp-json\/wp\/v2\/product\/1591","targetHints":{"allow":["GET"]}}],"collection":[{"href":"https:\/\/brothersjewellery.com\/en\/wp-json\/wp\/v2\/product"}],"about":[{"href":"https:\/\/brothersjewellery.com\/en\/wp-json\/wp\/v2\/types\/product"}],"replies":[{"embeddable":true,"href":"https:\/\/brothersjewellery.com\/en\/wp-json\/wp\/v2\/comments?post=1591"}],"wp:featuredmedia":[{"embeddable":true,"href":"https:\/\/brothersjewellery.com\/en\/wp-json\/wp\/v2\/media\/1592"}],"wp:attachment":[{"href":"https:\/\/brothersjewellery.com\/en\/wp-json\/wp\/v2\/media?parent=1591"}],"wp:term":[{"taxonomy":"product_brand","embeddable":true,"href":"https:\/\/brothersjewellery.com\/en\/wp-json\/wp\/v2\/product_brand?post=1591"},{"taxonomy":"product_cat","embeddable":true,"href":"https:\/\/brothersjewellery.com\/en\/wp-json\/wp\/v2\/product_cat?post=1591"},{"taxonomy":"product_tag","embeddable":true,"href":"https:\/\/brothersjewellery.com\/en\/wp-json\/wp\/v2\/product_tag?post=1591"}],"curies":[{"name":"wp","href":"https:\/\/api.w.org\/{rel}","templated":true}]}}