{"id":1595,"date":"2026-03-02T14:40:33","date_gmt":"2026-03-02T11:40:33","guid":{"rendered":"https:\/\/brothersjewellery.com\/?post_type=product&#038;p=1595"},"modified":"2026-04-01T01:19:13","modified_gmt":"2026-03-31T22:19:13","slug":"97-nerra-ring","status":"publish","type":"product","link":"https:\/\/brothersjewellery.com\/en\/product\/97-nerra-ring\/","title":{"rendered":"97-Nerra Ring"},"content":{"rendered":"","protected":false},"excerpt":{"rendered":"<p>Organik bo\u015fluklar ve ak\u0131\u015fkan formlar\u0131n bir araya gelmesiyle olu\u015fan modern heykelsi bir tasar\u0131md\u0131r. Katmanl\u0131 yap\u0131 ve i\u00e7 y\u00fczeydeki dokulu alanlar y\u00fcz\u00fc\u011fe derinlik kazand\u0131r\u0131rken, parlak kenarlar ile koyu patinal\u0131 y\u00fczey aras\u0131ndaki kontrast formun mimari karakterini \u00f6ne \u00e7\u0131kar\u0131r. Do\u011fal erime hissi veren ak\u0131\u015fkan hatlar, y\u00fcz\u00fc\u011f\u00fc hem minimal hem de karakterli bir statement par\u00e7aya d\u00f6n\u00fc\u015ft\u00fcr\u00fcr. The Brothers Jewellery\u2019nin Kapal\u0131\u00e7ar\u015f\u0131\u2019daki\u00a0 at\u00f6lyesinde el i\u015f\u00e7ili\u011fiyle \u00fcretilen bu tasar\u0131m, \u00e7a\u011fda\u015f artisan esteti\u011fini yans\u0131tan \u00f6zg\u00fcn bir y\u00fcz\u00fckt\u00fcr. Her par\u00e7a el \u00fcretimi oldu\u011fu i\u00e7in y\u00fczey dokusu ve ton farkl\u0131l\u0131klar\u0131 k\u00fc\u00e7\u00fck de\u011fi\u015fiklikler g\u00f6sterebilir.<\/p>","protected":false},"featured_media":1596,"comment_status":"open","ping_status":"closed","template":"","meta":[],"product_brand":[],"product_cat":[78,54],"product_tag":[],"class_list":{"0":"post-1595","1":"product","2":"type-product","3":"status-publish","4":"has-post-thumbnail","6":"product_cat-endustriyel-form-koleksiyonu","7":"product_cat-yuzuk","9":"first","10":"instock","11":"shipping-taxable","12":"purchasable","13":"product-type-variable"},"_links":{"self":[{"href":"https:\/\/brothersjewellery.com\/en\/wp-json\/wp\/v2\/product\/1595","targetHints":{"allow":["GET"]}}],"collection":[{"href":"https:\/\/brothersjewellery.com\/en\/wp-json\/wp\/v2\/product"}],"about":[{"href":"https:\/\/brothersjewellery.com\/en\/wp-json\/wp\/v2\/types\/product"}],"replies":[{"embeddable":true,"href":"https:\/\/brothersjewellery.com\/en\/wp-json\/wp\/v2\/comments?post=1595"}],"wp:featuredmedia":[{"embeddable":true,"href":"https:\/\/brothersjewellery.com\/en\/wp-json\/wp\/v2\/media\/1596"}],"wp:attachment":[{"href":"https:\/\/brothersjewellery.com\/en\/wp-json\/wp\/v2\/media?parent=1595"}],"wp:term":[{"taxonomy":"product_brand","embeddable":true,"href":"https:\/\/brothersjewellery.com\/en\/wp-json\/wp\/v2\/product_brand?post=1595"},{"taxonomy":"product_cat","embeddable":true,"href":"https:\/\/brothersjewellery.com\/en\/wp-json\/wp\/v2\/product_cat?post=1595"},{"taxonomy":"product_tag","embeddable":true,"href":"https:\/\/brothersjewellery.com\/en\/wp-json\/wp\/v2\/product_tag?post=1595"}],"curies":[{"name":"wp","href":"https:\/\/api.w.org\/{rel}","templated":true}]}}