{"id":1605,"date":"2026-03-02T14:45:39","date_gmt":"2026-03-02T11:45:39","guid":{"rendered":"https:\/\/brothersjewellery.com\/?post_type=product&#038;p=1605"},"modified":"2026-04-01T01:19:02","modified_gmt":"2026-03-31T22:19:02","slug":"99-lumea-ring","status":"publish","type":"product","link":"https:\/\/brothersjewellery.com\/en\/product\/99-lumea-ring\/","title":{"rendered":"99- Lumea Ring"},"content":{"rendered":"","protected":false},"excerpt":{"rendered":"<p>Merkezde yer alan parlak kubbe formu ve etraf\u0131n\u0131 saran klasik ornament detaylar\u0131yla zamans\u0131z bir karakter ta\u015f\u0131yan el yap\u0131m\u0131 bir tasar\u0131md\u0131r. Yumu\u015fak hacimli \u00fcst form \u0131\u015f\u0131\u011f\u0131 g\u00fc\u00e7l\u00fc \u015fekilde yans\u0131t\u0131rken \u00e7evresindeki ak\u0131\u015fkan motifler y\u00fcz\u00fc\u011fe vintage ve sofistike bir \u00e7er\u00e7eve kazand\u0131r\u0131r. Parlak y\u00fczey ile oksitli detaylar aras\u0131ndaki kontrast, tasar\u0131m\u0131n derinli\u011fini ve kuyumculuk karakterini vurgular. The Brothers Jewellery\u2019nin Kapal\u0131\u00e7ar\u015f\u0131\u2019daki\u00a0 at\u00f6lyesinde \u00fcretilen bu par\u00e7a, klasik bir y\u00fcz\u00fck esteti\u011fini modern artisan dokunu\u015fla yeniden yorumlar. Her par\u00e7a el \u00fcretimi oldu\u011fu i\u00e7in y\u00fczey dokusu ve ton ge\u00e7i\u015fleri k\u00fc\u00e7\u00fck farkl\u0131l\u0131klar g\u00f6sterebilir<\/p>","protected":false},"featured_media":1606,"comment_status":"open","ping_status":"closed","template":"","meta":[],"product_brand":[],"product_cat":[74,54],"product_tag":[],"class_list":{"0":"post-1605","1":"product","2":"type-product","3":"status-publish","4":"has-post-thumbnail","6":"product_cat-neoklasik-koleksiyon","7":"product_cat-yuzuk","9":"first","10":"instock","11":"shipping-taxable","12":"purchasable","13":"product-type-variable"},"_links":{"self":[{"href":"https:\/\/brothersjewellery.com\/en\/wp-json\/wp\/v2\/product\/1605","targetHints":{"allow":["GET"]}}],"collection":[{"href":"https:\/\/brothersjewellery.com\/en\/wp-json\/wp\/v2\/product"}],"about":[{"href":"https:\/\/brothersjewellery.com\/en\/wp-json\/wp\/v2\/types\/product"}],"replies":[{"embeddable":true,"href":"https:\/\/brothersjewellery.com\/en\/wp-json\/wp\/v2\/comments?post=1605"}],"wp:featuredmedia":[{"embeddable":true,"href":"https:\/\/brothersjewellery.com\/en\/wp-json\/wp\/v2\/media\/1606"}],"wp:attachment":[{"href":"https:\/\/brothersjewellery.com\/en\/wp-json\/wp\/v2\/media?parent=1605"}],"wp:term":[{"taxonomy":"product_brand","embeddable":true,"href":"https:\/\/brothersjewellery.com\/en\/wp-json\/wp\/v2\/product_brand?post=1605"},{"taxonomy":"product_cat","embeddable":true,"href":"https:\/\/brothersjewellery.com\/en\/wp-json\/wp\/v2\/product_cat?post=1605"},{"taxonomy":"product_tag","embeddable":true,"href":"https:\/\/brothersjewellery.com\/en\/wp-json\/wp\/v2\/product_tag?post=1605"}],"curies":[{"name":"wp","href":"https:\/\/api.w.org\/{rel}","templated":true}]}}