{"id":1755,"date":"2026-03-02T15:17:56","date_gmt":"2026-03-02T12:17:56","guid":{"rendered":"https:\/\/brothersjewellery.com\/urun\/100-nodus-ring\/"},"modified":"2026-04-01T01:18:51","modified_gmt":"2026-03-31T22:18:51","slug":"100-nodus-ring","status":"publish","type":"product","link":"https:\/\/brothersjewellery.com\/en\/product\/100-nodus-ring\/","title":{"rendered":"100-  Nodus Ring,"},"content":{"rendered":"","protected":false},"excerpt":{"rendered":"<p>Organik y\u00fczey \u00fczerinde rastlant\u0131sal yerle\u015fmi\u015f kabartma formlar\u0131yla dokunsal ve g\u00fc\u00e7l\u00fc bir karakter sunan el yap\u0131m\u0131 bir tasar\u0131md\u0131r. Dalgal\u0131 hatlara sahip \u00e7er\u00e7eve formu y\u00fcz\u00fc\u011fe do\u011fal bir ak\u0131\u015f kazand\u0131r\u0131rken kabartmal\u0131 noktalar \u0131\u015f\u0131\u011f\u0131 farkl\u0131 a\u00e7\u0131larda yakalayarak y\u00fczeyde dinamik bir hareket olu\u015fturur. Oksitli zemin ile parlak kabartmalar aras\u0131ndaki kontrast, tasar\u0131m\u0131n heykelsi etkisini ve artisan ruhunu \u00f6ne \u00e7\u0131kar\u0131r. The Brothers Jewellery\u2019nin Kapal\u0131\u00e7ar\u015f\u0131\u2019daki  at\u00f6lyesinde \u00fcretilen bu par\u00e7a, modern organik esteti\u011fi g\u00fc\u00e7l\u00fc bir statement y\u00fcz\u00fck formunda yorumlar. Her par\u00e7a el \u00fcretimi oldu\u011fu i\u00e7in y\u00fczey dokusu ve ton ge\u00e7i\u015fleri k\u00fc\u00e7\u00fck farkl\u0131l\u0131klar g\u00f6sterebilir.<\/p>","protected":false},"featured_media":1610,"comment_status":"open","ping_status":"closed","template":"","meta":[],"product_brand":[],"product_cat":[78,54],"product_tag":[],"class_list":{"0":"post-1755","1":"product","2":"type-product","3":"status-publish","4":"has-post-thumbnail","6":"product_cat-endustriyel-form-koleksiyonu","7":"product_cat-yuzuk","9":"first","10":"instock","11":"shipping-taxable","12":"purchasable","13":"product-type-variable"},"_links":{"self":[{"href":"https:\/\/brothersjewellery.com\/en\/wp-json\/wp\/v2\/product\/1755","targetHints":{"allow":["GET"]}}],"collection":[{"href":"https:\/\/brothersjewellery.com\/en\/wp-json\/wp\/v2\/product"}],"about":[{"href":"https:\/\/brothersjewellery.com\/en\/wp-json\/wp\/v2\/types\/product"}],"replies":[{"embeddable":true,"href":"https:\/\/brothersjewellery.com\/en\/wp-json\/wp\/v2\/comments?post=1755"}],"wp:featuredmedia":[{"embeddable":true,"href":"https:\/\/brothersjewellery.com\/en\/wp-json\/wp\/v2\/media\/1610"}],"wp:attachment":[{"href":"https:\/\/brothersjewellery.com\/en\/wp-json\/wp\/v2\/media?parent=1755"}],"wp:term":[{"taxonomy":"product_brand","embeddable":true,"href":"https:\/\/brothersjewellery.com\/en\/wp-json\/wp\/v2\/product_brand?post=1755"},{"taxonomy":"product_cat","embeddable":true,"href":"https:\/\/brothersjewellery.com\/en\/wp-json\/wp\/v2\/product_cat?post=1755"},{"taxonomy":"product_tag","embeddable":true,"href":"https:\/\/brothersjewellery.com\/en\/wp-json\/wp\/v2\/product_tag?post=1755"}],"curies":[{"name":"wp","href":"https:\/\/api.w.org\/{rel}","templated":true}]}}