{"id":1759,"date":"2026-03-02T15:17:59","date_gmt":"2026-03-02T12:17:59","guid":{"rendered":"https:\/\/brothersjewellery.com\/urun\/104-brutalan-ring\/"},"modified":"2026-04-01T01:18:40","modified_gmt":"2026-03-31T22:18:40","slug":"104-brutalan-ring","status":"publish","type":"product","link":"https:\/\/brothersjewellery.com\/en\/product\/104-brutalan-ring\/","title":{"rendered":"104- Brutalan Ring"},"content":{"rendered":"","protected":false},"excerpt":{"rendered":"<p>Klasik signet y\u00fcz\u00fck formunu bilin\u00e7li \u015fekilde bozarak kusursuzluk ile par\u00e7alanm\u0131\u015fl\u0131k aras\u0131ndaki gerilimi tasar\u0131ma d\u00f6n\u00fc\u015ft\u00fcren el yap\u0131m\u0131 bir tasar\u0131md\u0131r. D\u00fcz ve kontroll\u00fc geometrik y\u00fczey, formun bir taraf\u0131nda yer alan k\u0131r\u0131lm\u0131\u015f ve par\u00e7al\u0131 dokuyla keskin bir kontrast kurar; bu kar\u015f\u0131tl\u0131k y\u00fcz\u00fc\u011fe y\u0131k\u0131c\u0131, deneysel ve g\u00fc\u00e7l\u00fc bir karakter kazand\u0131r\u0131r. Mimari k\u00fctle ile ham m\u00fcdahale izlerinin birlikte var olmas\u0131, tasar\u0131m\u0131 klasik signet anlay\u0131\u015f\u0131n\u0131n d\u0131\u015f\u0131na ta\u015f\u0131yarak post-modern, \u00e7a\u011fda\u015f ve radikal bir ifade olu\u015fturur. The Brothers Jewellery\u2019nin Kapal\u0131\u00e7ar\u015f\u0131\u2019daki  at\u00f6lyesinde \u00fcretilen bu par\u00e7a, m\u00fckemmel olan ile bozulan aras\u0131ndaki estetik diyalo\u011fu yans\u0131tan \u00f6zg\u00fcn bir statement y\u00fcz\u00fckt\u00fcr. Her par\u00e7a el \u00fcretimi oldu\u011fu i\u00e7in y\u00fczey dokusu ve form detaylar\u0131 k\u00fc\u00e7\u00fck farkl\u0131l\u0131klar g\u00f6sterebilir.<\/p>","protected":false},"featured_media":1624,"comment_status":"open","ping_status":"closed","template":"","meta":[],"product_brand":[],"product_cat":[77,54],"product_tag":[],"class_list":{"0":"post-1759","1":"product","2":"type-product","3":"status-publish","4":"has-post-thumbnail","6":"product_cat-antik-ilkel-tasarim-koleksiyonu","7":"product_cat-yuzuk","9":"first","10":"instock","11":"shipping-taxable","12":"purchasable","13":"product-type-variable"},"_links":{"self":[{"href":"https:\/\/brothersjewellery.com\/en\/wp-json\/wp\/v2\/product\/1759","targetHints":{"allow":["GET"]}}],"collection":[{"href":"https:\/\/brothersjewellery.com\/en\/wp-json\/wp\/v2\/product"}],"about":[{"href":"https:\/\/brothersjewellery.com\/en\/wp-json\/wp\/v2\/types\/product"}],"replies":[{"embeddable":true,"href":"https:\/\/brothersjewellery.com\/en\/wp-json\/wp\/v2\/comments?post=1759"}],"wp:featuredmedia":[{"embeddable":true,"href":"https:\/\/brothersjewellery.com\/en\/wp-json\/wp\/v2\/media\/1624"}],"wp:attachment":[{"href":"https:\/\/brothersjewellery.com\/en\/wp-json\/wp\/v2\/media?parent=1759"}],"wp:term":[{"taxonomy":"product_brand","embeddable":true,"href":"https:\/\/brothersjewellery.com\/en\/wp-json\/wp\/v2\/product_brand?post=1759"},{"taxonomy":"product_cat","embeddable":true,"href":"https:\/\/brothersjewellery.com\/en\/wp-json\/wp\/v2\/product_cat?post=1759"},{"taxonomy":"product_tag","embeddable":true,"href":"https:\/\/brothersjewellery.com\/en\/wp-json\/wp\/v2\/product_tag?post=1759"}],"curies":[{"name":"wp","href":"https:\/\/api.w.org\/{rel}","templated":true}]}}