{"id":1761,"date":"2026-03-02T15:18:01","date_gmt":"2026-03-02T12:18:01","guid":{"rendered":"https:\/\/brothersjewellery.com\/urun\/106-ribera-ring\/"},"modified":"2026-04-01T01:18:40","modified_gmt":"2026-03-31T22:18:40","slug":"106-ribera-ring","status":"publish","type":"product","link":"https:\/\/brothersjewellery.com\/en\/product\/106-ribera-ring\/","title":{"rendered":"106- Ribera Ring"},"content":{"rendered":"","protected":false},"excerpt":{"rendered":"<p>Ritmik kabartma hatlar\u0131n olu\u015fturdu\u011fu ak\u0131\u015fkan y\u00fczeyiyle \u0131\u015f\u0131kla birlikte hareket eden heykelsi bir el yap\u0131m\u0131 tasar\u0131md\u0131r. Yar\u0131m kubbeye yakla\u015fan hacimli form, paralel y\u00fckselen \u00e7izgiler sayesinde y\u00fczeyde g\u00fc\u00e7l\u00fc bir derinlik ve dinamizm olu\u015fturur; bu tekrar eden yap\u0131 y\u00fcz\u00fc\u011fe hem vintage hem \u00e7a\u011fda\u015f bir karakter kazand\u0131r\u0131r. Parlak y\u00fczey ile oksitli \u00e7izgi aralar\u0131 aras\u0131ndaki kontrast formun hacmini vurgulayarak tasar\u0131m\u0131n dokunsal etkisini g\u00fc\u00e7lendirir. The Brothers Jewellery\u2019nin Kapal\u0131\u00e7ar\u015f\u0131\u2019daki  at\u00f6lyesinde \u00fcretilen bu par\u00e7a, klasik ribbed y\u00fczey esteti\u011fini modern artisan i\u015f\u00e7ilikle yorumlayan zamans\u0131z bir statement y\u00fcz\u00fckt\u00fcr. Her par\u00e7a el \u00fcretimi oldu\u011fu i\u00e7in y\u00fczey dokusu ve ton ge\u00e7i\u015fleri k\u00fc\u00e7\u00fck farkl\u0131l\u0131klar g\u00f6sterebilir.<\/p>","protected":false},"featured_media":1632,"comment_status":"open","ping_status":"closed","template":"","meta":[],"product_brand":[],"product_cat":[74,54],"product_tag":[],"class_list":{"0":"post-1761","1":"product","2":"type-product","3":"status-publish","4":"has-post-thumbnail","6":"product_cat-neoklasik-koleksiyon","7":"product_cat-yuzuk","9":"first","10":"instock","11":"shipping-taxable","12":"purchasable","13":"product-type-variable"},"_links":{"self":[{"href":"https:\/\/brothersjewellery.com\/en\/wp-json\/wp\/v2\/product\/1761","targetHints":{"allow":["GET"]}}],"collection":[{"href":"https:\/\/brothersjewellery.com\/en\/wp-json\/wp\/v2\/product"}],"about":[{"href":"https:\/\/brothersjewellery.com\/en\/wp-json\/wp\/v2\/types\/product"}],"replies":[{"embeddable":true,"href":"https:\/\/brothersjewellery.com\/en\/wp-json\/wp\/v2\/comments?post=1761"}],"wp:featuredmedia":[{"embeddable":true,"href":"https:\/\/brothersjewellery.com\/en\/wp-json\/wp\/v2\/media\/1632"}],"wp:attachment":[{"href":"https:\/\/brothersjewellery.com\/en\/wp-json\/wp\/v2\/media?parent=1761"}],"wp:term":[{"taxonomy":"product_brand","embeddable":true,"href":"https:\/\/brothersjewellery.com\/en\/wp-json\/wp\/v2\/product_brand?post=1761"},{"taxonomy":"product_cat","embeddable":true,"href":"https:\/\/brothersjewellery.com\/en\/wp-json\/wp\/v2\/product_cat?post=1761"},{"taxonomy":"product_tag","embeddable":true,"href":"https:\/\/brothersjewellery.com\/en\/wp-json\/wp\/v2\/product_tag?post=1761"}],"curies":[{"name":"wp","href":"https:\/\/api.w.org\/{rel}","templated":true}]}}