{"id":1762,"date":"2026-03-02T15:18:01","date_gmt":"2026-03-02T12:18:01","guid":{"rendered":"https:\/\/brothersjewellery.com\/urun\/107-lacero-ring\/"},"modified":"2026-04-01T01:18:29","modified_gmt":"2026-03-31T22:18:29","slug":"107-lacero-ring","status":"publish","type":"product","link":"https:\/\/brothersjewellery.com\/en\/product\/107-lacero-ring\/","title":{"rendered":"107- Lacero Ring"},"content":{"rendered":"","protected":false},"excerpt":{"rendered":"<p>\u0130ki formu bir araya getiren \u00e7apraz ba\u011f detay\u0131yla yap\u0131sal ve \u00e7a\u011fda\u015f bir karakter ta\u015f\u0131yan el yap\u0131m\u0131 bir tasar\u0131md\u0131r. A\u00e7\u0131k bant form \u00fczerinde yer alan metal ba\u011f eleman\u0131, y\u00fcz\u00fc\u011fe mimari bir gerilim ve teknik bir estetik kazand\u0131r\u0131rken y\u00fczeydeki oksit vurgular detay\u0131n derinli\u011fini \u00f6ne \u00e7\u0131kar\u0131r. Minimal g\u00f6vde ile mekanik ba\u011f formu aras\u0131ndaki kontrast, tasar\u0131m\u0131 sade ama karakterli bir statement par\u00e7aya d\u00f6n\u00fc\u015ft\u00fcr\u00fcr. The Brothers Jewellery\u2019nin Kapal\u0131\u00e7ar\u015f\u0131\u2019daki  at\u00f6lyesinde \u00fcretilen bu par\u00e7a, modern end\u00fcstriyel esteti\u011fi zarif artisan i\u015f\u00e7ilikle bulu\u015fturan uniseks bir y\u00fcz\u00fckt\u00fcr. Her par\u00e7a el \u00fcretimi oldu\u011fu i\u00e7in y\u00fczey dokusu ve ba\u011f detaylar\u0131nda k\u00fc\u00e7\u00fck farkl\u0131l\u0131klar g\u00f6sterebilir.<\/p>","protected":false},"featured_media":1636,"comment_status":"open","ping_status":"closed","template":"","meta":[],"product_brand":[],"product_cat":[78,54],"product_tag":[],"class_list":{"0":"post-1762","1":"product","2":"type-product","3":"status-publish","4":"has-post-thumbnail","6":"product_cat-endustriyel-form-koleksiyonu","7":"product_cat-yuzuk","9":"first","10":"instock","11":"shipping-taxable","12":"purchasable","13":"product-type-variable"},"_links":{"self":[{"href":"https:\/\/brothersjewellery.com\/en\/wp-json\/wp\/v2\/product\/1762","targetHints":{"allow":["GET"]}}],"collection":[{"href":"https:\/\/brothersjewellery.com\/en\/wp-json\/wp\/v2\/product"}],"about":[{"href":"https:\/\/brothersjewellery.com\/en\/wp-json\/wp\/v2\/types\/product"}],"replies":[{"embeddable":true,"href":"https:\/\/brothersjewellery.com\/en\/wp-json\/wp\/v2\/comments?post=1762"}],"wp:featuredmedia":[{"embeddable":true,"href":"https:\/\/brothersjewellery.com\/en\/wp-json\/wp\/v2\/media\/1636"}],"wp:attachment":[{"href":"https:\/\/brothersjewellery.com\/en\/wp-json\/wp\/v2\/media?parent=1762"}],"wp:term":[{"taxonomy":"product_brand","embeddable":true,"href":"https:\/\/brothersjewellery.com\/en\/wp-json\/wp\/v2\/product_brand?post=1762"},{"taxonomy":"product_cat","embeddable":true,"href":"https:\/\/brothersjewellery.com\/en\/wp-json\/wp\/v2\/product_cat?post=1762"},{"taxonomy":"product_tag","embeddable":true,"href":"https:\/\/brothersjewellery.com\/en\/wp-json\/wp\/v2\/product_tag?post=1762"}],"curies":[{"name":"wp","href":"https:\/\/api.w.org\/{rel}","templated":true}]}}