{"id":1765,"date":"2026-03-02T15:18:03","date_gmt":"2026-03-02T12:18:03","guid":{"rendered":"https:\/\/brothersjewellery.com\/urun\/110-drelon-ring\/"},"modified":"2026-04-01T01:18:19","modified_gmt":"2026-03-31T22:18:19","slug":"110-drelon-ring","status":"publish","type":"product","link":"https:\/\/brothersjewellery.com\/en\/product\/110-drelon-ring\/","title":{"rendered":"110-  Drelon Ring"},"content":{"rendered":"","protected":false},"excerpt":{"rendered":"<p>Baz\u0131 tasar\u0131mlar s\u00fcslenmez; formuyla konu\u015fur.<br \/>\nDrelon, g\u00fcndelik mekanik objelerden ilham alan, g\u00fc\u00e7l\u00fc hacmi ve dengeli geometrisiyle \u00f6ne \u00e7\u0131kan end\u00fcstriyel bir y\u00fcz\u00fckt\u00fcr.<br \/>\n\u00c7ekmece kulplar\u0131n\u0131 hat\u0131rlatan D formu, y\u00fcz\u00fc\u011fe mimari bir karakter kazand\u0131r\u0131r. Parlat\u0131lm\u0131\u015f y\u00fczeyler \u0131\u015f\u0131\u011f\u0131 sade bir \u015fekilde yans\u0131t\u0131rken, kompakt siluet elde net ve g\u00fc\u00e7l\u00fc bir duru\u015f yarat\u0131r. Minimal \u00e7izgiler, objeye yak\u0131n bir tasar\u0131m dili ve zamans\u0131z bir ifade\u2026<br \/>\nKapal\u0131\u00e7ar\u015f\u0131\u2019daki at\u00f6lyemizde el i\u015f\u00e7ili\u011fiyle \u00fcretilen Drelon, fonksiyon ilhaml\u0131 \u00e7a\u011fda\u015f m\u00fccevher anlay\u0131\u015f\u0131n\u0131n sade ama karakterli bir \u00f6rne\u011fidir. G\u00fcnl\u00fck kullan\u0131mda konfor sunarken tasar\u0131m odakl\u0131 bir statement par\u00e7a olarak \u00f6ne \u00e7\u0131kar.<br \/>\nSessiz. Mimari. Net.<\/p>","protected":false},"featured_media":1649,"comment_status":"open","ping_status":"closed","template":"","meta":[],"product_brand":[],"product_cat":[78,54],"product_tag":[],"class_list":{"0":"post-1765","1":"product","2":"type-product","3":"status-publish","4":"has-post-thumbnail","6":"product_cat-endustriyel-form-koleksiyonu","7":"product_cat-yuzuk","9":"first","10":"instock","11":"shipping-taxable","12":"purchasable","13":"product-type-variable"},"_links":{"self":[{"href":"https:\/\/brothersjewellery.com\/en\/wp-json\/wp\/v2\/product\/1765","targetHints":{"allow":["GET"]}}],"collection":[{"href":"https:\/\/brothersjewellery.com\/en\/wp-json\/wp\/v2\/product"}],"about":[{"href":"https:\/\/brothersjewellery.com\/en\/wp-json\/wp\/v2\/types\/product"}],"replies":[{"embeddable":true,"href":"https:\/\/brothersjewellery.com\/en\/wp-json\/wp\/v2\/comments?post=1765"}],"wp:featuredmedia":[{"embeddable":true,"href":"https:\/\/brothersjewellery.com\/en\/wp-json\/wp\/v2\/media\/1649"}],"wp:attachment":[{"href":"https:\/\/brothersjewellery.com\/en\/wp-json\/wp\/v2\/media?parent=1765"}],"wp:term":[{"taxonomy":"product_brand","embeddable":true,"href":"https:\/\/brothersjewellery.com\/en\/wp-json\/wp\/v2\/product_brand?post=1765"},{"taxonomy":"product_cat","embeddable":true,"href":"https:\/\/brothersjewellery.com\/en\/wp-json\/wp\/v2\/product_cat?post=1765"},{"taxonomy":"product_tag","embeddable":true,"href":"https:\/\/brothersjewellery.com\/en\/wp-json\/wp\/v2\/product_tag?post=1765"}],"curies":[{"name":"wp","href":"https:\/\/api.w.org\/{rel}","templated":true}]}}