{"id":1767,"date":"2026-03-02T15:18:03","date_gmt":"2026-03-02T12:18:03","guid":{"rendered":"https:\/\/brothersjewellery.com\/urun\/112-elvaren\/"},"modified":"2026-04-01T01:18:07","modified_gmt":"2026-03-31T22:18:07","slug":"112-elvaren","status":"publish","type":"product","link":"https:\/\/brothersjewellery.com\/en\/product\/112-elvaren\/","title":{"rendered":"112- Elvaren"},"content":{"rendered":"","protected":false},"excerpt":{"rendered":"<p>Klasik signet y\u00fcz\u00fck gelene\u011fini vintage bir duru\u015fla yeniden yorumlayan zamans\u0131z bir tasar\u0131md\u0131r. Oval formdaki \u00fcst y\u00fczey, ge\u00e7mi\u015f d\u00f6nem erkek y\u00fcz\u00fcklerinin karakterini ta\u015f\u0131rken ince \u00e7izgili omuzlar par\u00e7aya zarif bir derinlik kazand\u0131r\u0131r.<br \/>\nYumu\u015fak hatlar, dengeli oranlar ve elde olu\u015fan do\u011fal patina hissi y\u00fcz\u00fc\u011fe ya\u015fanm\u0131\u015fl\u0131k duygusu verir. G\u00f6steri\u015ften uzak, sakin ve karakterli bir vintage ifade\u2026<br \/>\nKapal\u0131\u00e7ar\u015f\u0131\u2019daki at\u00f6lyemizde el i\u015f\u00e7ili\u011fiyle \u00fcretilen Elvaren, ge\u00e7mi\u015ften ilham alan modern bir signet y\u00fcz\u00fckt\u00fcr. G\u00fcnl\u00fck kullan\u0131mda sade bir \u015f\u0131kl\u0131k sunarken, zamanla daha da ki\u015fisel hale gelen bir par\u00e7aya d\u00f6n\u00fc\u015f\u00fcr.<br \/>\nVintage ruh. Zamans\u0131z karakter.<\/p>","protected":false},"featured_media":1658,"comment_status":"open","ping_status":"closed","template":"","meta":[],"product_brand":[],"product_cat":[73,54],"product_tag":[],"class_list":{"0":"post-1767","1":"product","2":"type-product","3":"status-publish","4":"has-post-thumbnail","6":"product_cat-signet-koleksiyonu","7":"product_cat-yuzuk","9":"first","10":"instock","11":"shipping-taxable","12":"purchasable","13":"product-type-variable"},"_links":{"self":[{"href":"https:\/\/brothersjewellery.com\/en\/wp-json\/wp\/v2\/product\/1767","targetHints":{"allow":["GET"]}}],"collection":[{"href":"https:\/\/brothersjewellery.com\/en\/wp-json\/wp\/v2\/product"}],"about":[{"href":"https:\/\/brothersjewellery.com\/en\/wp-json\/wp\/v2\/types\/product"}],"replies":[{"embeddable":true,"href":"https:\/\/brothersjewellery.com\/en\/wp-json\/wp\/v2\/comments?post=1767"}],"wp:featuredmedia":[{"embeddable":true,"href":"https:\/\/brothersjewellery.com\/en\/wp-json\/wp\/v2\/media\/1658"}],"wp:attachment":[{"href":"https:\/\/brothersjewellery.com\/en\/wp-json\/wp\/v2\/media?parent=1767"}],"wp:term":[{"taxonomy":"product_brand","embeddable":true,"href":"https:\/\/brothersjewellery.com\/en\/wp-json\/wp\/v2\/product_brand?post=1767"},{"taxonomy":"product_cat","embeddable":true,"href":"https:\/\/brothersjewellery.com\/en\/wp-json\/wp\/v2\/product_cat?post=1767"},{"taxonomy":"product_tag","embeddable":true,"href":"https:\/\/brothersjewellery.com\/en\/wp-json\/wp\/v2\/product_tag?post=1767"}],"curies":[{"name":"wp","href":"https:\/\/api.w.org\/{rel}","templated":true}]}}