{"id":1768,"date":"2026-03-02T15:18:03","date_gmt":"2026-03-02T12:18:03","guid":{"rendered":"https:\/\/brothersjewellery.com\/urun\/113-cavon\/"},"modified":"2026-04-01T01:18:07","modified_gmt":"2026-03-31T22:18:07","slug":"113-cavon","status":"publish","type":"product","link":"https:\/\/brothersjewellery.com\/en\/product\/113-cavon\/","title":{"rendered":"113- Cavon"},"content":{"rendered":"","protected":false},"excerpt":{"rendered":"<p>Geni\u015f bant formunun sade g\u00fcc\u00fcn\u00fc ta\u015f\u0131yan heykelsi bir y\u00fcz\u00fckt\u00fcr. A\u00e7\u0131k form yap\u0131s\u0131 tasar\u0131ma hafiflik kazand\u0131r\u0131rken, geni\u015f y\u00fczeyler par\u00e7ada modern ve net bir duru\u015f olu\u015fturur.<br \/>\nKesintisiz hatlar, yumu\u015fak k\u0131vr\u0131mlar ve temiz y\u00fczeyler Cavon\u2019u g\u00f6steri\u015ften uzak fakat karakter sahibi bir par\u00e7aya d\u00f6n\u00fc\u015ft\u00fcr\u00fcr. Form odakl\u0131, \u00e7a\u011fda\u015f ve zamans\u0131z\u2026<br \/>\nKapal\u0131\u00e7ar\u015f\u0131\u2019daki at\u00f6lyemizde el i\u015f\u00e7ili\u011fiyle \u00fcretilen Cavon, g\u00fcnl\u00fck kullan\u0131m i\u00e7in konfor sunan ayarlanabilir yap\u0131s\u0131yla minimal m\u00fccevher anlay\u0131\u015f\u0131n\u0131n g\u00fc\u00e7l\u00fc bir ifadesidir.<br \/>\nSade. Heykelsi. Zamans\u0131z<\/p>","protected":false},"featured_media":1662,"comment_status":"open","ping_status":"closed","template":"","meta":[],"product_brand":[],"product_cat":[74,54],"product_tag":[],"class_list":{"0":"post-1768","1":"product","2":"type-product","3":"status-publish","4":"has-post-thumbnail","6":"product_cat-neoklasik-koleksiyon","7":"product_cat-yuzuk","9":"first","10":"instock","11":"shipping-taxable","12":"purchasable","13":"product-type-variable"},"_links":{"self":[{"href":"https:\/\/brothersjewellery.com\/en\/wp-json\/wp\/v2\/product\/1768","targetHints":{"allow":["GET"]}}],"collection":[{"href":"https:\/\/brothersjewellery.com\/en\/wp-json\/wp\/v2\/product"}],"about":[{"href":"https:\/\/brothersjewellery.com\/en\/wp-json\/wp\/v2\/types\/product"}],"replies":[{"embeddable":true,"href":"https:\/\/brothersjewellery.com\/en\/wp-json\/wp\/v2\/comments?post=1768"}],"wp:featuredmedia":[{"embeddable":true,"href":"https:\/\/brothersjewellery.com\/en\/wp-json\/wp\/v2\/media\/1662"}],"wp:attachment":[{"href":"https:\/\/brothersjewellery.com\/en\/wp-json\/wp\/v2\/media?parent=1768"}],"wp:term":[{"taxonomy":"product_brand","embeddable":true,"href":"https:\/\/brothersjewellery.com\/en\/wp-json\/wp\/v2\/product_brand?post=1768"},{"taxonomy":"product_cat","embeddable":true,"href":"https:\/\/brothersjewellery.com\/en\/wp-json\/wp\/v2\/product_cat?post=1768"},{"taxonomy":"product_tag","embeddable":true,"href":"https:\/\/brothersjewellery.com\/en\/wp-json\/wp\/v2\/product_tag?post=1768"}],"curies":[{"name":"wp","href":"https:\/\/api.w.org\/{rel}","templated":true}]}}