{"id":1769,"date":"2026-03-02T15:18:03","date_gmt":"2026-03-02T12:18:03","guid":{"rendered":"https:\/\/brothersjewellery.com\/urun\/114-luvian\/"},"modified":"2026-04-01T01:17:55","modified_gmt":"2026-03-31T22:17:55","slug":"114-luvian","status":"publish","type":"product","link":"https:\/\/brothersjewellery.com\/en\/product\/114-luvian\/","title":{"rendered":"114- Luvian"},"content":{"rendered":"","protected":false},"excerpt":{"rendered":"<p>Ak\u0131\u015fkan formun g\u00fcm\u00fc\u015fte heykelsi bir ifadeye d\u00f6n\u00fc\u015ft\u00fc\u011f\u00fc \u00e7a\u011fda\u015f bir tasar\u0131md\u0131r. Y\u00fcz\u00fc\u011f\u00fcn merkezinde yer alan yumu\u015fak kabart\u0131 formu, etraf\u0131ndaki ak\u0131c\u0131 hatlarla birle\u015ferek par\u00e7aya hareket hissi kazand\u0131r\u0131r. Ak\u0131\u015f. Hareket. Form<br \/>\nOrganik ge\u00e7i\u015fler, \u0131\u015f\u0131\u011f\u0131 farkl\u0131 a\u00e7\u0131larda yakalayan y\u00fczeyler ve dengeli hacim Luvian\u2019\u0131 sade bir y\u00fcz\u00fckten \u00e7ok tak\u0131labilir bir forma d\u00f6n\u00fc\u015ft\u00fcr\u00fcr. Retro modern estetik ile \u00e7a\u011fda\u015f sadeli\u011fin birle\u015fimi\u2026<br \/>\nKapal\u0131\u00e7ar\u015f\u0131\u2019daki at\u00f6lyemizde el i\u015f\u00e7ili\u011fiyle \u00fcretilen Luvian, formun \u00f6n planda oldu\u011fu sanatsal m\u00fccevher anlay\u0131\u015f\u0131n\u0131 yans\u0131t\u0131r. G\u00fcnl\u00fck kullan\u0131mda karakter katan, zamans\u0131z bir statement par\u00e7a.<\/p>","protected":false},"featured_media":1666,"comment_status":"open","ping_status":"closed","template":"","meta":[],"product_brand":[],"product_cat":[74,54],"product_tag":[],"class_list":{"0":"post-1769","1":"product","2":"type-product","3":"status-publish","4":"has-post-thumbnail","6":"product_cat-neoklasik-koleksiyon","7":"product_cat-yuzuk","9":"first","10":"instock","11":"shipping-taxable","12":"purchasable","13":"product-type-variable"},"_links":{"self":[{"href":"https:\/\/brothersjewellery.com\/en\/wp-json\/wp\/v2\/product\/1769","targetHints":{"allow":["GET"]}}],"collection":[{"href":"https:\/\/brothersjewellery.com\/en\/wp-json\/wp\/v2\/product"}],"about":[{"href":"https:\/\/brothersjewellery.com\/en\/wp-json\/wp\/v2\/types\/product"}],"replies":[{"embeddable":true,"href":"https:\/\/brothersjewellery.com\/en\/wp-json\/wp\/v2\/comments?post=1769"}],"wp:featuredmedia":[{"embeddable":true,"href":"https:\/\/brothersjewellery.com\/en\/wp-json\/wp\/v2\/media\/1666"}],"wp:attachment":[{"href":"https:\/\/brothersjewellery.com\/en\/wp-json\/wp\/v2\/media?parent=1769"}],"wp:term":[{"taxonomy":"product_brand","embeddable":true,"href":"https:\/\/brothersjewellery.com\/en\/wp-json\/wp\/v2\/product_brand?post=1769"},{"taxonomy":"product_cat","embeddable":true,"href":"https:\/\/brothersjewellery.com\/en\/wp-json\/wp\/v2\/product_cat?post=1769"},{"taxonomy":"product_tag","embeddable":true,"href":"https:\/\/brothersjewellery.com\/en\/wp-json\/wp\/v2\/product_tag?post=1769"}],"curies":[{"name":"wp","href":"https:\/\/api.w.org\/{rel}","templated":true}]}}