{"id":1770,"date":"2026-03-02T15:18:03","date_gmt":"2026-03-02T12:18:03","guid":{"rendered":"https:\/\/brothersjewellery.com\/urun\/115-kelvor\/"},"modified":"2026-04-01T01:17:55","modified_gmt":"2026-03-31T22:17:55","slug":"115-kelvor","status":"publish","type":"product","link":"https:\/\/brothersjewellery.com\/en\/product\/115-kelvor\/","title":{"rendered":"115- Kelvor"},"content":{"rendered":"","protected":false},"excerpt":{"rendered":"<p>1950\u201360\u2019lar\u0131n end\u00fcstriyel tasar\u0131m dilinden ilham alan karakterli bir signet y\u00fcz\u00fckt\u00fcr. Eski Chevrolet modellerinin krom detaylar\u0131n\u0131, vintage radyo d\u00fc\u011fmelerini ve klasik tost makinelerinin yumu\u015fak metal formlar\u0131n\u0131 hat\u0131rlatan \u00e7izgiler, tasar\u0131ma nostaljik bir g\u00fc\u00e7 kazand\u0131r\u0131r.<br \/>\n\u00dcst b\u00f6l\u00fcmdeki kabartmal\u0131 ritmik form \u0131\u015f\u0131\u011f\u0131 farkl\u0131 a\u00e7\u0131larda yakalayarak y\u00fcz\u00fc\u011fe hareket verir. Ak\u0131c\u0131 ge\u00e7i\u015fler ve dengeli hacim, Kelvor\u2019u hem klasik hem modern hissettiren bir par\u00e7aya d\u00f6n\u00fc\u015ft\u00fcr\u00fcr.<br \/>\nKapal\u0131\u00e7ar\u015f\u0131\u2019daki at\u00f6lyemizde el i\u015f\u00e7ili\u011fiyle \u00fcretilen Kelvor, retro end\u00fcstriyel esteti\u011fi g\u00fcnl\u00fck kullan\u0131ma ta\u015f\u0131yan zamans\u0131z bir statement y\u00fcz\u00fckt\u00fcr. Ge\u00e7mi\u015fin makine esteti\u011fi, \u00e7a\u011fda\u015f m\u00fccevher formunda yeniden yorumlan\u0131r.<br \/>\nRetro makine esteti\u011fi. Krom ruhu. Zamans\u0131z karakter.<\/p>","protected":false},"featured_media":1670,"comment_status":"open","ping_status":"closed","template":"","meta":[],"product_brand":[],"product_cat":[74,54],"product_tag":[],"class_list":{"0":"post-1770","1":"product","2":"type-product","3":"status-publish","4":"has-post-thumbnail","6":"product_cat-neoklasik-koleksiyon","7":"product_cat-yuzuk","9":"first","10":"instock","11":"shipping-taxable","12":"purchasable","13":"product-type-variable"},"_links":{"self":[{"href":"https:\/\/brothersjewellery.com\/en\/wp-json\/wp\/v2\/product\/1770","targetHints":{"allow":["GET"]}}],"collection":[{"href":"https:\/\/brothersjewellery.com\/en\/wp-json\/wp\/v2\/product"}],"about":[{"href":"https:\/\/brothersjewellery.com\/en\/wp-json\/wp\/v2\/types\/product"}],"replies":[{"embeddable":true,"href":"https:\/\/brothersjewellery.com\/en\/wp-json\/wp\/v2\/comments?post=1770"}],"wp:featuredmedia":[{"embeddable":true,"href":"https:\/\/brothersjewellery.com\/en\/wp-json\/wp\/v2\/media\/1670"}],"wp:attachment":[{"href":"https:\/\/brothersjewellery.com\/en\/wp-json\/wp\/v2\/media?parent=1770"}],"wp:term":[{"taxonomy":"product_brand","embeddable":true,"href":"https:\/\/brothersjewellery.com\/en\/wp-json\/wp\/v2\/product_brand?post=1770"},{"taxonomy":"product_cat","embeddable":true,"href":"https:\/\/brothersjewellery.com\/en\/wp-json\/wp\/v2\/product_cat?post=1770"},{"taxonomy":"product_tag","embeddable":true,"href":"https:\/\/brothersjewellery.com\/en\/wp-json\/wp\/v2\/product_tag?post=1770"}],"curies":[{"name":"wp","href":"https:\/\/api.w.org\/{rel}","templated":true}]}}