{"id":1771,"date":"2026-03-02T15:18:04","date_gmt":"2026-03-02T12:18:04","guid":{"rendered":"https:\/\/brothersjewellery.com\/urun\/116-selvor\/"},"modified":"2026-04-01T01:17:46","modified_gmt":"2026-03-31T22:17:46","slug":"116-selvor","status":"publish","type":"product","link":"https:\/\/brothersjewellery.com\/en\/product\/116-selvor\/","title":{"rendered":"116- Selvor"},"content":{"rendered":"","protected":false},"excerpt":{"rendered":"<p>Retro end\u00fcstriyel signet esteti\u011fini daha dekoratif bir y\u00fczey diliyle yorumlayan karakterli bir tasar\u0131md\u0131r. Diyagonal \u00e7izgiler ve merkezde yer alan gran\u00fcl detaylar, y\u00fcz\u00fc\u011fe ritim ve dokusal derinlik kazand\u0131r\u0131r.<br \/>\nI\u015f\u0131\u011f\u0131 farkl\u0131 a\u00e7\u0131larda yakalayan y\u00fczey yap\u0131s\u0131 Selvor\u2019u sade ama dikkat \u00e7ekici bir par\u00e7aya d\u00f6n\u00fc\u015ft\u00fcr\u00fcr. Vintage makine esteti\u011fi ile klasik m\u00fccevher dokusu aras\u0131nda dengeli bir ifade sunar.<br \/>\nKapal\u0131\u00e7ar\u015f\u0131\u2019daki at\u00f6lyemizde el i\u015f\u00e7ili\u011fiyle \u00fcretilen Selvor, retro karakteri modern kullan\u0131m i\u00e7in yeniden yorumlayan zamans\u0131z bir signet y\u00fcz\u00fckt\u00fcr. G\u00fcnl\u00fck kullan\u0131mda g\u00fc\u00e7l\u00fc ama rafine bir duru\u015f sunar.<br \/>\nDoku. Ritim. Retro karakter.<\/p>","protected":false},"featured_media":1675,"comment_status":"open","ping_status":"closed","template":"","meta":[],"product_brand":[],"product_cat":[74,54],"product_tag":[],"class_list":{"0":"post-1771","1":"product","2":"type-product","3":"status-publish","4":"has-post-thumbnail","6":"product_cat-neoklasik-koleksiyon","7":"product_cat-yuzuk","9":"first","10":"instock","11":"shipping-taxable","12":"purchasable","13":"product-type-variable"},"_links":{"self":[{"href":"https:\/\/brothersjewellery.com\/en\/wp-json\/wp\/v2\/product\/1771","targetHints":{"allow":["GET"]}}],"collection":[{"href":"https:\/\/brothersjewellery.com\/en\/wp-json\/wp\/v2\/product"}],"about":[{"href":"https:\/\/brothersjewellery.com\/en\/wp-json\/wp\/v2\/types\/product"}],"replies":[{"embeddable":true,"href":"https:\/\/brothersjewellery.com\/en\/wp-json\/wp\/v2\/comments?post=1771"}],"wp:featuredmedia":[{"embeddable":true,"href":"https:\/\/brothersjewellery.com\/en\/wp-json\/wp\/v2\/media\/1675"}],"wp:attachment":[{"href":"https:\/\/brothersjewellery.com\/en\/wp-json\/wp\/v2\/media?parent=1771"}],"wp:term":[{"taxonomy":"product_brand","embeddable":true,"href":"https:\/\/brothersjewellery.com\/en\/wp-json\/wp\/v2\/product_brand?post=1771"},{"taxonomy":"product_cat","embeddable":true,"href":"https:\/\/brothersjewellery.com\/en\/wp-json\/wp\/v2\/product_cat?post=1771"},{"taxonomy":"product_tag","embeddable":true,"href":"https:\/\/brothersjewellery.com\/en\/wp-json\/wp\/v2\/product_tag?post=1771"}],"curies":[{"name":"wp","href":"https:\/\/api.w.org\/{rel}","templated":true}]}}