{"id":1772,"date":"2026-03-02T15:18:04","date_gmt":"2026-03-02T12:18:04","guid":{"rendered":"https:\/\/brothersjewellery.com\/urun\/117-con-deco\/"},"modified":"2026-04-01T01:17:46","modified_gmt":"2026-03-31T22:17:46","slug":"117-con-deco","status":"publish","type":"product","link":"https:\/\/brothersjewellery.com\/en\/product\/117-con-deco\/","title":{"rendered":"117- Con-Deco"},"content":{"rendered":"","protected":false},"excerpt":{"rendered":"<p>betonun yal\u0131n g\u00fcc\u00fc ile Art Deco\u2019nun geometrik zarafetini bir araya getiren mimari bir signet yorumudur. Y\u00fckseltilmi\u015f merkez form, modernist yap\u0131lardaki blok hissini yans\u0131t\u0131rken keskin hatlar tasar\u0131ma netlik ve ritim kazand\u0131r\u0131r.<br \/>\nBrutalist y\u00fczey karakteri ile Art Deco simetrisi aras\u0131ndaki gerilim, y\u00fcz\u00fc\u011f\u00fcn en g\u00fc\u00e7l\u00fc ifadesini olu\u015fturur. Minimal fakat etkili form dili, par\u00e7ay\u0131 zamans\u0131z bir statement y\u00fcz\u00fc\u011fe d\u00f6n\u00fc\u015ft\u00fcr\u00fcr.<br \/>\nKapal\u0131\u00e7ar\u015f\u0131\u2019daki at\u00f6lyemizde el i\u015f\u00e7ili\u011fiyle \u00fcretilen Con-Deco, end\u00fcstriyel estetik ile klasik kuyumculuk aras\u0131nda bir k\u00f6pr\u00fc kurar. Sessiz, mimari ve g\u00fc\u00e7l\u00fc.<br \/>\nBetonun \u00e7ekicili\u011fi. Geometrinin disiplini. Postmodern bir duru\u015f.<\/p>","protected":false},"featured_media":1679,"comment_status":"open","ping_status":"closed","template":"","meta":[],"product_brand":[],"product_cat":[73,54],"product_tag":[],"class_list":{"0":"post-1772","1":"product","2":"type-product","3":"status-publish","4":"has-post-thumbnail","6":"product_cat-signet-koleksiyonu","7":"product_cat-yuzuk","9":"first","10":"instock","11":"shipping-taxable","12":"purchasable","13":"product-type-variable"},"_links":{"self":[{"href":"https:\/\/brothersjewellery.com\/en\/wp-json\/wp\/v2\/product\/1772","targetHints":{"allow":["GET"]}}],"collection":[{"href":"https:\/\/brothersjewellery.com\/en\/wp-json\/wp\/v2\/product"}],"about":[{"href":"https:\/\/brothersjewellery.com\/en\/wp-json\/wp\/v2\/types\/product"}],"replies":[{"embeddable":true,"href":"https:\/\/brothersjewellery.com\/en\/wp-json\/wp\/v2\/comments?post=1772"}],"wp:featuredmedia":[{"embeddable":true,"href":"https:\/\/brothersjewellery.com\/en\/wp-json\/wp\/v2\/media\/1679"}],"wp:attachment":[{"href":"https:\/\/brothersjewellery.com\/en\/wp-json\/wp\/v2\/media?parent=1772"}],"wp:term":[{"taxonomy":"product_brand","embeddable":true,"href":"https:\/\/brothersjewellery.com\/en\/wp-json\/wp\/v2\/product_brand?post=1772"},{"taxonomy":"product_cat","embeddable":true,"href":"https:\/\/brothersjewellery.com\/en\/wp-json\/wp\/v2\/product_cat?post=1772"},{"taxonomy":"product_tag","embeddable":true,"href":"https:\/\/brothersjewellery.com\/en\/wp-json\/wp\/v2\/product_tag?post=1772"}],"curies":[{"name":"wp","href":"https:\/\/api.w.org\/{rel}","templated":true}]}}